{"id":9854,"date":"2025-10-09T00:00:00","date_gmt":"2025-10-08T22:00:00","guid":{"rendered":"https:\/\/yotavis.ch\/product\/mg3710e-062\/"},"modified":"2026-03-02T16:43:53","modified_gmt":"2026-03-02T15:43:53","slug":"mg3710e-062","status":"publish","type":"product","link":"https:\/\/yotavis.ch\/fr\/produit\/mg3710e-062\/","title":{"rendered":"MG3710E-062"},"content":{"rendered":"<p>Le MG3710E-062 d'Anritsu est un g\u00e9n\u00e9rateur vectoriel RF de haute performance con\u00e7u pour les besoins de g\u00e9n\u00e9ration de signaux avanc\u00e9s. Fonctionnant \u00e0 une fr\u00e9quence de 2700 MHz avec une amplitude de 30 dBm, ce g\u00e9n\u00e9rateur \u00e0 deux canaux offre un bruit de phase exceptionnel de -131 dBc\/Hz et une bande passante IQ de 120 MHz. Id\u00e9al pour les applications n\u00e9cessitant des signaux RF pr\u00e9cis et stables, il prend en charge les sc\u00e9narios de modulation et de test complexes dans les domaines des communications et du d\u00e9veloppement \u00e9lectronique. Disponible dans la boutique en ligne, le MG3710E-062 associe des sp\u00e9cifications robustes \u00e0 une fiabilit\u00e9 de niveau professionnel, ce qui en fait un outil pr\u00e9cieux pour les ing\u00e9nieurs et les techniciens travaillant dans le domaine de la g\u00e9n\u00e9ration et de l'analyse de signaux RF.<\/p>","protected":false},"excerpt":{"rendered":"<p>G\u00e9n\u00e9rateur de signaux vectoriels 100kHz \u00e0 2,7GHz<\/p>","protected":false},"featured_media":10162,"comment_status":"closed","ping_status":"closed","template":"","meta":{"_acf_changed":false,"slim_seo":{"title":"MG3710E-062 - YOTAVIS AG","description":"G\u00e9n\u00e9rateur de signaux vectoriels 100kHz \u00e0 2,7GHz"}},"product_brand":[758],"product_cat":[513,522],"product_tag":[],"class_list":{"0":"post-9854","1":"product","2":"type-product","3":"status-publish","4":"has-post-thumbnail","6":"product_brand-anritsu","7":"product_cat-generator","8":"product_cat-rf-vector-generator","9":"pa_amplitude-dbm-276","10":"pa_channels-350","11":"pa_frequency-mhz-756","12":"pa_iq-bandwidth-mhz-757","14":"first","15":"instock","16":"taxable","17":"shipping-taxable","18":"product-type-simple"},"acf":[],"_links":{"self":[{"href":"https:\/\/yotavis.ch\/fr\/wp-json\/wp\/v2\/product\/9854","targetHints":{"allow":["GET"]}}],"collection":[{"href":"https:\/\/yotavis.ch\/fr\/wp-json\/wp\/v2\/product"}],"about":[{"href":"https:\/\/yotavis.ch\/fr\/wp-json\/wp\/v2\/types\/product"}],"replies":[{"embeddable":true,"href":"https:\/\/yotavis.ch\/fr\/wp-json\/wp\/v2\/comments?post=9854"}],"wp:featuredmedia":[{"embeddable":true,"href":"https:\/\/yotavis.ch\/fr\/wp-json\/wp\/v2\/media\/10162"}],"wp:attachment":[{"href":"https:\/\/yotavis.ch\/fr\/wp-json\/wp\/v2\/media?parent=9854"}],"wp:term":[{"taxonomy":"product_brand","embeddable":true,"href":"https:\/\/yotavis.ch\/fr\/wp-json\/wp\/v2\/product_brand?post=9854"},{"taxonomy":"product_cat","embeddable":true,"href":"https:\/\/yotavis.ch\/fr\/wp-json\/wp\/v2\/product_cat?post=9854"},{"taxonomy":"product_tag","embeddable":true,"href":"https:\/\/yotavis.ch\/fr\/wp-json\/wp\/v2\/product_tag?post=9854"}],"curies":[{"name":"wp","href":"https:\/\/api.w.org\/{rel}","templated":true}]}}