{"id":9855,"date":"2025-10-09T00:00:00","date_gmt":"2025-10-08T22:00:00","guid":{"rendered":"https:\/\/yotavis.ch\/product\/mg3710e-064\/"},"modified":"2026-03-02T16:43:53","modified_gmt":"2026-03-02T15:43:53","slug":"mg3710e-064","status":"publish","type":"product","link":"https:\/\/yotavis.ch\/fr\/produit\/mg3710e-064\/","title":{"rendered":"MG3710E-064"},"content":{"rendered":"<p>Le MG3710E-064 d'Anritsu est un g\u00e9n\u00e9rateur vectoriel RF de haute performance con\u00e7u pour les besoins de g\u00e9n\u00e9ration de signaux avanc\u00e9s. Fonctionnant \u00e0 une fr\u00e9quence de 4000 MHz avec une amplitude de 30 dBm, ce g\u00e9n\u00e9rateur \u00e0 deux canaux offre une sortie de signal pr\u00e9cise, id\u00e9ale pour les tests et le d\u00e9veloppement dans le domaine des t\u00e9l\u00e9communications et de la recherche \u00e9lectronique. Dot\u00e9 d'un faible bruit de phase de -131 dBc\/Hz et d'une bande passante IQ de 120 MHz, il assure une g\u00e9n\u00e9ration de signaux pr\u00e9cise et stable pour les sch\u00e9mas de modulation complexes. Adapt\u00e9 aux environnements de laboratoire et de production, le MG3710E-064 prend en charge des applications de test RF sophistiqu\u00e9es, ce qui en fait un outil essentiel pour les ing\u00e9nieurs qui ont besoin d'une g\u00e9n\u00e9ration de signaux vectoriels fiable et polyvalente. Disponible dans la boutique en ligne, il associe une technologie de pointe \u00e0 une utilisation conviviale pour une productivit\u00e9 accrue.<\/p>","protected":false},"excerpt":{"rendered":"<p>G\u00e9n\u00e9rateur de signaux vectoriels 100kHz \u00e0 4GHz<\/p>","protected":false},"featured_media":10162,"comment_status":"closed","ping_status":"closed","template":"","meta":{"_acf_changed":false,"slim_seo":{"title":"MG3710E-064 - YOTAVIS AG","description":"G\u00e9n\u00e9rateur de signaux vectoriels 100kHz \u00e0 4GHz"}},"product_brand":[758],"product_cat":[513,522],"product_tag":[],"class_list":{"0":"post-9855","1":"product","2":"type-product","3":"status-publish","4":"has-post-thumbnail","6":"product_brand-anritsu","7":"product_cat-generator","8":"product_cat-rf-vector-generator","9":"pa_amplitude-dbm-276","10":"pa_channels-350","11":"pa_frequency-mhz-174","12":"pa_iq-bandwidth-mhz-757","14":"first","15":"instock","16":"taxable","17":"shipping-taxable","18":"product-type-simple"},"acf":[],"_links":{"self":[{"href":"https:\/\/yotavis.ch\/fr\/wp-json\/wp\/v2\/product\/9855","targetHints":{"allow":["GET"]}}],"collection":[{"href":"https:\/\/yotavis.ch\/fr\/wp-json\/wp\/v2\/product"}],"about":[{"href":"https:\/\/yotavis.ch\/fr\/wp-json\/wp\/v2\/types\/product"}],"replies":[{"embeddable":true,"href":"https:\/\/yotavis.ch\/fr\/wp-json\/wp\/v2\/comments?post=9855"}],"wp:featuredmedia":[{"embeddable":true,"href":"https:\/\/yotavis.ch\/fr\/wp-json\/wp\/v2\/media\/10162"}],"wp:attachment":[{"href":"https:\/\/yotavis.ch\/fr\/wp-json\/wp\/v2\/media?parent=9855"}],"wp:term":[{"taxonomy":"product_brand","embeddable":true,"href":"https:\/\/yotavis.ch\/fr\/wp-json\/wp\/v2\/product_brand?post=9855"},{"taxonomy":"product_cat","embeddable":true,"href":"https:\/\/yotavis.ch\/fr\/wp-json\/wp\/v2\/product_cat?post=9855"},{"taxonomy":"product_tag","embeddable":true,"href":"https:\/\/yotavis.ch\/fr\/wp-json\/wp\/v2\/product_tag?post=9855"}],"curies":[{"name":"wp","href":"https:\/\/api.w.org\/{rel}","templated":true}]}}