{"id":9857,"date":"2025-10-09T00:00:00","date_gmt":"2025-10-08T22:00:00","guid":{"rendered":"https:\/\/yotavis.ch\/product\/ms2850a-047\/"},"modified":"2026-04-24T13:37:25","modified_gmt":"2026-04-24T11:37:25","slug":"ms2850a-047","status":"publish","type":"product","link":"https:\/\/yotavis.ch\/fr\/produit\/ms2850a-047\/","title":{"rendered":"MS2850A-047"},"content":{"rendered":"<p>L'Anritsu MS2850A-047 est un analyseur de signaux con\u00e7u pour fonctionner sur une gamme de fr\u00e9quences allant de 9 kHz \u00e0 32 GHz, ce qui le rend adapt\u00e9 \u00e0 une grande vari\u00e9t\u00e9 d'applications d'analyse de signaux. Il pr\u00e9sente une sp\u00e9cification de bruit de phase de -130 dBc\/Hz, ce qui indique sa capacit\u00e9 \u00e0 mesurer la puret\u00e9 du signal avec pr\u00e9cision. L'appareil prend en charge une largeur de bande d'analyse de 1000 MHz, ce qui permet un examen d\u00e9taill\u00e9 des composantes du signal dans cette plage. Son niveau de bruit moyen affich\u00e9 (DANL) est de -142 dBm\/Hz, ce qui refl\u00e8te sa sensibilit\u00e9 aux signaux de faible niveau. La fr\u00e9quence maximale qu'il peut traiter est de 32 000 MHz, tandis que la fr\u00e9quence minimale est de 9 000 Hz. Ce mod\u00e8le n'est pas portable, ce qui signifie qu'il est con\u00e7u pour une utilisation stationnaire en laboratoire ou dans des environnements industriels. Le MS2850A-047 ne comprend pas de fonctions d'analyse de spectre en temps r\u00e9el (RTSA). Ces sp\u00e9cifications soulignent que l'instrument se concentre sur l'analyse des signaux haute fr\u00e9quence avec une large bande passante et un faible bruit de fond.<\/p>","protected":false},"excerpt":{"rendered":"<p>Analyseur de signaux 9kHz \u00e0 32GHz<\/p>","protected":false},"featured_media":10172,"comment_status":"closed","ping_status":"closed","template":"","meta":{"_acf_changed":false,"slim_seo":{"title":"MS2850A-047 - YOTAVIS AG","description":"Analyseur de signaux 9kHz \u00e0 32GHz"}},"product_brand":[758],"product_cat":[523,524],"product_tag":[],"class_list":{"0":"post-9857","1":"product","2":"type-product","3":"status-publish","4":"has-post-thumbnail","6":"product_brand-anritsu","7":"product_cat-analyser","8":"product_cat-signal-spectrum-analyser","9":"pa_analysis-bandwidth-mhz-760","10":"pa_danl-dbm-hz-761","11":"pa_frequency-max-mhz-759","12":"pa_frequency-min-hz-177","13":"pa_handheld-no","14":"pa_rtsa-no","16":"first","17":"instock","18":"taxable","19":"shipping-taxable","20":"product-type-simple"},"acf":[],"_links":{"self":[{"href":"https:\/\/yotavis.ch\/fr\/wp-json\/wp\/v2\/product\/9857","targetHints":{"allow":["GET"]}}],"collection":[{"href":"https:\/\/yotavis.ch\/fr\/wp-json\/wp\/v2\/product"}],"about":[{"href":"https:\/\/yotavis.ch\/fr\/wp-json\/wp\/v2\/types\/product"}],"replies":[{"embeddable":true,"href":"https:\/\/yotavis.ch\/fr\/wp-json\/wp\/v2\/comments?post=9857"}],"wp:featuredmedia":[{"embeddable":true,"href":"https:\/\/yotavis.ch\/fr\/wp-json\/wp\/v2\/media\/10172"}],"wp:attachment":[{"href":"https:\/\/yotavis.ch\/fr\/wp-json\/wp\/v2\/media?parent=9857"}],"wp:term":[{"taxonomy":"product_brand","embeddable":true,"href":"https:\/\/yotavis.ch\/fr\/wp-json\/wp\/v2\/product_brand?post=9857"},{"taxonomy":"product_cat","embeddable":true,"href":"https:\/\/yotavis.ch\/fr\/wp-json\/wp\/v2\/product_cat?post=9857"},{"taxonomy":"product_tag","embeddable":true,"href":"https:\/\/yotavis.ch\/fr\/wp-json\/wp\/v2\/product_tag?post=9857"}],"curies":[{"name":"wp","href":"https:\/\/api.w.org\/{rel}","templated":true}]}}