{"id":9859,"date":"2025-10-09T00:00:00","date_gmt":"2025-10-08T22:00:00","guid":{"rendered":"https:\/\/yotavis.ch\/product\/ms2840a-041\/"},"modified":"2026-04-24T13:37:26","modified_gmt":"2026-04-24T11:37:26","slug":"ms2840a-041","status":"publish","type":"product","link":"https:\/\/yotavis.ch\/fr\/produit\/ms2840a-041\/","title":{"rendered":"MS2840A-041"},"content":{"rendered":"<p>L'analyseur de signaux Anritsu MS2840A-041 fonctionne sur une plage de fr\u00e9quences allant de 9 kHz \u00e0 3,6 GHz, fournissant un outil polyvalent pour l'analyse des signaux dans ce spectre. Il pr\u00e9sente une sp\u00e9cification de bruit de phase de -138 dBc\/Hz, ce qui est essentiel pour \u00e9valuer la puret\u00e9 et la stabilit\u00e9 du signal. L'appareil prend en charge une largeur de bande d'analyse de 125 MHz, ce qui permet d'examiner en d\u00e9tail les composantes du signal dans cette plage. Le niveau de bruit affich\u00e9, ou DANL, est \u00e9valu\u00e9 \u00e0 -153 dBm\/Hz, ce qui indique la sensibilit\u00e9 de l'instrument dans la d\u00e9tection des signaux de faible niveau. L'analyseur n'est pas portatif, ce qui sugg\u00e8re qu'il est con\u00e7u pour \u00eatre utilis\u00e9 sur un banc ou une installation fixe. Il ne comprend pas de fonctions d'analyse de spectre en temps r\u00e9el (RTSA). La gamme de fr\u00e9quences s'\u00e9tend d'un minimum de 9 000 Hz \u00e0 un maximum de 3 600 MHz, couvrant un large spectre adapt\u00e9 \u00e0 diverses applications. Ce mod\u00e8le ne pr\u00e9sente pas de caract\u00e9ristiques suppl\u00e9mentaires telles que la puissance, la tension, le courant ou les sp\u00e9cifications de la m\u00e9moire.<\/p>","protected":false},"excerpt":{"rendered":"<p>Analyseur de signaux 9kHz \u00e0 3,6GHz<\/p>","protected":false},"featured_media":10179,"comment_status":"closed","ping_status":"closed","template":"","meta":{"_acf_changed":false,"slim_seo":{"title":"MS2840A-041 - YOTAVIS AG","description":"Analyseur de signaux 9kHz \u00e0 3,6GHz"}},"product_brand":[758],"product_cat":[523,524],"product_tag":[],"class_list":{"0":"post-9859","1":"product","2":"type-product","3":"status-publish","4":"has-post-thumbnail","6":"product_brand-anritsu","7":"product_cat-analyser","8":"product_cat-signal-spectrum-analyser","9":"pa_analysis-bandwidth-mhz-763","10":"pa_danl-dbm-hz-764","11":"pa_frequency-max-mhz-434","12":"pa_frequency-min-hz-177","13":"pa_handheld-no","14":"pa_rtsa-no","16":"first","17":"instock","18":"taxable","19":"shipping-taxable","20":"product-type-simple"},"acf":[],"_links":{"self":[{"href":"https:\/\/yotavis.ch\/fr\/wp-json\/wp\/v2\/product\/9859","targetHints":{"allow":["GET"]}}],"collection":[{"href":"https:\/\/yotavis.ch\/fr\/wp-json\/wp\/v2\/product"}],"about":[{"href":"https:\/\/yotavis.ch\/fr\/wp-json\/wp\/v2\/types\/product"}],"replies":[{"embeddable":true,"href":"https:\/\/yotavis.ch\/fr\/wp-json\/wp\/v2\/comments?post=9859"}],"wp:featuredmedia":[{"embeddable":true,"href":"https:\/\/yotavis.ch\/fr\/wp-json\/wp\/v2\/media\/10179"}],"wp:attachment":[{"href":"https:\/\/yotavis.ch\/fr\/wp-json\/wp\/v2\/media?parent=9859"}],"wp:term":[{"taxonomy":"product_brand","embeddable":true,"href":"https:\/\/yotavis.ch\/fr\/wp-json\/wp\/v2\/product_brand?post=9859"},{"taxonomy":"product_cat","embeddable":true,"href":"https:\/\/yotavis.ch\/fr\/wp-json\/wp\/v2\/product_cat?post=9859"},{"taxonomy":"product_tag","embeddable":true,"href":"https:\/\/yotavis.ch\/fr\/wp-json\/wp\/v2\/product_tag?post=9859"}],"curies":[{"name":"wp","href":"https:\/\/api.w.org\/{rel}","templated":true}]}}