{"id":9860,"date":"2025-10-09T00:00:00","date_gmt":"2025-10-08T22:00:00","guid":{"rendered":"https:\/\/yotavis.ch\/product\/ms2840a-042\/"},"modified":"2026-04-24T13:37:27","modified_gmt":"2026-04-24T11:37:27","slug":"ms2840a-042","status":"publish","type":"product","link":"https:\/\/yotavis.ch\/fr\/produit\/ms2840a-042\/","title":{"rendered":"MS2840A-042"},"content":{"rendered":"<p>L'analyseur de signaux Anritsu MS2840A-042 fonctionne sur une plage de fr\u00e9quences allant de 9 kHz \u00e0 6 GHz, fournissant un outil polyvalent pour l'analyse des signaux dans ce spectre. Il pr\u00e9sente une sp\u00e9cification de bruit de phase de -138 dBc\/Hz, ce qui est essentiel pour \u00e9valuer la puret\u00e9 et la stabilit\u00e9 du signal. L'appareil prend en charge une largeur de bande d'analyse de 125 MHz, ce qui permet un examen d\u00e9taill\u00e9 des composantes du signal dans cette plage. Le niveau de bruit moyen affich\u00e9 (DANL) est de -153 dBm\/Hz, ce qui indique la sensibilit\u00e9 de l'instrument \u00e0 d\u00e9tecter les signaux de faible niveau. L'analyseur n'est pas portatif, ce qui sugg\u00e8re qu'il est con\u00e7u pour \u00eatre utilis\u00e9 sur un banc ou une installation fixe. Il ne comprend pas de fonctions d'analyse de spectre en temps r\u00e9el (RTSA). Les valeurs minimales et maximales de la fr\u00e9quence sont respectivement de 9 000 Hz et 6 000 MHz, ce qui couvre un large spectre adapt\u00e9 \u00e0 diverses applications. Ce mod\u00e8le ne pr\u00e9sente pas de caract\u00e9ristiques suppl\u00e9mentaires telles que la puissance, la tension, le courant, la profondeur de m\u00e9moire ou les options d'interface dans les informations fournies.<\/p>","protected":false},"excerpt":{"rendered":"<p>Analyseur de signaux 9 kHz \u00e0 6 GHz<\/p>","protected":false},"featured_media":10179,"comment_status":"closed","ping_status":"closed","template":"","meta":{"_acf_changed":false,"slim_seo":{"title":"MS2840A-042 - YOTAVIS AG","description":"Analyseur de signaux 9 kHz \u00e0 6 GHz"}},"product_brand":[758],"product_cat":[523,524],"product_tag":[],"class_list":{"0":"post-9860","1":"product","2":"type-product","3":"status-publish","4":"has-post-thumbnail","6":"product_brand-anritsu","7":"product_cat-analyser","8":"product_cat-signal-spectrum-analyser","9":"pa_analysis-bandwidth-mhz-763","10":"pa_danl-dbm-hz-764","11":"pa_frequency-max-mhz-647","12":"pa_frequency-min-hz-177","13":"pa_handheld-no","14":"pa_rtsa-no","16":"first","17":"instock","18":"taxable","19":"shipping-taxable","20":"product-type-simple"},"acf":[],"_links":{"self":[{"href":"https:\/\/yotavis.ch\/fr\/wp-json\/wp\/v2\/product\/9860","targetHints":{"allow":["GET"]}}],"collection":[{"href":"https:\/\/yotavis.ch\/fr\/wp-json\/wp\/v2\/product"}],"about":[{"href":"https:\/\/yotavis.ch\/fr\/wp-json\/wp\/v2\/types\/product"}],"replies":[{"embeddable":true,"href":"https:\/\/yotavis.ch\/fr\/wp-json\/wp\/v2\/comments?post=9860"}],"wp:featuredmedia":[{"embeddable":true,"href":"https:\/\/yotavis.ch\/fr\/wp-json\/wp\/v2\/media\/10179"}],"wp:attachment":[{"href":"https:\/\/yotavis.ch\/fr\/wp-json\/wp\/v2\/media?parent=9860"}],"wp:term":[{"taxonomy":"product_brand","embeddable":true,"href":"https:\/\/yotavis.ch\/fr\/wp-json\/wp\/v2\/product_brand?post=9860"},{"taxonomy":"product_cat","embeddable":true,"href":"https:\/\/yotavis.ch\/fr\/wp-json\/wp\/v2\/product_cat?post=9860"},{"taxonomy":"product_tag","embeddable":true,"href":"https:\/\/yotavis.ch\/fr\/wp-json\/wp\/v2\/product_tag?post=9860"}],"curies":[{"name":"wp","href":"https:\/\/api.w.org\/{rel}","templated":true}]}}