{"id":9861,"date":"2025-10-09T00:00:00","date_gmt":"2025-10-08T22:00:00","guid":{"rendered":"https:\/\/yotavis.ch\/product\/ms2840a-044\/"},"modified":"2026-04-24T13:37:27","modified_gmt":"2026-04-24T11:37:27","slug":"ms2840a-044","status":"publish","type":"product","link":"https:\/\/yotavis.ch\/fr\/produit\/ms2840a-044\/","title":{"rendered":"MS2840A-044"},"content":{"rendered":"<p>L'analyseur de signaux Anritsu MS2840A-044 fonctionne sur une gamme de fr\u00e9quences allant de 9 kHz \u00e0 26,5 GHz, offrant une couverture \u00e9tendue pour diverses applications d'analyse de signaux. Il offre une capacit\u00e9 de fr\u00e9quence maximale de 26 500 MHz et une fr\u00e9quence minimale de 9 000 Hz. L'appareil offre une largeur de bande d'analyse de 125 MHz, ce qui permet un examen d\u00e9taill\u00e9 des caract\u00e9ristiques du signal dans cette plage. Le bruit de phase est \u00e9valu\u00e9 \u00e0 -123 dBc\/Hz, ce qui contribue \u00e0 la pr\u00e9cision des mesures. En outre, l'analyseur de signaux pr\u00e9sente un niveau de bruit moyen affich\u00e9 (DANL) de -153 dBm\/Hz, ce qui indique sa sensibilit\u00e9 aux signaux de faible niveau. Ce mod\u00e8le n'est pas portatif, ce qui signifie qu'il est con\u00e7u pour \u00eatre utilis\u00e9 sur un banc ou une installation fixe. La combinaison de ces sp\u00e9cifications rend le MS2840A-044 adapt\u00e9 \u00e0 une large gamme de t\u00e2ches d'analyse de signaux n\u00e9cessitant des capacit\u00e9s de haute fr\u00e9quence et de bande passante.<\/p>","protected":false},"excerpt":{"rendered":"<p>Analyseur de signaux 9 kHz \u00e0 26,5 GH<\/p>","protected":false},"featured_media":10179,"comment_status":"closed","ping_status":"closed","template":"","meta":{"_acf_changed":false,"slim_seo":{"title":"MS2840A-044 - YOTAVIS AG","description":"Analyseur de signaux 9 kHz \u00e0 26,5 GH"}},"product_brand":[758],"product_cat":[523,524],"product_tag":[],"class_list":{"0":"post-9861","1":"product","2":"type-product","3":"status-publish","4":"has-post-thumbnail","6":"product_brand-anritsu","7":"product_cat-analyser","8":"product_cat-signal-spectrum-analyser","9":"pa_analysis-bandwidth-mhz-763","10":"pa_danl-dbm-hz-764","11":"pa_frequency-max-mhz-465","12":"pa_frequency-min-hz-177","13":"pa_handheld-no","14":"pa_rtsa-no","16":"first","17":"instock","18":"taxable","19":"shipping-taxable","20":"product-type-simple"},"acf":[],"_links":{"self":[{"href":"https:\/\/yotavis.ch\/fr\/wp-json\/wp\/v2\/product\/9861","targetHints":{"allow":["GET"]}}],"collection":[{"href":"https:\/\/yotavis.ch\/fr\/wp-json\/wp\/v2\/product"}],"about":[{"href":"https:\/\/yotavis.ch\/fr\/wp-json\/wp\/v2\/types\/product"}],"replies":[{"embeddable":true,"href":"https:\/\/yotavis.ch\/fr\/wp-json\/wp\/v2\/comments?post=9861"}],"wp:featuredmedia":[{"embeddable":true,"href":"https:\/\/yotavis.ch\/fr\/wp-json\/wp\/v2\/media\/10179"}],"wp:attachment":[{"href":"https:\/\/yotavis.ch\/fr\/wp-json\/wp\/v2\/media?parent=9861"}],"wp:term":[{"taxonomy":"product_brand","embeddable":true,"href":"https:\/\/yotavis.ch\/fr\/wp-json\/wp\/v2\/product_brand?post=9861"},{"taxonomy":"product_cat","embeddable":true,"href":"https:\/\/yotavis.ch\/fr\/wp-json\/wp\/v2\/product_cat?post=9861"},{"taxonomy":"product_tag","embeddable":true,"href":"https:\/\/yotavis.ch\/fr\/wp-json\/wp\/v2\/product_tag?post=9861"}],"curies":[{"name":"wp","href":"https:\/\/api.w.org\/{rel}","templated":true}]}}