{"id":9863,"date":"2025-10-09T00:00:00","date_gmt":"2025-10-08T22:00:00","guid":{"rendered":"https:\/\/yotavis.ch\/product\/ms2830a-040\/"},"modified":"2026-04-24T13:37:28","modified_gmt":"2026-04-24T11:37:28","slug":"ms2830a-040","status":"publish","type":"product","link":"https:\/\/yotavis.ch\/fr\/produit\/ms2830a-040\/","title":{"rendered":"MS2830A-040"},"content":{"rendered":"<p>L'Anritsu MS2830A-040 est un analyseur de signaux con\u00e7u pour fonctionner dans une gamme de fr\u00e9quences allant de 9 kHz \u00e0 3,6 GHz. Il dispose d'une largeur de bande d'analyse de 125 MHz, ce qui permet un examen d\u00e9taill\u00e9 des caract\u00e9ristiques du signal \u00e0 l'int\u00e9rieur de ce spectre. L'appareil offre un bruit de phase de -118 dBc\/Hz, ce qui contribue \u00e0 sa capacit\u00e9 d'analyse pr\u00e9cise des signaux. En outre, l'analyseur a un niveau de bruit affich\u00e9 (DANL) de -153 dBm\/Hz, ce qui indique sa sensibilit\u00e9 dans la d\u00e9tection des signaux de faible niveau. Ce mod\u00e8le n'est pas portable, ce qui signifie qu'il est destin\u00e9 \u00e0 \u00eatre utilis\u00e9 dans des installations fixes ou des environnements de laboratoire. La gamme de fr\u00e9quences s'\u00e9tend d'un minimum de 9 000 Hz \u00e0 un maximum de 3 600 MHz, couvrant un large spectre adapt\u00e9 \u00e0 diverses applications d'analyse de signaux. Le MS2830A-040 n'inclut pas la fonctionnalit\u00e9 d'analyse de spectre en temps r\u00e9el (RTSA).<\/p>","protected":false},"excerpt":{"rendered":"<p>Analyseur de signaux 9 kHz \u00e0 3,6 GHz<\/p>","protected":false},"featured_media":10181,"comment_status":"closed","ping_status":"closed","template":"","meta":{"_acf_changed":false,"slim_seo":{"title":"MS2830A-040 - YOTAVIS AG","description":"Analyseur de signaux 9 kHz \u00e0 3,6 GHz"}},"product_brand":[758],"product_cat":[523,524],"product_tag":[],"class_list":{"0":"post-9863","1":"product","2":"type-product","3":"status-publish","4":"has-post-thumbnail","6":"product_brand-anritsu","7":"product_cat-analyser","8":"product_cat-signal-spectrum-analyser","9":"pa_analysis-bandwidth-mhz-763","10":"pa_danl-dbm-hz-764","11":"pa_frequency-max-mhz-434","12":"pa_frequency-min-hz-177","13":"pa_handheld-no","14":"pa_rtsa-no","16":"first","17":"instock","18":"taxable","19":"shipping-taxable","20":"product-type-simple"},"acf":[],"_links":{"self":[{"href":"https:\/\/yotavis.ch\/fr\/wp-json\/wp\/v2\/product\/9863","targetHints":{"allow":["GET"]}}],"collection":[{"href":"https:\/\/yotavis.ch\/fr\/wp-json\/wp\/v2\/product"}],"about":[{"href":"https:\/\/yotavis.ch\/fr\/wp-json\/wp\/v2\/types\/product"}],"replies":[{"embeddable":true,"href":"https:\/\/yotavis.ch\/fr\/wp-json\/wp\/v2\/comments?post=9863"}],"wp:featuredmedia":[{"embeddable":true,"href":"https:\/\/yotavis.ch\/fr\/wp-json\/wp\/v2\/media\/10181"}],"wp:attachment":[{"href":"https:\/\/yotavis.ch\/fr\/wp-json\/wp\/v2\/media?parent=9863"}],"wp:term":[{"taxonomy":"product_brand","embeddable":true,"href":"https:\/\/yotavis.ch\/fr\/wp-json\/wp\/v2\/product_brand?post=9863"},{"taxonomy":"product_cat","embeddable":true,"href":"https:\/\/yotavis.ch\/fr\/wp-json\/wp\/v2\/product_cat?post=9863"},{"taxonomy":"product_tag","embeddable":true,"href":"https:\/\/yotavis.ch\/fr\/wp-json\/wp\/v2\/product_tag?post=9863"}],"curies":[{"name":"wp","href":"https:\/\/api.w.org\/{rel}","templated":true}]}}