{"id":9864,"date":"2025-10-09T00:00:00","date_gmt":"2025-10-08T22:00:00","guid":{"rendered":"https:\/\/yotavis.ch\/product\/ms2830a-041\/"},"modified":"2026-04-24T13:37:29","modified_gmt":"2026-04-24T11:37:29","slug":"ms2830a-041","status":"publish","type":"product","link":"https:\/\/yotavis.ch\/fr\/produit\/ms2830a-041\/","title":{"rendered":"MS2830A-041"},"content":{"rendered":"<p>L'analyseur de signaux Anritsu MS2830A-041 fonctionne sur une gamme de fr\u00e9quences allant de 9 kHz \u00e0 6 GHz, fournissant un outil polyvalent pour l'analyse des signaux dans ce spectre. Il pr\u00e9sente une sp\u00e9cification de bruit de phase de -118 dBc\/Hz, ce qui est essentiel pour \u00e9valuer la puret\u00e9 et la stabilit\u00e9 du signal. L'appareil prend en charge une largeur de bande d'analyse de 125 MHz, ce qui permet d'examiner en d\u00e9tail les composantes du signal dans cette plage. Le niveau de bruit affich\u00e9, ou DANL, est \u00e9valu\u00e9 \u00e0 -153 dBm\/Hz, ce qui indique la sensibilit\u00e9 de l'instrument dans la d\u00e9tection des signaux de faible niveau. La capacit\u00e9 de fr\u00e9quence maximale s'\u00e9tend jusqu'\u00e0 6000 MHz, tandis que la fr\u00e9quence minimale qu'il peut analyser commence \u00e0 9000 Hz. Ce mod\u00e8le n'est pas portatif, ce qui sugg\u00e8re qu'il est con\u00e7u pour une utilisation sur table ou une installation fixe. Le MS2830A-041 n'inclut pas la fonctionnalit\u00e9 d'analyse de spectre en temps r\u00e9el (RTSA), se concentrant plut\u00f4t sur les m\u00e9thodes traditionnelles d'analyse de signaux.<\/p>","protected":false},"excerpt":{"rendered":"<p>Analyseur de signaux 9 kHz \u00e0 6 GHz<\/p>","protected":false},"featured_media":10181,"comment_status":"closed","ping_status":"closed","template":"","meta":{"_acf_changed":false,"slim_seo":{"title":"MS2830A-041 - YOTAVIS AG","description":"Analyseur de signaux 9 kHz \u00e0 6 GHz"}},"product_brand":[758],"product_cat":[523,524],"product_tag":[],"class_list":{"0":"post-9864","1":"product","2":"type-product","3":"status-publish","4":"has-post-thumbnail","6":"product_brand-anritsu","7":"product_cat-analyser","8":"product_cat-signal-spectrum-analyser","9":"pa_analysis-bandwidth-mhz-763","10":"pa_danl-dbm-hz-764","11":"pa_frequency-max-mhz-647","12":"pa_frequency-min-hz-177","13":"pa_handheld-no","14":"pa_rtsa-no","16":"first","17":"instock","18":"taxable","19":"shipping-taxable","20":"product-type-simple"},"acf":[],"_links":{"self":[{"href":"https:\/\/yotavis.ch\/fr\/wp-json\/wp\/v2\/product\/9864","targetHints":{"allow":["GET"]}}],"collection":[{"href":"https:\/\/yotavis.ch\/fr\/wp-json\/wp\/v2\/product"}],"about":[{"href":"https:\/\/yotavis.ch\/fr\/wp-json\/wp\/v2\/types\/product"}],"replies":[{"embeddable":true,"href":"https:\/\/yotavis.ch\/fr\/wp-json\/wp\/v2\/comments?post=9864"}],"wp:featuredmedia":[{"embeddable":true,"href":"https:\/\/yotavis.ch\/fr\/wp-json\/wp\/v2\/media\/10181"}],"wp:attachment":[{"href":"https:\/\/yotavis.ch\/fr\/wp-json\/wp\/v2\/media?parent=9864"}],"wp:term":[{"taxonomy":"product_brand","embeddable":true,"href":"https:\/\/yotavis.ch\/fr\/wp-json\/wp\/v2\/product_brand?post=9864"},{"taxonomy":"product_cat","embeddable":true,"href":"https:\/\/yotavis.ch\/fr\/wp-json\/wp\/v2\/product_cat?post=9864"},{"taxonomy":"product_tag","embeddable":true,"href":"https:\/\/yotavis.ch\/fr\/wp-json\/wp\/v2\/product_tag?post=9864"}],"curies":[{"name":"wp","href":"https:\/\/api.w.org\/{rel}","templated":true}]}}