{"id":9865,"date":"2025-10-09T00:00:00","date_gmt":"2025-10-08T22:00:00","guid":{"rendered":"https:\/\/yotavis.ch\/product\/ms2830a-043\/"},"modified":"2026-04-24T13:37:29","modified_gmt":"2026-04-24T11:37:29","slug":"ms2830a-043","status":"publish","type":"product","link":"https:\/\/yotavis.ch\/fr\/produit\/ms2830a-043\/","title":{"rendered":"MS2830A-043"},"content":{"rendered":"<p>L'Anritsu MS2830A-043 est un analyseur de signaux con\u00e7u pour fonctionner dans une gamme de fr\u00e9quences allant de 9 kHz \u00e0 13,5 GHz. Il dispose d'une capacit\u00e9 de fr\u00e9quence maximale de 13 500 MHz et d'une fr\u00e9quence minimale de 9 000 Hz, ce qui permet une analyse \u00e0 large spectre. L'appareil offre une largeur de bande d'analyse de 125 MHz, ce qui permet un examen d\u00e9taill\u00e9 du signal. La sp\u00e9cification du bruit de phase est de -118 dBc\/Hz, ce qui contribue \u00e0 la clart\u00e9 et \u00e0 la pr\u00e9cision du signal. Le niveau de bruit moyen affich\u00e9 (DANL) est de -153 dBm\/Hz, ce qui indique la sensibilit\u00e9 de l'analyseur \u00e0 d\u00e9tecter les signaux de faible niveau. Ce mod\u00e8le n'est pas portable, ce qui signifie qu'il est destin\u00e9 \u00e0 une utilisation stationnaire en laboratoire ou dans des environnements industriels. Le MS2830A-043 ne comprend pas de fonctions d'analyse de spectre en temps r\u00e9el (RTSA). Ces caract\u00e9ristiques d\u00e9finissent collectivement la port\u00e9e technique et les param\u00e8tres op\u00e9rationnels de l'analyseur de signaux Anritsu MS2830A-043.<\/p>","protected":false},"excerpt":{"rendered":"<p>Analyseur de signaux 9 kHz \u00e0 13,5 GHz<\/p>","protected":false},"featured_media":10181,"comment_status":"closed","ping_status":"closed","template":"","meta":{"_acf_changed":false,"slim_seo":{"title":"MS2830A-043 - YOTAVIS AG","description":"Analyseur de signaux 9 kHz \u00e0 13,5 GHz"}},"product_brand":[758],"product_cat":[523,524],"product_tag":[],"class_list":{"0":"post-9865","1":"product","2":"type-product","3":"status-publish","4":"has-post-thumbnail","6":"product_brand-anritsu","7":"product_cat-analyser","8":"product_cat-signal-spectrum-analyser","9":"pa_analysis-bandwidth-mhz-763","10":"pa_danl-dbm-hz-764","11":"pa_frequency-max-mhz-464","12":"pa_frequency-min-hz-177","13":"pa_handheld-no","14":"pa_rtsa-no","16":"first","17":"instock","18":"taxable","19":"shipping-taxable","20":"product-type-simple"},"acf":[],"_links":{"self":[{"href":"https:\/\/yotavis.ch\/fr\/wp-json\/wp\/v2\/product\/9865","targetHints":{"allow":["GET"]}}],"collection":[{"href":"https:\/\/yotavis.ch\/fr\/wp-json\/wp\/v2\/product"}],"about":[{"href":"https:\/\/yotavis.ch\/fr\/wp-json\/wp\/v2\/types\/product"}],"replies":[{"embeddable":true,"href":"https:\/\/yotavis.ch\/fr\/wp-json\/wp\/v2\/comments?post=9865"}],"wp:featuredmedia":[{"embeddable":true,"href":"https:\/\/yotavis.ch\/fr\/wp-json\/wp\/v2\/media\/10181"}],"wp:attachment":[{"href":"https:\/\/yotavis.ch\/fr\/wp-json\/wp\/v2\/media?parent=9865"}],"wp:term":[{"taxonomy":"product_brand","embeddable":true,"href":"https:\/\/yotavis.ch\/fr\/wp-json\/wp\/v2\/product_brand?post=9865"},{"taxonomy":"product_cat","embeddable":true,"href":"https:\/\/yotavis.ch\/fr\/wp-json\/wp\/v2\/product_cat?post=9865"},{"taxonomy":"product_tag","embeddable":true,"href":"https:\/\/yotavis.ch\/fr\/wp-json\/wp\/v2\/product_tag?post=9865"}],"curies":[{"name":"wp","href":"https:\/\/api.w.org\/{rel}","templated":true}]}}