{"id":9870,"date":"2025-10-09T00:00:00","date_gmt":"2025-10-08T22:00:00","guid":{"rendered":"https:\/\/yotavis.ch\/product\/s820e-0720\/"},"modified":"2026-04-24T13:37:33","modified_gmt":"2026-04-24T11:37:33","slug":"s820e-0720","status":"publish","type":"product","link":"https:\/\/yotavis.ch\/fr\/produit\/s820e-0720\/","title":{"rendered":"S820E-0720"},"content":{"rendered":"<p>Le Microwave Site Master Anritsu S820E-0720 fonctionne sur une gamme de fr\u00e9quences allant de 1 MHz \u00e0 20 GHz, offrant une couverture \u00e9tendue pour les applications de test des micro-ondes. Cet appareil portatif est con\u00e7u pour une utilisation sur le terrain, permettant une portabilit\u00e9 pratique pendant les mesures sur site. Il prend en charge une fr\u00e9quence minimale de 1 000 000 Hz et une fr\u00e9quence maximale de 20 000 MHz, ce qui lui permet de traiter un large spectre de signaux hyperfr\u00e9quences. L'appareil ne sp\u00e9cifie pas de valeurs nominales de puissance, de tension ou de courant, se concentrant plut\u00f4t sur ses capacit\u00e9s de fr\u00e9quence. Sa conception compacte facilite son utilisation dans divers environnements, ce qui le rend adapt\u00e9 aux techniciens qui ont besoin d'une analyse de fr\u00e9quence fiable en d\u00e9placement. Les sp\u00e9cifications de l'appareil mettent l'accent sur son r\u00f4le dans les tests de sites micro-ondes sans caract\u00e9ristiques suppl\u00e9mentaires telles qu'un \u00e9cran tactile ou des canaux num\u00e9riques. Le S820E-0720 fait partie de la gamme de produits Anritsu, connue pour la pr\u00e9cision de ses instruments de mesure des micro-ondes.<\/p>","protected":false},"excerpt":{"rendered":"<p>Site Master Micro-ondes 1MHz \u00e0 20 GHz<\/p>","protected":false},"featured_media":10190,"comment_status":"closed","ping_status":"closed","template":"","meta":{"_acf_changed":false,"slim_seo":{"title":"S820E-0720 - YOTAVIS AG","description":"Site Master Micro-ondes 1MHz \u00e0 20 GHz"}},"product_brand":[758],"product_cat":[523,768],"product_tag":[],"class_list":{"0":"post-9870","1":"product","2":"type-product","3":"status-publish","4":"has-post-thumbnail","6":"product_brand-anritsu","7":"product_cat-analyser","8":"product_cat-cable-antenna-tester","9":"pa_frequency-max-mhz-467","10":"pa_frequency-min-hz-767","11":"pa_handheld-yes","13":"first","14":"instock","15":"taxable","16":"shipping-taxable","17":"product-type-simple"},"acf":[],"_links":{"self":[{"href":"https:\/\/yotavis.ch\/fr\/wp-json\/wp\/v2\/product\/9870","targetHints":{"allow":["GET"]}}],"collection":[{"href":"https:\/\/yotavis.ch\/fr\/wp-json\/wp\/v2\/product"}],"about":[{"href":"https:\/\/yotavis.ch\/fr\/wp-json\/wp\/v2\/types\/product"}],"replies":[{"embeddable":true,"href":"https:\/\/yotavis.ch\/fr\/wp-json\/wp\/v2\/comments?post=9870"}],"wp:featuredmedia":[{"embeddable":true,"href":"https:\/\/yotavis.ch\/fr\/wp-json\/wp\/v2\/media\/10190"}],"wp:attachment":[{"href":"https:\/\/yotavis.ch\/fr\/wp-json\/wp\/v2\/media?parent=9870"}],"wp:term":[{"taxonomy":"product_brand","embeddable":true,"href":"https:\/\/yotavis.ch\/fr\/wp-json\/wp\/v2\/product_brand?post=9870"},{"taxonomy":"product_cat","embeddable":true,"href":"https:\/\/yotavis.ch\/fr\/wp-json\/wp\/v2\/product_cat?post=9870"},{"taxonomy":"product_tag","embeddable":true,"href":"https:\/\/yotavis.ch\/fr\/wp-json\/wp\/v2\/product_tag?post=9870"}],"curies":[{"name":"wp","href":"https:\/\/api.w.org\/{rel}","templated":true}]}}