{"id":9872,"date":"2025-10-09T00:00:00","date_gmt":"2025-10-08T22:00:00","guid":{"rendered":"https:\/\/yotavis.ch\/product\/s820e-0740\/"},"modified":"2026-04-24T13:37:34","modified_gmt":"2026-04-24T11:37:34","slug":"s820e-0740","status":"publish","type":"product","link":"https:\/\/yotavis.ch\/fr\/produit\/s820e-0740\/","title":{"rendered":"S820E-0740"},"content":{"rendered":"<p>Le Microwave Site Master Anritsu S820E-0740 fonctionne sur une gamme de fr\u00e9quences allant de 1 MHz \u00e0 40 GHz, ce qui le rend adapt\u00e9 \u00e0 une grande vari\u00e9t\u00e9 d'applications de test des micro-ondes. Cet appareil portable est con\u00e7u pour fournir des mesures et des analyses pr\u00e9cises dans ce large spectre de fr\u00e9quences. Sa capacit\u00e9 de fr\u00e9quence maximale atteint 40 000 MHz, tandis que la fr\u00e9quence minimale commence \u00e0 1 000 000 Hz. Sa conception compacte et portable permet une utilisation ais\u00e9e dans les environnements de terrain, facilitant ainsi les tests et le d\u00e9pannage sur site. L'appareil n'indique pas de puissance, de tension ou de courant nominaux sp\u00e9cifiques, se concentrant plut\u00f4t sur ses performances en mati\u00e8re de fr\u00e9quence. Il est \u00e9quip\u00e9 pour traiter efficacement les signaux micro-ondes, bien que les d\u00e9tails concernant le nombre de sorties, les caract\u00e9ristiques de la t\u00e9l\u00e9commande ou les sp\u00e9cifications de la m\u00e9moire ne soient pas inclus. Le S820E-0740 fait partie de la gamme d'\u00e9quipements de test micro-ondes d'Anritsu, connus pour leur pr\u00e9cision technique et leur fiabilit\u00e9 dans les environnements professionnels.<\/p>","protected":false},"excerpt":{"rendered":"<p>Site Master Micro-ondes 1MHz \u00e0 40 GHz<\/p>","protected":false},"featured_media":10190,"comment_status":"closed","ping_status":"closed","template":"","meta":{"_acf_changed":false,"slim_seo":{"title":"S820E-0740 - YOTAVIS AG","description":"Site Master Micro-ondes 1MHz \u00e0 40 GHz"}},"product_brand":[758],"product_cat":[523,768],"product_tag":[],"class_list":{"0":"post-9872","1":"product","2":"type-product","3":"status-publish","4":"has-post-thumbnail","6":"product_brand-anritsu","7":"product_cat-analyser","8":"product_cat-cable-antenna-tester","9":"pa_frequency-max-mhz-770","10":"pa_frequency-min-hz-767","11":"pa_handheld-yes","13":"first","14":"instock","15":"taxable","16":"shipping-taxable","17":"product-type-simple"},"acf":[],"_links":{"self":[{"href":"https:\/\/yotavis.ch\/fr\/wp-json\/wp\/v2\/product\/9872","targetHints":{"allow":["GET"]}}],"collection":[{"href":"https:\/\/yotavis.ch\/fr\/wp-json\/wp\/v2\/product"}],"about":[{"href":"https:\/\/yotavis.ch\/fr\/wp-json\/wp\/v2\/types\/product"}],"replies":[{"embeddable":true,"href":"https:\/\/yotavis.ch\/fr\/wp-json\/wp\/v2\/comments?post=9872"}],"wp:featuredmedia":[{"embeddable":true,"href":"https:\/\/yotavis.ch\/fr\/wp-json\/wp\/v2\/media\/10190"}],"wp:attachment":[{"href":"https:\/\/yotavis.ch\/fr\/wp-json\/wp\/v2\/media?parent=9872"}],"wp:term":[{"taxonomy":"product_brand","embeddable":true,"href":"https:\/\/yotavis.ch\/fr\/wp-json\/wp\/v2\/product_brand?post=9872"},{"taxonomy":"product_cat","embeddable":true,"href":"https:\/\/yotavis.ch\/fr\/wp-json\/wp\/v2\/product_cat?post=9872"},{"taxonomy":"product_tag","embeddable":true,"href":"https:\/\/yotavis.ch\/fr\/wp-json\/wp\/v2\/product_tag?post=9872"}],"curies":[{"name":"wp","href":"https:\/\/api.w.org\/{rel}","templated":true}]}}