{"id":9873,"date":"2025-10-09T00:00:00","date_gmt":"2025-10-08T22:00:00","guid":{"rendered":"https:\/\/yotavis.ch\/product\/s412e\/"},"modified":"2026-04-24T13:37:34","modified_gmt":"2026-04-24T11:37:34","slug":"s412e","status":"publish","type":"product","link":"https:\/\/yotavis.ch\/fr\/produit\/s412e\/","title":{"rendered":"S412E"},"content":{"rendered":"<p>L'Anritsu S412E est un analyseur de modulation et de signaux de radio mobile terrestre con\u00e7u pour fonctionner dans une gamme de fr\u00e9quences allant de 9 kHz \u00e0 1,6 GHz. Il se caract\u00e9rise par un bruit de phase de -100 dBc\/Hz, ce qui garantit une analyse pr\u00e9cise du signal. L'appareil offre une largeur de bande d'analyse de 10 MHz et un niveau de bruit moyen affich\u00e9 (DANL) de -152 dBm\/Hz, ce qui permet un examen d\u00e9taill\u00e9 du signal. Cet instrument portable est adapt\u00e9 \u00e0 une utilisation sur le terrain, offrant une portabilit\u00e9 pour diverses applications. Ses capacit\u00e9s en mati\u00e8re de fr\u00e9quences couvrent un large spectre, ce qui le rend polyvalent pour diff\u00e9rentes normes de communication. Le S412E n'inclut pas la fonctionnalit\u00e9 d'analyse de spectre en temps r\u00e9el (RTSA). La combinaison de sa gamme de fr\u00e9quences, de ses performances en mati\u00e8re de bruit de phase et de son plancher de bruit en fait un outil sp\u00e9cialis\u00e9 dans l'analyse de la modulation et des signaux dans les syst\u00e8mes radio mobiles terrestres.<\/p>","protected":false},"excerpt":{"rendered":"<p>Analyseur de modulation et de signal pour radio mobile terrestre 1,6GHz<\/p>","protected":false},"featured_media":10197,"comment_status":"closed","ping_status":"closed","template":"","meta":{"_acf_changed":false,"slim_seo":{"title":"S412E - YOTAVIS AG","description":"Analyseur de modulation et de signal pour radio mobile terrestre 1,6GHz"}},"product_brand":[758],"product_cat":[523,524],"product_tag":[],"class_list":{"0":"post-9873","1":"product","2":"type-product","3":"status-publish","4":"has-post-thumbnail","6":"product_brand-anritsu","7":"product_cat-analyser","8":"product_cat-signal-spectrum-analyser","9":"pa_analysis-bandwidth-mhz-269","10":"pa_danl-dbm-hz-772","11":"pa_frequency-max-mhz-771","12":"pa_frequency-min-hz-177","13":"pa_handheld-yes","14":"pa_rtsa-no","16":"first","17":"instock","18":"taxable","19":"shipping-taxable","20":"product-type-simple"},"acf":[],"_links":{"self":[{"href":"https:\/\/yotavis.ch\/fr\/wp-json\/wp\/v2\/product\/9873","targetHints":{"allow":["GET"]}}],"collection":[{"href":"https:\/\/yotavis.ch\/fr\/wp-json\/wp\/v2\/product"}],"about":[{"href":"https:\/\/yotavis.ch\/fr\/wp-json\/wp\/v2\/types\/product"}],"replies":[{"embeddable":true,"href":"https:\/\/yotavis.ch\/fr\/wp-json\/wp\/v2\/comments?post=9873"}],"wp:featuredmedia":[{"embeddable":true,"href":"https:\/\/yotavis.ch\/fr\/wp-json\/wp\/v2\/media\/10197"}],"wp:attachment":[{"href":"https:\/\/yotavis.ch\/fr\/wp-json\/wp\/v2\/media?parent=9873"}],"wp:term":[{"taxonomy":"product_brand","embeddable":true,"href":"https:\/\/yotavis.ch\/fr\/wp-json\/wp\/v2\/product_brand?post=9873"},{"taxonomy":"product_cat","embeddable":true,"href":"https:\/\/yotavis.ch\/fr\/wp-json\/wp\/v2\/product_cat?post=9873"},{"taxonomy":"product_tag","embeddable":true,"href":"https:\/\/yotavis.ch\/fr\/wp-json\/wp\/v2\/product_tag?post=9873"}],"curies":[{"name":"wp","href":"https:\/\/api.w.org\/{rel}","templated":true}]}}