{"id":9874,"date":"2025-10-09T00:00:00","date_gmt":"2025-10-08T22:00:00","guid":{"rendered":"https:\/\/yotavis.ch\/product\/s412e-6\/"},"modified":"2026-04-24T13:37:34","modified_gmt":"2026-04-24T11:37:34","slug":"s412e-6","status":"publish","type":"product","link":"https:\/\/yotavis.ch\/fr\/produit\/s412e-6\/","title":{"rendered":"S412E-6"},"content":{"rendered":"<p>L'Anritsu S412E-6 est un analyseur de modulation et de signaux de radio mobile terrestre qui fonctionne jusqu'\u00e0 une fr\u00e9quence maximale de 6000 MHz, avec une fr\u00e9quence minimale de 9000 Hz. Il pr\u00e9sente un niveau de bruit de phase de -100 dBc\/Hz et une largeur de bande d'analyse de 10 MHz, offrant des capacit\u00e9s d'analyse d\u00e9taill\u00e9e des signaux. L'appareil affiche un DANL (Displayed Average Noise Level) de -152 dBm\/Hz, ce qui indique sa sensibilit\u00e9 \u00e0 d\u00e9tecter les signaux de faible niveau. Con\u00e7u comme une unit\u00e9 portable, il offre une portabilit\u00e9 pour une utilisation sur le terrain. L'analyseur ne prend pas en charge l'analyse de spectre en temps r\u00e9el (RTSA), se concentrant plut\u00f4t sur d'autres fonctions de mesure du signal. Ce mod\u00e8le convient aux professionnels qui ont besoin d'une modulation pr\u00e9cise et d'une analyse des signaux dans la gamme de fr\u00e9quences et les param\u00e8tres de largeur de bande sp\u00e9cifi\u00e9s.<\/p>","protected":false},"excerpt":{"rendered":"<p>Analyseur de modulation et de signal pour radio mobile terrestre 6GHz<\/p>","protected":false},"featured_media":10197,"comment_status":"closed","ping_status":"closed","template":"","meta":{"_acf_changed":false,"slim_seo":{"title":"S412E-6 - YOTAVIS AG","description":"Analyseur de modulation et de signal pour radio mobile terrestre 6GHz"}},"product_brand":[758],"product_cat":[523,524],"product_tag":[],"class_list":{"0":"post-9874","1":"product","2":"type-product","3":"status-publish","4":"has-post-thumbnail","6":"product_brand-anritsu","7":"product_cat-analyser","8":"product_cat-signal-spectrum-analyser","9":"pa_analysis-bandwidth-mhz-269","10":"pa_danl-dbm-hz-772","11":"pa_frequency-max-mhz-647","12":"pa_frequency-min-hz-177","13":"pa_handheld-yes","14":"pa_rtsa-no","16":"first","17":"instock","18":"taxable","19":"shipping-taxable","20":"product-type-simple"},"acf":[],"_links":{"self":[{"href":"https:\/\/yotavis.ch\/fr\/wp-json\/wp\/v2\/product\/9874","targetHints":{"allow":["GET"]}}],"collection":[{"href":"https:\/\/yotavis.ch\/fr\/wp-json\/wp\/v2\/product"}],"about":[{"href":"https:\/\/yotavis.ch\/fr\/wp-json\/wp\/v2\/types\/product"}],"replies":[{"embeddable":true,"href":"https:\/\/yotavis.ch\/fr\/wp-json\/wp\/v2\/comments?post=9874"}],"wp:featuredmedia":[{"embeddable":true,"href":"https:\/\/yotavis.ch\/fr\/wp-json\/wp\/v2\/media\/10197"}],"wp:attachment":[{"href":"https:\/\/yotavis.ch\/fr\/wp-json\/wp\/v2\/media?parent=9874"}],"wp:term":[{"taxonomy":"product_brand","embeddable":true,"href":"https:\/\/yotavis.ch\/fr\/wp-json\/wp\/v2\/product_brand?post=9874"},{"taxonomy":"product_cat","embeddable":true,"href":"https:\/\/yotavis.ch\/fr\/wp-json\/wp\/v2\/product_cat?post=9874"},{"taxonomy":"product_tag","embeddable":true,"href":"https:\/\/yotavis.ch\/fr\/wp-json\/wp\/v2\/product_tag?post=9874"}],"curies":[{"name":"wp","href":"https:\/\/api.w.org\/{rel}","templated":true}]}}