{"id":9875,"date":"2025-10-09T00:00:00","date_gmt":"2025-10-08T22:00:00","guid":{"rendered":"https:\/\/yotavis.ch\/product\/ms2085a-0804\/"},"modified":"2026-04-24T13:37:34","modified_gmt":"2026-04-24T11:37:34","slug":"ms2085a-0804","status":"publish","type":"product","link":"https:\/\/yotavis.ch\/fr\/produit\/ms2085a-0804\/","title":{"rendered":"MS2085A-0804"},"content":{"rendered":"<p>L'analyseur de c\u00e2bles et d'antennes MS2085A-0804 Site Master d'Anritsu fonctionne avec une fr\u00e9quence maximale de 4000 MHz et une fr\u00e9quence minimale de 5000 Hz. Cet appareil portatif est con\u00e7u pour une utilisation sur le terrain, offrant portabilit\u00e9 et commodit\u00e9 pour l'analyse des c\u00e2bles et des antennes. Il prend en charge une large gamme de fr\u00e9quences, ce qui le rend adapt\u00e9 \u00e0 divers sc\u00e9narios de test dans les limites sp\u00e9cifi\u00e9es. L'analyseur est \u00e9quip\u00e9 pour effectuer des mesures sur l'ensemble de ce spectre, ce qui garantit sa compatibilit\u00e9 avec un grand nombre de syst\u00e8mes de communication. Son format compact permet de l'utiliser facilement dans diff\u00e9rents environnements, ce qui facilite les diagnostics et la maintenance sur site. Les sp\u00e9cifications de l'appareil mettent l'accent sur les capacit\u00e9s de fr\u00e9quence et la portabilit\u00e9, ce qui r\u00e9pond aux besoins des professionnels travaillant dans les t\u00e9l\u00e9communications et les domaines connexes.<\/p>","protected":false},"excerpt":{"rendered":"<p>Site Master Cable &#038; Antenna Analyser 4GHz<\/p>","protected":false},"featured_media":10202,"comment_status":"closed","ping_status":"closed","template":"","meta":{"_acf_changed":false,"slim_seo":{"title":"MS2085A-0804 - YOTAVIS AG","description":"Site Master Analyseur de c\u00e2bles et d'antennes 4GHz"}},"product_brand":[758],"product_cat":[523,768],"product_tag":[],"class_list":{"0":"post-9875","1":"product","2":"type-product","3":"status-publish","4":"has-post-thumbnail","6":"product_brand-anritsu","7":"product_cat-analyser","8":"product_cat-cable-antenna-tester","9":"pa_frequency-max-mhz-773","10":"pa_frequency-min-hz-774","11":"pa_handheld-yes","13":"first","14":"instock","15":"taxable","16":"shipping-taxable","17":"product-type-simple"},"acf":[],"_links":{"self":[{"href":"https:\/\/yotavis.ch\/fr\/wp-json\/wp\/v2\/product\/9875","targetHints":{"allow":["GET"]}}],"collection":[{"href":"https:\/\/yotavis.ch\/fr\/wp-json\/wp\/v2\/product"}],"about":[{"href":"https:\/\/yotavis.ch\/fr\/wp-json\/wp\/v2\/types\/product"}],"replies":[{"embeddable":true,"href":"https:\/\/yotavis.ch\/fr\/wp-json\/wp\/v2\/comments?post=9875"}],"wp:featuredmedia":[{"embeddable":true,"href":"https:\/\/yotavis.ch\/fr\/wp-json\/wp\/v2\/media\/10202"}],"wp:attachment":[{"href":"https:\/\/yotavis.ch\/fr\/wp-json\/wp\/v2\/media?parent=9875"}],"wp:term":[{"taxonomy":"product_brand","embeddable":true,"href":"https:\/\/yotavis.ch\/fr\/wp-json\/wp\/v2\/product_brand?post=9875"},{"taxonomy":"product_cat","embeddable":true,"href":"https:\/\/yotavis.ch\/fr\/wp-json\/wp\/v2\/product_cat?post=9875"},{"taxonomy":"product_tag","embeddable":true,"href":"https:\/\/yotavis.ch\/fr\/wp-json\/wp\/v2\/product_tag?post=9875"}],"curies":[{"name":"wp","href":"https:\/\/api.w.org\/{rel}","templated":true}]}}