{"id":9877,"date":"2025-10-09T00:00:00","date_gmt":"2025-10-08T22:00:00","guid":{"rendered":"https:\/\/yotavis.ch\/product\/ms2085a-0904\/"},"modified":"2026-04-24T13:37:35","modified_gmt":"2026-04-24T11:37:35","slug":"ms2085a-0904","status":"publish","type":"product","link":"https:\/\/yotavis.ch\/fr\/produit\/ms2085a-0904\/","title":{"rendered":"MS2085A-0904"},"content":{"rendered":"<p>L'analyseur de c\u00e2bles et d'antennes Anritsu MS2085A-0904 Site Master fonctionne avec une gamme de fr\u00e9quences allant de 5 000 Hz \u00e0 4 000 MHz, offrant une couverture \u00e9tendue pour diverses applications de test. Il dispose d'une plage dynamique de 105 dB, ce qui permet des mesures pr\u00e9cises. Cet appareil portable est \u00e9quip\u00e9 de deux ports, ce qui facilite les options de connectivit\u00e9 polyvalentes. Con\u00e7u pour une utilisation sur le terrain, l'analyseur combine les fonctions de test de c\u00e2bles et d'antennes en une seule unit\u00e9. Son format compact favorise la portabilit\u00e9 et la facilit\u00e9 d'utilisation dans diff\u00e9rents environnements. Les sp\u00e9cifications de l'analyseur soulignent son aptitude \u00e0 l'analyse d\u00e9taill\u00e9e des sites et aux t\u00e2ches de d\u00e9pannage.<\/p>","protected":false},"excerpt":{"rendered":"<p>Site Master Cable &#038; Antenna Analyser 4GHz + VNA<\/p>","protected":false},"featured_media":10202,"comment_status":"closed","ping_status":"closed","template":"","meta":{"_acf_changed":false,"slim_seo":{"title":"MS2085A-0904 - YOTAVIS AG","description":"Site Master Analyseur de c\u00e2bles et d'antennes 4GHz + VNA"}},"product_brand":[758],"product_cat":[523,525],"product_tag":[],"class_list":{"0":"post-9877","1":"product","2":"type-product","3":"status-publish","4":"has-post-thumbnail","6":"product_brand-anritsu","7":"product_cat-analyser","8":"product_cat-vna","9":"pa_dynamic-range-db-775","10":"pa_frequency-max-mhz-773","11":"pa_frequency-min-hz-774","12":"pa_handheld-yes","13":"pa_ports-188","15":"first","16":"instock","17":"taxable","18":"shipping-taxable","19":"product-type-simple"},"acf":[],"_links":{"self":[{"href":"https:\/\/yotavis.ch\/fr\/wp-json\/wp\/v2\/product\/9877","targetHints":{"allow":["GET"]}}],"collection":[{"href":"https:\/\/yotavis.ch\/fr\/wp-json\/wp\/v2\/product"}],"about":[{"href":"https:\/\/yotavis.ch\/fr\/wp-json\/wp\/v2\/types\/product"}],"replies":[{"embeddable":true,"href":"https:\/\/yotavis.ch\/fr\/wp-json\/wp\/v2\/comments?post=9877"}],"wp:featuredmedia":[{"embeddable":true,"href":"https:\/\/yotavis.ch\/fr\/wp-json\/wp\/v2\/media\/10202"}],"wp:attachment":[{"href":"https:\/\/yotavis.ch\/fr\/wp-json\/wp\/v2\/media?parent=9877"}],"wp:term":[{"taxonomy":"product_brand","embeddable":true,"href":"https:\/\/yotavis.ch\/fr\/wp-json\/wp\/v2\/product_brand?post=9877"},{"taxonomy":"product_cat","embeddable":true,"href":"https:\/\/yotavis.ch\/fr\/wp-json\/wp\/v2\/product_cat?post=9877"},{"taxonomy":"product_tag","embeddable":true,"href":"https:\/\/yotavis.ch\/fr\/wp-json\/wp\/v2\/product_tag?post=9877"}],"curies":[{"name":"wp","href":"https:\/\/api.w.org\/{rel}","templated":true}]}}