{"id":9879,"date":"2025-10-09T00:00:00","date_gmt":"2025-10-08T22:00:00","guid":{"rendered":"https:\/\/yotavis.ch\/product\/ms2089a-0804\/"},"modified":"2026-04-24T13:37:36","modified_gmt":"2026-04-24T11:37:36","slug":"ms2089a-0804","status":"publish","type":"product","link":"https:\/\/yotavis.ch\/fr\/produit\/ms2089a-0804\/","title":{"rendered":"MS2089A-0804"},"content":{"rendered":"<p>Le MS2089A-0804 est un analyseur de c\u00e2bles et d'antennes Site Master avec une fr\u00e9quence maximale de 4000 MHz et une fr\u00e9quence minimale de 5000 Hz. Cet appareil portable est con\u00e7u par Anritsu, une marque reconnue dans le domaine. Il offre des capacit\u00e9s d'analyse pr\u00e9cises pour les syst\u00e8mes de c\u00e2bles et d'antennes dans la gamme de fr\u00e9quences sp\u00e9cifi\u00e9e. L'analyseur est portable, ce qui permet une utilisation pratique dans divers environnements de terrain. Sa gamme de fr\u00e9quences permet l'inspection d\u00e9taill\u00e9e et le d\u00e9pannage des syst\u00e8mes de communication. La conception de l'appareil met l'accent sur la fonctionnalit\u00e9 et la facilit\u00e9 d'utilisation, ce qui convient aux professionnels qui ont besoin d'outils de mesure fiables sur le terrain.<\/p>","protected":false},"excerpt":{"rendered":"<p>Site Master Cable &#038; Antenna Analyser 4GHz<\/p>","protected":false},"featured_media":10204,"comment_status":"closed","ping_status":"closed","template":"","meta":{"_acf_changed":false,"slim_seo":{"title":"MS2089A-0804 - YOTAVIS AG","description":"Site Master Analyseur de c\u00e2bles et d'antennes 4GHz"}},"product_brand":[758],"product_cat":[523,768],"product_tag":[],"class_list":{"0":"post-9879","1":"product","2":"type-product","3":"status-publish","4":"has-post-thumbnail","6":"product_brand-anritsu","7":"product_cat-analyser","8":"product_cat-cable-antenna-tester","9":"pa_frequency-max-mhz-773","10":"pa_frequency-min-hz-774","11":"pa_handheld-yes","13":"first","14":"instock","15":"taxable","16":"shipping-taxable","17":"product-type-simple"},"acf":[],"_links":{"self":[{"href":"https:\/\/yotavis.ch\/fr\/wp-json\/wp\/v2\/product\/9879","targetHints":{"allow":["GET"]}}],"collection":[{"href":"https:\/\/yotavis.ch\/fr\/wp-json\/wp\/v2\/product"}],"about":[{"href":"https:\/\/yotavis.ch\/fr\/wp-json\/wp\/v2\/types\/product"}],"replies":[{"embeddable":true,"href":"https:\/\/yotavis.ch\/fr\/wp-json\/wp\/v2\/comments?post=9879"}],"wp:featuredmedia":[{"embeddable":true,"href":"https:\/\/yotavis.ch\/fr\/wp-json\/wp\/v2\/media\/10204"}],"wp:attachment":[{"href":"https:\/\/yotavis.ch\/fr\/wp-json\/wp\/v2\/media?parent=9879"}],"wp:term":[{"taxonomy":"product_brand","embeddable":true,"href":"https:\/\/yotavis.ch\/fr\/wp-json\/wp\/v2\/product_brand?post=9879"},{"taxonomy":"product_cat","embeddable":true,"href":"https:\/\/yotavis.ch\/fr\/wp-json\/wp\/v2\/product_cat?post=9879"},{"taxonomy":"product_tag","embeddable":true,"href":"https:\/\/yotavis.ch\/fr\/wp-json\/wp\/v2\/product_tag?post=9879"}],"curies":[{"name":"wp","href":"https:\/\/api.w.org\/{rel}","templated":true}]}}