{"id":9889,"date":"2025-10-09T00:00:00","date_gmt":"2025-10-08T22:00:00","guid":{"rendered":"https:\/\/yotavis.ch\/product\/ms2070a-0703\/"},"modified":"2026-04-24T13:37:41","modified_gmt":"2026-04-24T11:37:41","slug":"ms2070a-0703","status":"publish","type":"product","link":"https:\/\/yotavis.ch\/fr\/produit\/ms2070a-0703\/","title":{"rendered":"MS2070A-0703"},"content":{"rendered":"<p>Le MS2070A-0703 est un analyseur de spectre RF portable fabriqu\u00e9 par Anritsu, con\u00e7u pour fonctionner dans une gamme de fr\u00e9quences allant de 9 kHz \u00e0 3 GHz. Il dispose d'une largeur de bande d'analyse de 20 MHz, ce qui permet un examen d\u00e9taill\u00e9 des spectres de signaux dans cette plage. L'appareil offre un niveau de bruit de phase de -93 dBc\/Hz, ce qui contribue \u00e0 sa capacit\u00e9 \u00e0 mesurer avec pr\u00e9cision la qualit\u00e9 du signal. En outre, il pr\u00e9sente un niveau de bruit moyen affich\u00e9 (DANL) de -167 dBm\/Hz, ce qui indique sa sensibilit\u00e9 aux signaux de faible niveau. Cet analyseur de spectre est portable et tient dans la main, ce qui le rend adapt\u00e9 \u00e0 une utilisation sur le terrain et \u00e0 des tests sur site. Il ne comprend pas de fonctions d'analyse de spectre en temps r\u00e9el (RTSA). La combinaison de sa gamme de fr\u00e9quences, de sa largeur de bande et de ses caract\u00e9ristiques de bruit en fait un outil polyvalent pour l'analyse des signaux RF dans diverses applications.<\/p>","protected":false},"excerpt":{"rendered":"<p>Analyseur de spectre RF portable 3 GHz<\/p>","protected":false},"featured_media":10215,"comment_status":"closed","ping_status":"closed","template":"","meta":{"_acf_changed":false,"slim_seo":{"title":"MS2070A-0703 - YOTAVIS AG","description":"Analyseur de spectre RF portable 3 GHz"}},"product_brand":[758],"product_cat":[523,524],"product_tag":[],"class_list":{"0":"post-9889","1":"product","2":"type-product","3":"status-publish","4":"has-post-thumbnail","6":"product_brand-anritsu","7":"product_cat-analyser","8":"product_cat-signal-spectrum-analyser","9":"pa_analysis-bandwidth-mhz-781","10":"pa_danl-dbm-hz-776","11":"pa_frequency-max-mhz-780","12":"pa_frequency-min-hz-177","13":"pa_handheld-yes","14":"pa_rtsa-no","16":"first","17":"instock","18":"taxable","19":"shipping-taxable","20":"product-type-simple"},"acf":[],"_links":{"self":[{"href":"https:\/\/yotavis.ch\/fr\/wp-json\/wp\/v2\/product\/9889","targetHints":{"allow":["GET"]}}],"collection":[{"href":"https:\/\/yotavis.ch\/fr\/wp-json\/wp\/v2\/product"}],"about":[{"href":"https:\/\/yotavis.ch\/fr\/wp-json\/wp\/v2\/types\/product"}],"replies":[{"embeddable":true,"href":"https:\/\/yotavis.ch\/fr\/wp-json\/wp\/v2\/comments?post=9889"}],"wp:featuredmedia":[{"embeddable":true,"href":"https:\/\/yotavis.ch\/fr\/wp-json\/wp\/v2\/media\/10215"}],"wp:attachment":[{"href":"https:\/\/yotavis.ch\/fr\/wp-json\/wp\/v2\/media?parent=9889"}],"wp:term":[{"taxonomy":"product_brand","embeddable":true,"href":"https:\/\/yotavis.ch\/fr\/wp-json\/wp\/v2\/product_brand?post=9889"},{"taxonomy":"product_cat","embeddable":true,"href":"https:\/\/yotavis.ch\/fr\/wp-json\/wp\/v2\/product_cat?post=9889"},{"taxonomy":"product_tag","embeddable":true,"href":"https:\/\/yotavis.ch\/fr\/wp-json\/wp\/v2\/product_tag?post=9889"}],"curies":[{"name":"wp","href":"https:\/\/api.w.org\/{rel}","templated":true}]}}