{"id":9890,"date":"2025-10-09T00:00:00","date_gmt":"2025-10-08T22:00:00","guid":{"rendered":"https:\/\/yotavis.ch\/product\/ms2080a-0704\/"},"modified":"2026-04-24T13:37:41","modified_gmt":"2026-04-24T11:37:41","slug":"ms2080a-0704","status":"publish","type":"product","link":"https:\/\/yotavis.ch\/fr\/produit\/ms2080a-0704\/","title":{"rendered":"MS2080A-0704"},"content":{"rendered":"<p>Le MS2080A-0704 est un analyseur de spectre RF portable fabriqu\u00e9 par Anritsu, con\u00e7u pour fonctionner dans une gamme de fr\u00e9quences allant de 9 kHz \u00e0 4 GHz. Il pr\u00e9sente un bruit de phase de -93 dBc\/Hz, garantissant une analyse pr\u00e9cise du signal. L'appareil prend en charge une largeur de bande d'analyse de 40 MHz et comprend des capacit\u00e9s d'analyse de spectre en temps r\u00e9el (RTSA). Son niveau de bruit moyen affich\u00e9 (DANL) est de -167 dBm\/Hz, ce qui permet de d\u00e9tecter des signaux de tr\u00e8s faible niveau. La conception portative facilite la portabilit\u00e9 et l'utilisation dans diverses applications sur le terrain. Cet analyseur de spectre convient \u00e0 l'examen d\u00e9taill\u00e9 des signaux RF sur un large spectre de fr\u00e9quences, ce qui en fait un outil polyvalent pour les professionnels exigeant des mesures pr\u00e9cises et fiables.<\/p>","protected":false},"excerpt":{"rendered":"<p>Analyseur de spectre RF portable 4 GHz<\/p>","protected":false},"featured_media":10222,"comment_status":"closed","ping_status":"closed","template":"","meta":{"_acf_changed":false,"slim_seo":{"title":"MS2080A-0704 - YOTAVIS AG","description":"Analyseur de spectre RF portable 4 GHz"}},"product_brand":[758],"product_cat":[523,524],"product_tag":[],"class_list":{"0":"post-9890","1":"product","2":"type-product","3":"status-publish","4":"has-post-thumbnail","6":"product_brand-anritsu","7":"product_cat-analyser","8":"product_cat-signal-spectrum-analyser","9":"pa_analysis-bandwidth-mhz-185","10":"pa_danl-dbm-hz-776","11":"pa_frequency-max-mhz-773","12":"pa_frequency-min-hz-177","13":"pa_handheld-yes","14":"pa_rtsa-yes","16":"first","17":"instock","18":"taxable","19":"shipping-taxable","20":"product-type-simple"},"acf":[],"_links":{"self":[{"href":"https:\/\/yotavis.ch\/fr\/wp-json\/wp\/v2\/product\/9890","targetHints":{"allow":["GET"]}}],"collection":[{"href":"https:\/\/yotavis.ch\/fr\/wp-json\/wp\/v2\/product"}],"about":[{"href":"https:\/\/yotavis.ch\/fr\/wp-json\/wp\/v2\/types\/product"}],"replies":[{"embeddable":true,"href":"https:\/\/yotavis.ch\/fr\/wp-json\/wp\/v2\/comments?post=9890"}],"wp:featuredmedia":[{"embeddable":true,"href":"https:\/\/yotavis.ch\/fr\/wp-json\/wp\/v2\/media\/10222"}],"wp:attachment":[{"href":"https:\/\/yotavis.ch\/fr\/wp-json\/wp\/v2\/media?parent=9890"}],"wp:term":[{"taxonomy":"product_brand","embeddable":true,"href":"https:\/\/yotavis.ch\/fr\/wp-json\/wp\/v2\/product_brand?post=9890"},{"taxonomy":"product_cat","embeddable":true,"href":"https:\/\/yotavis.ch\/fr\/wp-json\/wp\/v2\/product_cat?post=9890"},{"taxonomy":"product_tag","embeddable":true,"href":"https:\/\/yotavis.ch\/fr\/wp-json\/wp\/v2\/product_tag?post=9890"}],"curies":[{"name":"wp","href":"https:\/\/api.w.org\/{rel}","templated":true}]}}