{"id":9891,"date":"2025-10-09T00:00:00","date_gmt":"2025-10-08T22:00:00","guid":{"rendered":"https:\/\/yotavis.ch\/product\/ms2080a-0706\/"},"modified":"2026-04-24T13:37:42","modified_gmt":"2026-04-24T11:37:42","slug":"ms2080a-0706","status":"publish","type":"product","link":"https:\/\/yotavis.ch\/fr\/produit\/ms2080a-0706\/","title":{"rendered":"MS2080A-0706"},"content":{"rendered":"<p>Le MS2080A-0706 est un analyseur de spectre RF portable con\u00e7u par Anritsu, capable de fonctionner jusqu'\u00e0 une fr\u00e9quence maximale de 6 GHz. Il est dot\u00e9 d'une fr\u00e9quence minimale de 9 kHz, ce qui permet une large gamme d'analyses de signaux. L'appareil comprend une fonction d'analyseur de spectre en temps r\u00e9el (RTSA), qui am\u00e9liore sa capacit\u00e9 \u00e0 capturer et \u00e0 analyser des signaux en temps r\u00e9el. Il offre une largeur de bande d'analyse de 40 MHz, ce qui permet un examen d\u00e9taill\u00e9 des caract\u00e9ristiques du signal. Le bruit de phase est \u00e9valu\u00e9 \u00e0 -93 dBc\/Hz, ce qui contribue \u00e0 la pr\u00e9cision des mesures. En outre, le dispositif a un niveau de bruit moyen affich\u00e9 (DANL) de -167 dBm\/Hz, ce qui indique sa sensibilit\u00e9 aux signaux de faible niveau. Le MS2080A-0706 est con\u00e7u pour la portabilit\u00e9 et la facilit\u00e9 d'utilisation, puisqu'il est portable, ce qui facilite les mesures sur le terrain et les tests sur site.<\/p>","protected":false},"excerpt":{"rendered":"<p>Analyseur de spectre RF portable 6 GHz<\/p>","protected":false},"featured_media":10222,"comment_status":"closed","ping_status":"closed","template":"","meta":{"_acf_changed":false,"slim_seo":{"title":"MS2080A-0706 - YOTAVIS AG","description":"Analyseur de spectre RF portable 6 GHz"}},"product_brand":[758],"product_cat":[523,524],"product_tag":[],"class_list":{"0":"post-9891","1":"product","2":"type-product","3":"status-publish","4":"has-post-thumbnail","6":"product_brand-anritsu","7":"product_cat-analyser","8":"product_cat-signal-spectrum-analyser","9":"pa_analysis-bandwidth-mhz-185","10":"pa_danl-dbm-hz-776","11":"pa_frequency-max-mhz-647","12":"pa_frequency-min-hz-177","13":"pa_handheld-yes","14":"pa_rtsa-yes","16":"first","17":"instock","18":"taxable","19":"shipping-taxable","20":"product-type-simple"},"acf":[],"_links":{"self":[{"href":"https:\/\/yotavis.ch\/fr\/wp-json\/wp\/v2\/product\/9891","targetHints":{"allow":["GET"]}}],"collection":[{"href":"https:\/\/yotavis.ch\/fr\/wp-json\/wp\/v2\/product"}],"about":[{"href":"https:\/\/yotavis.ch\/fr\/wp-json\/wp\/v2\/types\/product"}],"replies":[{"embeddable":true,"href":"https:\/\/yotavis.ch\/fr\/wp-json\/wp\/v2\/comments?post=9891"}],"wp:featuredmedia":[{"embeddable":true,"href":"https:\/\/yotavis.ch\/fr\/wp-json\/wp\/v2\/media\/10222"}],"wp:attachment":[{"href":"https:\/\/yotavis.ch\/fr\/wp-json\/wp\/v2\/media?parent=9891"}],"wp:term":[{"taxonomy":"product_brand","embeddable":true,"href":"https:\/\/yotavis.ch\/fr\/wp-json\/wp\/v2\/product_brand?post=9891"},{"taxonomy":"product_cat","embeddable":true,"href":"https:\/\/yotavis.ch\/fr\/wp-json\/wp\/v2\/product_cat?post=9891"},{"taxonomy":"product_tag","embeddable":true,"href":"https:\/\/yotavis.ch\/fr\/wp-json\/wp\/v2\/product_tag?post=9891"}],"curies":[{"name":"wp","href":"https:\/\/api.w.org\/{rel}","templated":true}]}}