{"id":9892,"date":"2025-10-09T00:00:00","date_gmt":"2025-10-08T22:00:00","guid":{"rendered":"https:\/\/yotavis.ch\/product\/ms2090a-0709\/"},"modified":"2026-04-24T13:37:42","modified_gmt":"2026-04-24T11:37:42","slug":"ms2090a-0709","status":"publish","type":"product","link":"https:\/\/yotavis.ch\/fr\/produit\/ms2090a-0709\/","title":{"rendered":"MS2090A-0709"},"content":{"rendered":"<p>Le MS2090A-0709 d'Anritsu est un analyseur de spectre RF portable haute fr\u00e9quence capable de fonctionner jusqu'\u00e0 9 GHz. Il pr\u00e9sente un niveau de bruit de phase de -102 dBc\/Hz, garantissant une analyse pr\u00e9cise du signal. L'appareil prend en charge une largeur de bande d'analyse de 150 MHz, ce qui permet un examen d\u00e9taill\u00e9 des caract\u00e9ristiques du signal dans cette plage. Il comprend \u00e9galement une fonctionnalit\u00e9 d'analyse de spectre en temps r\u00e9el (RTSA), am\u00e9liorant sa capacit\u00e9 \u00e0 capturer et \u00e0 analyser les signaux transitoires. Le niveau de bruit moyen affich\u00e9 (DANL) est de -164 dBm\/Hz, ce qui t\u00e9moigne de la sensibilit\u00e9 de l'instrument \u00e0 d\u00e9tecter les signaux de faible niveau. Con\u00e7u pour \u00eatre portable, cet appareil portatif facilite les mesures sur le terrain et les essais sur site. La gamme de fr\u00e9quences s'\u00e9tend de 9 000 Hz \u00e0 9 000 MHz, couvrant un large spectre pour diverses applications.<\/p>","protected":false},"excerpt":{"rendered":"<p>Analyseur de spectre RF portable haute fr\u00e9quence 9GHz<\/p>","protected":false},"featured_media":10228,"comment_status":"closed","ping_status":"closed","template":"","meta":{"_acf_changed":false,"slim_seo":{"title":"MS2090A-0709 - YOTAVIS AG","description":"Analyseur de spectre RF portable haute fr\u00e9quence 9GHz"}},"product_brand":[758],"product_cat":[523,524],"product_tag":[],"class_list":{"0":"post-9892","1":"product","2":"type-product","3":"status-publish","4":"has-post-thumbnail","6":"product_brand-anritsu","7":"product_cat-analyser","8":"product_cat-signal-spectrum-analyser","9":"pa_analysis-bandwidth-mhz-783","10":"pa_danl-dbm-hz-784","11":"pa_frequency-max-mhz-782","12":"pa_frequency-min-hz-177","13":"pa_handheld-yes","14":"pa_rtsa-yes","16":"first","17":"instock","18":"taxable","19":"shipping-taxable","20":"product-type-simple"},"acf":[],"_links":{"self":[{"href":"https:\/\/yotavis.ch\/fr\/wp-json\/wp\/v2\/product\/9892","targetHints":{"allow":["GET"]}}],"collection":[{"href":"https:\/\/yotavis.ch\/fr\/wp-json\/wp\/v2\/product"}],"about":[{"href":"https:\/\/yotavis.ch\/fr\/wp-json\/wp\/v2\/types\/product"}],"replies":[{"embeddable":true,"href":"https:\/\/yotavis.ch\/fr\/wp-json\/wp\/v2\/comments?post=9892"}],"wp:featuredmedia":[{"embeddable":true,"href":"https:\/\/yotavis.ch\/fr\/wp-json\/wp\/v2\/media\/10228"}],"wp:attachment":[{"href":"https:\/\/yotavis.ch\/fr\/wp-json\/wp\/v2\/media?parent=9892"}],"wp:term":[{"taxonomy":"product_brand","embeddable":true,"href":"https:\/\/yotavis.ch\/fr\/wp-json\/wp\/v2\/product_brand?post=9892"},{"taxonomy":"product_cat","embeddable":true,"href":"https:\/\/yotavis.ch\/fr\/wp-json\/wp\/v2\/product_cat?post=9892"},{"taxonomy":"product_tag","embeddable":true,"href":"https:\/\/yotavis.ch\/fr\/wp-json\/wp\/v2\/product_tag?post=9892"}],"curies":[{"name":"wp","href":"https:\/\/api.w.org\/{rel}","templated":true}]}}