{"id":9893,"date":"2025-10-09T00:00:00","date_gmt":"2025-10-08T22:00:00","guid":{"rendered":"https:\/\/yotavis.ch\/product\/ms2090a-0714\/"},"modified":"2026-04-24T13:37:42","modified_gmt":"2026-04-24T11:37:42","slug":"ms2090a-0714","status":"publish","type":"product","link":"https:\/\/yotavis.ch\/fr\/produit\/ms2090a-0714\/","title":{"rendered":"MS2090A-0714"},"content":{"rendered":"<p>Le MS2090A-0714 d'Anritsu est un analyseur de spectre RF portable haute fr\u00e9quence capable de fonctionner jusqu'\u00e0 14 GHz. Il dispose d'une gamme de fr\u00e9quences allant de 9 kHz \u00e0 un maximum de 14 000 MHz. Cet appareil inclut une sp\u00e9cification de bruit de phase de -102 dBc\/Hz, ce qui est essentiel pour \u00e9valuer la puret\u00e9 du signal. L'analyseur prend en charge une largeur de bande d'analyse de 150 MHz, ce qui permet un examen d\u00e9taill\u00e9 des composantes du signal dans cette plage. Il offre \u00e9galement un niveau de bruit moyen affich\u00e9 (DANL) de -164 dBm\/Hz, indiquant sa sensibilit\u00e9 aux signaux de faible niveau. Le MS2090A-0714 est con\u00e7u pour \u00eatre utilis\u00e9 \u00e0 la main, ce qui lui conf\u00e8re une grande portabilit\u00e9 pour les mesures sur le terrain. En outre, il comprend des capacit\u00e9s d'analyse de spectre en temps r\u00e9el (RTSA), permettant la capture et l'analyse de signaux transitoires et dynamiques en temps r\u00e9el.<\/p>","protected":false},"excerpt":{"rendered":"<p>Analyseur de spectre RF portable haute fr\u00e9quence 14GHz<\/p>","protected":false},"featured_media":10228,"comment_status":"closed","ping_status":"closed","template":"","meta":{"_acf_changed":false,"slim_seo":{"title":"MS2090A-0714 - YOTAVIS AG","description":"Analyseur de spectre RF portable haute fr\u00e9quence 14GHz"}},"product_brand":[758],"product_cat":[523,524],"product_tag":[],"class_list":{"0":"post-9893","1":"product","2":"type-product","3":"status-publish","4":"has-post-thumbnail","6":"product_brand-anritsu","7":"product_cat-analyser","8":"product_cat-signal-spectrum-analyser","9":"pa_analysis-bandwidth-mhz-783","10":"pa_danl-dbm-hz-784","11":"pa_frequency-max-mhz-466","12":"pa_frequency-min-hz-177","13":"pa_handheld-yes","14":"pa_rtsa-yes","16":"first","17":"instock","18":"taxable","19":"shipping-taxable","20":"product-type-simple"},"acf":[],"_links":{"self":[{"href":"https:\/\/yotavis.ch\/fr\/wp-json\/wp\/v2\/product\/9893","targetHints":{"allow":["GET"]}}],"collection":[{"href":"https:\/\/yotavis.ch\/fr\/wp-json\/wp\/v2\/product"}],"about":[{"href":"https:\/\/yotavis.ch\/fr\/wp-json\/wp\/v2\/types\/product"}],"replies":[{"embeddable":true,"href":"https:\/\/yotavis.ch\/fr\/wp-json\/wp\/v2\/comments?post=9893"}],"wp:featuredmedia":[{"embeddable":true,"href":"https:\/\/yotavis.ch\/fr\/wp-json\/wp\/v2\/media\/10228"}],"wp:attachment":[{"href":"https:\/\/yotavis.ch\/fr\/wp-json\/wp\/v2\/media?parent=9893"}],"wp:term":[{"taxonomy":"product_brand","embeddable":true,"href":"https:\/\/yotavis.ch\/fr\/wp-json\/wp\/v2\/product_brand?post=9893"},{"taxonomy":"product_cat","embeddable":true,"href":"https:\/\/yotavis.ch\/fr\/wp-json\/wp\/v2\/product_cat?post=9893"},{"taxonomy":"product_tag","embeddable":true,"href":"https:\/\/yotavis.ch\/fr\/wp-json\/wp\/v2\/product_tag?post=9893"}],"curies":[{"name":"wp","href":"https:\/\/api.w.org\/{rel}","templated":true}]}}