{"id":9895,"date":"2025-10-09T00:00:00","date_gmt":"2025-10-08T22:00:00","guid":{"rendered":"https:\/\/yotavis.ch\/product\/ms2090a-0726\/"},"modified":"2026-04-24T13:37:43","modified_gmt":"2026-04-24T11:37:43","slug":"ms2090a-0726","status":"publish","type":"product","link":"https:\/\/yotavis.ch\/fr\/produit\/ms2090a-0726\/","title":{"rendered":"MS2090A-0726"},"content":{"rendered":"<p>Le MS2090A-0726 d'Anritsu est un analyseur de spectre RF portable haute fr\u00e9quence capable de fonctionner jusqu'\u00e0 26,5 GHz. Il pr\u00e9sente une fr\u00e9quence minimale de 9 kHz et offre une largeur de bande d'analyse de 150 MHz. Cet appareil comprend une fonction d'analyseur de spectre en temps r\u00e9el (RTSA), am\u00e9liorant sa capacit\u00e9 \u00e0 capturer et \u00e0 analyser des signaux en temps r\u00e9el. Le bruit de phase est \u00e9valu\u00e9 \u00e0 -102 dBc\/Hz, ce qui contribue \u00e0 la pr\u00e9cision de la mesure du signal. En outre, l'appareil pr\u00e9sente un niveau de bruit moyen affich\u00e9 (DANL) de -164 dBm\/Hz, ce qui indique sa sensibilit\u00e9 aux signaux de faible niveau. Con\u00e7u pour la portabilit\u00e9, le format portable permet une utilisation pratique sur le terrain. Le MS2090A-0726 combine une gamme de fr\u00e9quences \u00e9lev\u00e9e et des fonctions d'analyse en temps r\u00e9el dans une conception compacte et portable.<\/p>","protected":false},"excerpt":{"rendered":"<p>High Frequency Handheld RF Spectrum Analyzer 26,5GHz<\/p>","protected":false},"featured_media":10228,"comment_status":"closed","ping_status":"closed","template":"","meta":{"_acf_changed":false,"slim_seo":{"title":"MS2090A-0726 - YOTAVIS AG","description":"High Frequency Handheld RF Spectrum Analyzer 26,5GHz"}},"product_brand":[758],"product_cat":[523,524],"product_tag":[],"class_list":{"0":"post-9895","1":"product","2":"type-product","3":"status-publish","4":"has-post-thumbnail","6":"product_brand-anritsu","7":"product_cat-analyser","8":"product_cat-signal-spectrum-analyser","9":"pa_analysis-bandwidth-mhz-783","10":"pa_danl-dbm-hz-784","11":"pa_frequency-max-mhz-465","12":"pa_frequency-min-hz-177","13":"pa_handheld-yes","14":"pa_rtsa-yes","16":"first","17":"instock","18":"taxable","19":"shipping-taxable","20":"product-type-simple"},"acf":[],"_links":{"self":[{"href":"https:\/\/yotavis.ch\/fr\/wp-json\/wp\/v2\/product\/9895","targetHints":{"allow":["GET"]}}],"collection":[{"href":"https:\/\/yotavis.ch\/fr\/wp-json\/wp\/v2\/product"}],"about":[{"href":"https:\/\/yotavis.ch\/fr\/wp-json\/wp\/v2\/types\/product"}],"replies":[{"embeddable":true,"href":"https:\/\/yotavis.ch\/fr\/wp-json\/wp\/v2\/comments?post=9895"}],"wp:featuredmedia":[{"embeddable":true,"href":"https:\/\/yotavis.ch\/fr\/wp-json\/wp\/v2\/media\/10228"}],"wp:attachment":[{"href":"https:\/\/yotavis.ch\/fr\/wp-json\/wp\/v2\/media?parent=9895"}],"wp:term":[{"taxonomy":"product_brand","embeddable":true,"href":"https:\/\/yotavis.ch\/fr\/wp-json\/wp\/v2\/product_brand?post=9895"},{"taxonomy":"product_cat","embeddable":true,"href":"https:\/\/yotavis.ch\/fr\/wp-json\/wp\/v2\/product_cat?post=9895"},{"taxonomy":"product_tag","embeddable":true,"href":"https:\/\/yotavis.ch\/fr\/wp-json\/wp\/v2\/product_tag?post=9895"}],"curies":[{"name":"wp","href":"https:\/\/api.w.org\/{rel}","templated":true}]}}