{"id":9896,"date":"2025-10-09T00:00:00","date_gmt":"2025-10-08T22:00:00","guid":{"rendered":"https:\/\/yotavis.ch\/product\/ms2090a-0732\/"},"modified":"2026-04-24T13:37:43","modified_gmt":"2026-04-24T11:37:43","slug":"ms2090a-0732","status":"publish","type":"product","link":"https:\/\/yotavis.ch\/fr\/produit\/ms2090a-0732\/","title":{"rendered":"MS2090A-0732"},"content":{"rendered":"<p>Le MS2090A-0732 d'Anritsu est un analyseur de spectre RF portable haute fr\u00e9quence capable de fonctionner jusqu'\u00e0 32 GHz. Il pr\u00e9sente une fr\u00e9quence minimale de 9 kHz et une fr\u00e9quence maximale de 32 000 MHz, ce qui le rend adapt\u00e9 \u00e0 une large gamme d'applications d'analyse RF. Cet appareil pr\u00e9sente un bruit de phase de -102 dBc\/Hz et une largeur de bande d'analyse de 150 MHz, ce qui permet un examen d\u00e9taill\u00e9 du signal. L'analyseur offre \u00e9galement un niveau de bruit moyen affich\u00e9 (DANL) de -164 dBm\/Hz, qui permet la d\u00e9tection de signaux de tr\u00e8s faible niveau. Il est con\u00e7u comme un instrument portatif, offrant une portabilit\u00e9 pour une utilisation sur le terrain. En outre, le MS2090A-0732 prend en charge l'analyse de spectre en temps r\u00e9el (RTSA), ce qui permet une surveillance et une analyse dynamiques des signaux. Ces caract\u00e9ristiques combin\u00e9es font du MS2090A-0732 un outil polyvalent pour les t\u00e2ches d'analyse du spectre RF.<\/p>","protected":false},"excerpt":{"rendered":"<p>High Frequency Handheld RF Spectrum Analyzer 32 GHz<\/p>","protected":false},"featured_media":10228,"comment_status":"closed","ping_status":"closed","template":"","meta":{"_acf_changed":false,"slim_seo":{"title":"MS2090A-0732 - YOTAVIS AG","description":"High Frequency Handheld RF Spectrum Analyzer 32 GHz"}},"product_brand":[758],"product_cat":[523,524],"product_tag":[],"class_list":{"0":"post-9896","1":"product","2":"type-product","3":"status-publish","4":"has-post-thumbnail","6":"product_brand-anritsu","7":"product_cat-analyser","8":"product_cat-signal-spectrum-analyser","9":"pa_analysis-bandwidth-mhz-783","10":"pa_danl-dbm-hz-784","11":"pa_frequency-max-mhz-759","12":"pa_frequency-min-hz-177","13":"pa_handheld-yes","14":"pa_rtsa-yes","16":"first","17":"instock","18":"taxable","19":"shipping-taxable","20":"product-type-simple"},"acf":[],"_links":{"self":[{"href":"https:\/\/yotavis.ch\/fr\/wp-json\/wp\/v2\/product\/9896","targetHints":{"allow":["GET"]}}],"collection":[{"href":"https:\/\/yotavis.ch\/fr\/wp-json\/wp\/v2\/product"}],"about":[{"href":"https:\/\/yotavis.ch\/fr\/wp-json\/wp\/v2\/types\/product"}],"replies":[{"embeddable":true,"href":"https:\/\/yotavis.ch\/fr\/wp-json\/wp\/v2\/comments?post=9896"}],"wp:featuredmedia":[{"embeddable":true,"href":"https:\/\/yotavis.ch\/fr\/wp-json\/wp\/v2\/media\/10228"}],"wp:attachment":[{"href":"https:\/\/yotavis.ch\/fr\/wp-json\/wp\/v2\/media?parent=9896"}],"wp:term":[{"taxonomy":"product_brand","embeddable":true,"href":"https:\/\/yotavis.ch\/fr\/wp-json\/wp\/v2\/product_brand?post=9896"},{"taxonomy":"product_cat","embeddable":true,"href":"https:\/\/yotavis.ch\/fr\/wp-json\/wp\/v2\/product_cat?post=9896"},{"taxonomy":"product_tag","embeddable":true,"href":"https:\/\/yotavis.ch\/fr\/wp-json\/wp\/v2\/product_tag?post=9896"}],"curies":[{"name":"wp","href":"https:\/\/api.w.org\/{rel}","templated":true}]}}