{"id":9897,"date":"2025-10-09T00:00:00","date_gmt":"2025-10-08T22:00:00","guid":{"rendered":"https:\/\/yotavis.ch\/product\/ms2090a-0743\/"},"modified":"2026-04-24T13:37:44","modified_gmt":"2026-04-24T11:37:44","slug":"ms2090a-0743","status":"publish","type":"product","link":"https:\/\/yotavis.ch\/fr\/produit\/ms2090a-0743\/","title":{"rendered":"MS2090A-0743"},"content":{"rendered":"<p>Le MS2090A-0743 d'Anritsu est un analyseur de spectre RF portable haute fr\u00e9quence capable de fonctionner jusqu'\u00e0 une fr\u00e9quence maximale de 43,5 GHz, avec une fr\u00e9quence minimale de 9 kHz. Il pr\u00e9sente un niveau de bruit de phase de -102 dBc\/Hz, ce qui contribue \u00e0 la clart\u00e9 du signal pendant l'analyse. L'appareil prend en charge une largeur de bande d'analyse de 150 MHz, ce qui permet un examen d\u00e9taill\u00e9 des spectres de signaux dans cette plage. Il pr\u00e9sente \u00e9galement un DANL (Displayed Average Noise Level) de -164 dBm\/Hz, ce qui indique sa sensibilit\u00e9 aux signaux de faible niveau. Cet analyseur de spectre portable est \u00e9quip\u00e9 de capacit\u00e9s d'analyse de spectre en temps r\u00e9el (RTSA), ce qui lui permet de capturer et d'analyser efficacement les signaux transitoires. Con\u00e7u pour \u00eatre portable, le MS2090A-0743 facilite les mesures sur le terrain et les tests sur site sans n\u00e9cessiter d'\u00e9quipement encombrant. La combinaison d'une gamme de fr\u00e9quences \u00e9lev\u00e9e, d'un faible bruit de fond et d'une analyse en temps r\u00e9el le rend adapt\u00e9 \u00e0 diverses applications de mesure RF.<\/p>","protected":false},"excerpt":{"rendered":"<p>Analyseur de spectre RF portable haute fr\u00e9quence 43,5GHz<\/p>","protected":false},"featured_media":10228,"comment_status":"closed","ping_status":"closed","template":"","meta":{"_acf_changed":false,"slim_seo":{"title":"MS2090A-0743 - YOTAVIS AG","description":"Analyseur de spectre RF portable haute fr\u00e9quence 43,5GHz"}},"product_brand":[758],"product_cat":[523,524],"product_tag":[],"class_list":{"0":"post-9897","1":"product","2":"type-product","3":"status-publish","4":"has-post-thumbnail","6":"product_brand-anritsu","7":"product_cat-analyser","8":"product_cat-signal-spectrum-analyser","9":"pa_analysis-bandwidth-mhz-783","10":"pa_danl-dbm-hz-784","11":"pa_frequency-max-mhz-785","12":"pa_frequency-min-hz-177","13":"pa_handheld-yes","14":"pa_rtsa-yes","16":"first","17":"instock","18":"taxable","19":"shipping-taxable","20":"product-type-simple"},"acf":[],"_links":{"self":[{"href":"https:\/\/yotavis.ch\/fr\/wp-json\/wp\/v2\/product\/9897","targetHints":{"allow":["GET"]}}],"collection":[{"href":"https:\/\/yotavis.ch\/fr\/wp-json\/wp\/v2\/product"}],"about":[{"href":"https:\/\/yotavis.ch\/fr\/wp-json\/wp\/v2\/types\/product"}],"replies":[{"embeddable":true,"href":"https:\/\/yotavis.ch\/fr\/wp-json\/wp\/v2\/comments?post=9897"}],"wp:featuredmedia":[{"embeddable":true,"href":"https:\/\/yotavis.ch\/fr\/wp-json\/wp\/v2\/media\/10228"}],"wp:attachment":[{"href":"https:\/\/yotavis.ch\/fr\/wp-json\/wp\/v2\/media?parent=9897"}],"wp:term":[{"taxonomy":"product_brand","embeddable":true,"href":"https:\/\/yotavis.ch\/fr\/wp-json\/wp\/v2\/product_brand?post=9897"},{"taxonomy":"product_cat","embeddable":true,"href":"https:\/\/yotavis.ch\/fr\/wp-json\/wp\/v2\/product_cat?post=9897"},{"taxonomy":"product_tag","embeddable":true,"href":"https:\/\/yotavis.ch\/fr\/wp-json\/wp\/v2\/product_tag?post=9897"}],"curies":[{"name":"wp","href":"https:\/\/api.w.org\/{rel}","templated":true}]}}