{"id":9901,"date":"2025-10-09T00:00:00","date_gmt":"2025-10-08T22:00:00","guid":{"rendered":"https:\/\/yotavis.ch\/product\/ms2760a-0050\/"},"modified":"2026-04-24T13:37:45","modified_gmt":"2026-04-24T11:37:45","slug":"ms2760a-0050","status":"publish","type":"product","link":"https:\/\/yotavis.ch\/fr\/produit\/ms2760a-0050\/","title":{"rendered":"MS2760A-0050"},"content":{"rendered":"<p>L'Anritsu MS2760A-0050 est un analyseur de spectre ultraportable con\u00e7u pour fonctionner dans une gamme de fr\u00e9quences allant de 9 kHz \u00e0 50 GHz. Il pr\u00e9sente une sp\u00e9cification de bruit de phase de -110 dBc\/Hz, garantissant une analyse pr\u00e9cise du signal. L'appareil offre une largeur de bande d'analyse de 3 MHz, ce qui permet un examen d\u00e9taill\u00e9 des composantes du signal. Son niveau de bruit moyen affich\u00e9 (DANL) est de -128 dBm\/Hz, ce qui contribue \u00e0 sa sensibilit\u00e9 dans la d\u00e9tection des signaux de faible niveau. Cet analyseur de spectre n'est pas portatif, ce qui signifie qu'il est destin\u00e9 \u00e0 une utilisation fixe ou sur table. La capacit\u00e9 de fr\u00e9quence maximale s'\u00e9tend jusqu'\u00e0 50 000 MHz, ce qui permet de r\u00e9pondre \u00e0 une large gamme d'applications \u00e0 haute fr\u00e9quence. Le MS2760A-0050 n'inclut pas la fonctionnalit\u00e9 d'analyse de spectre en temps r\u00e9el (RTSA).<\/p>","protected":false},"excerpt":{"rendered":"<p>Analyseur de spectre ultraportable 50GHz<\/p>","protected":false},"featured_media":10235,"comment_status":"closed","ping_status":"closed","template":"","meta":{"_acf_changed":false,"slim_seo":{"title":"MS2760A-0050 - YOTAVIS AG","description":"Analyseur de spectre ultraportable 50GHz"}},"product_brand":[758],"product_cat":[523,524],"product_tag":[],"class_list":{"0":"post-9901","1":"product","2":"type-product","3":"status-publish","4":"has-post-thumbnail","6":"product_brand-anritsu","7":"product_cat-analyser","8":"product_cat-signal-spectrum-analyser","9":"pa_analysis-bandwidth-mhz-191","10":"pa_danl-dbm-hz-790","11":"pa_frequency-max-mhz-789","12":"pa_frequency-min-hz-177","13":"pa_handheld-no","14":"pa_rtsa-no","16":"first","17":"instock","18":"taxable","19":"shipping-taxable","20":"product-type-simple"},"acf":[],"_links":{"self":[{"href":"https:\/\/yotavis.ch\/fr\/wp-json\/wp\/v2\/product\/9901","targetHints":{"allow":["GET"]}}],"collection":[{"href":"https:\/\/yotavis.ch\/fr\/wp-json\/wp\/v2\/product"}],"about":[{"href":"https:\/\/yotavis.ch\/fr\/wp-json\/wp\/v2\/types\/product"}],"replies":[{"embeddable":true,"href":"https:\/\/yotavis.ch\/fr\/wp-json\/wp\/v2\/comments?post=9901"}],"wp:featuredmedia":[{"embeddable":true,"href":"https:\/\/yotavis.ch\/fr\/wp-json\/wp\/v2\/media\/10235"}],"wp:attachment":[{"href":"https:\/\/yotavis.ch\/fr\/wp-json\/wp\/v2\/media?parent=9901"}],"wp:term":[{"taxonomy":"product_brand","embeddable":true,"href":"https:\/\/yotavis.ch\/fr\/wp-json\/wp\/v2\/product_brand?post=9901"},{"taxonomy":"product_cat","embeddable":true,"href":"https:\/\/yotavis.ch\/fr\/wp-json\/wp\/v2\/product_cat?post=9901"},{"taxonomy":"product_tag","embeddable":true,"href":"https:\/\/yotavis.ch\/fr\/wp-json\/wp\/v2\/product_tag?post=9901"}],"curies":[{"name":"wp","href":"https:\/\/api.w.org\/{rel}","templated":true}]}}