{"id":9903,"date":"2025-10-09T00:00:00","date_gmt":"2025-10-08T22:00:00","guid":{"rendered":"https:\/\/yotavis.ch\/product\/ms2760a-0090\/"},"modified":"2026-04-24T13:37:46","modified_gmt":"2026-04-24T11:37:46","slug":"ms2760a-0090","status":"publish","type":"product","link":"https:\/\/yotavis.ch\/fr\/produit\/ms2760a-0090\/","title":{"rendered":"MS2760A-0090"},"content":{"rendered":"<p>Le MS2760A-0090 d'Anritsu est un analyseur de spectre ultraportable con\u00e7u pour fonctionner dans une gamme de fr\u00e9quences de 9 kHz \u00e0 90 GHz. Il pr\u00e9sente une sp\u00e9cification de bruit de phase de -110 dBc\/Hz, ce qui est essentiel pour les applications n\u00e9cessitant une analyse pr\u00e9cise des signaux. L'appareil offre une largeur de bande d'analyse de 3 MHz, ce qui permet un examen d\u00e9taill\u00e9 des composantes du signal dans cette plage. Le niveau de bruit moyen affich\u00e9 (DANL) est de -127 dBm\/Hz, ce qui indique sa sensibilit\u00e9 aux signaux de faible niveau. Cet analyseur de spectre n'est pas portatif, ce qui sugg\u00e8re qu'il est destin\u00e9 \u00e0 \u00eatre utilis\u00e9 dans une installation fixe ou sur un banc. Le MS2760A-0090 ne comprend pas de fonctions d'analyse de spectre en temps r\u00e9el (RTSA). Ces sp\u00e9cifications le rendent adapt\u00e9 aux tests de signaux haute fr\u00e9quence et aux t\u00e2ches de mesure o\u00f9 la pr\u00e9cision et la sensibilit\u00e9 sont essentielles.<\/p>","protected":false},"excerpt":{"rendered":"<p>Analyseur de spectre ultraportable 90GHz<\/p>","protected":false},"featured_media":10235,"comment_status":"closed","ping_status":"closed","template":"","meta":{"_acf_changed":false,"slim_seo":{"title":"MS2760A-0090 - YOTAVIS AG","description":"Analyseur de spectre ultraportable 90GHz"}},"product_brand":[758],"product_cat":[523,524],"product_tag":[],"class_list":{"0":"post-9903","1":"product","2":"type-product","3":"status-publish","4":"has-post-thumbnail","6":"product_brand-anritsu","7":"product_cat-analyser","8":"product_cat-signal-spectrum-analyser","9":"pa_analysis-bandwidth-mhz-191","10":"pa_danl-dbm-hz-793","11":"pa_frequency-max-mhz-792","12":"pa_frequency-min-hz-177","13":"pa_handheld-no","14":"pa_rtsa-no","16":"first","17":"instock","18":"taxable","19":"shipping-taxable","20":"product-type-simple"},"acf":[],"_links":{"self":[{"href":"https:\/\/yotavis.ch\/fr\/wp-json\/wp\/v2\/product\/9903","targetHints":{"allow":["GET"]}}],"collection":[{"href":"https:\/\/yotavis.ch\/fr\/wp-json\/wp\/v2\/product"}],"about":[{"href":"https:\/\/yotavis.ch\/fr\/wp-json\/wp\/v2\/types\/product"}],"replies":[{"embeddable":true,"href":"https:\/\/yotavis.ch\/fr\/wp-json\/wp\/v2\/comments?post=9903"}],"wp:featuredmedia":[{"embeddable":true,"href":"https:\/\/yotavis.ch\/fr\/wp-json\/wp\/v2\/media\/10235"}],"wp:attachment":[{"href":"https:\/\/yotavis.ch\/fr\/wp-json\/wp\/v2\/media?parent=9903"}],"wp:term":[{"taxonomy":"product_brand","embeddable":true,"href":"https:\/\/yotavis.ch\/fr\/wp-json\/wp\/v2\/product_brand?post=9903"},{"taxonomy":"product_cat","embeddable":true,"href":"https:\/\/yotavis.ch\/fr\/wp-json\/wp\/v2\/product_cat?post=9903"},{"taxonomy":"product_tag","embeddable":true,"href":"https:\/\/yotavis.ch\/fr\/wp-json\/wp\/v2\/product_tag?post=9903"}],"curies":[{"name":"wp","href":"https:\/\/api.w.org\/{rel}","templated":true}]}}