{"id":9904,"date":"2025-10-09T00:00:00","date_gmt":"2025-10-08T22:00:00","guid":{"rendered":"https:\/\/yotavis.ch\/product\/ms2760a-0110\/"},"modified":"2026-04-24T13:37:46","modified_gmt":"2026-04-24T11:37:46","slug":"ms2760a-0110","status":"publish","type":"product","link":"https:\/\/yotavis.ch\/fr\/produit\/ms2760a-0110\/","title":{"rendered":"MS2760A-0110"},"content":{"rendered":"<p>L'analyseur de spectre ultraportable Anritsu MS2760A-0110 fonctionne avec une fr\u00e9quence maximale de 110 000 MHz et une fr\u00e9quence minimale de 9 000 Hz, offrant ainsi une large gamme pour l'analyse des signaux. Il pr\u00e9sente un niveau de bruit de phase de -110 dBc\/Hz, ce qui contribue \u00e0 sa pr\u00e9cision dans les mesures de fr\u00e9quence. L'appareil offre une largeur de bande d'analyse de 3 MHz, ce qui permet un examen d\u00e9taill\u00e9 des composantes du signal dans cette plage. Son niveau de bruit moyen affich\u00e9 (DANL) est de -123 dBm\/Hz, ce qui indique sa sensibilit\u00e9 aux signaux de faible niveau. Bien qu'il ne soit pas portable, l'analyseur est con\u00e7u pour la portabilit\u00e9, ce qui le rend adapt\u00e9 \u00e0 divers environnements de test. Le MS2760A-0110 ne comprend pas de fonctions d'analyse de spectre en temps r\u00e9el (RTSA). Cet analyseur de spectre est \u00e9quip\u00e9 pour traiter des t\u00e2ches d'analyse de signaux complexes avec ses param\u00e8tres techniques sp\u00e9cifi\u00e9s et fait partie de la gamme de produits Anritsu.<\/p>","protected":false},"excerpt":{"rendered":"<p>Analyseur de spectre ultraportable 110GHz<\/p>","protected":false},"featured_media":10235,"comment_status":"closed","ping_status":"closed","template":"","meta":{"_acf_changed":false,"slim_seo":{"title":"MS2760A-0110 - YOTAVIS AG","description":"Analyseur de spectre ultraportable 110GHz"}},"product_brand":[758],"product_cat":[523,524],"product_tag":[],"class_list":{"0":"post-9904","1":"product","2":"type-product","3":"status-publish","4":"has-post-thumbnail","6":"product_brand-anritsu","7":"product_cat-analyser","8":"product_cat-signal-spectrum-analyser","9":"pa_analysis-bandwidth-mhz-191","10":"pa_danl-dbm-hz-795","11":"pa_frequency-max-mhz-794","12":"pa_frequency-min-hz-177","13":"pa_handheld-no","14":"pa_rtsa-no","16":"first","17":"instock","18":"taxable","19":"shipping-taxable","20":"product-type-simple"},"acf":[],"_links":{"self":[{"href":"https:\/\/yotavis.ch\/fr\/wp-json\/wp\/v2\/product\/9904","targetHints":{"allow":["GET"]}}],"collection":[{"href":"https:\/\/yotavis.ch\/fr\/wp-json\/wp\/v2\/product"}],"about":[{"href":"https:\/\/yotavis.ch\/fr\/wp-json\/wp\/v2\/types\/product"}],"replies":[{"embeddable":true,"href":"https:\/\/yotavis.ch\/fr\/wp-json\/wp\/v2\/comments?post=9904"}],"wp:featuredmedia":[{"embeddable":true,"href":"https:\/\/yotavis.ch\/fr\/wp-json\/wp\/v2\/media\/10235"}],"wp:attachment":[{"href":"https:\/\/yotavis.ch\/fr\/wp-json\/wp\/v2\/media?parent=9904"}],"wp:term":[{"taxonomy":"product_brand","embeddable":true,"href":"https:\/\/yotavis.ch\/fr\/wp-json\/wp\/v2\/product_brand?post=9904"},{"taxonomy":"product_cat","embeddable":true,"href":"https:\/\/yotavis.ch\/fr\/wp-json\/wp\/v2\/product_cat?post=9904"},{"taxonomy":"product_tag","embeddable":true,"href":"https:\/\/yotavis.ch\/fr\/wp-json\/wp\/v2\/product_tag?post=9904"}],"curies":[{"name":"wp","href":"https:\/\/api.w.org\/{rel}","templated":true}]}}