{"id":9905,"date":"2025-10-09T00:00:00","date_gmt":"2025-10-08T22:00:00","guid":{"rendered":"https:\/\/yotavis.ch\/product\/ms2760a-0145\/"},"modified":"2026-04-24T13:37:48","modified_gmt":"2026-04-24T11:37:48","slug":"ms2760a-0145","status":"publish","type":"product","link":"https:\/\/yotavis.ch\/fr\/produit\/ms2760a-0145\/","title":{"rendered":"MS2760A-0145"},"content":{"rendered":"<p>L'analyseur de spectre ultraportable MS2760A-0145 d'Anritsu fonctionne sur une gamme de fr\u00e9quences allant de 9 kHz \u00e0 145 GHz, ce qui le rend adapt\u00e9 \u00e0 une grande vari\u00e9t\u00e9 d'applications de mesure \u00e0 haute fr\u00e9quence. Il pr\u00e9sente une sp\u00e9cification de bruit de phase de -110 dBc\/Hz, ce qui indique sa capacit\u00e9 \u00e0 maintenir l'int\u00e9grit\u00e9 du signal pendant l'analyse. L'appareil offre une largeur de bande d'analyse de 3 MHz, ce qui permet un examen d\u00e9taill\u00e9 des composantes du signal dans cette plage. Le niveau de bruit moyen affich\u00e9 (DANL) est de -112 dBm\/Hz, ce qui donne une id\u00e9e de la sensibilit\u00e9 et du bruit de fond de l'instrument. Bien qu'il ne soit pas portable, l'analyseur est con\u00e7u pour \u00eatre ultraportable, ce qui facilite son utilisation dans diff\u00e9rents environnements. Le MS2760A-0145 ne comprend pas de fonctions d'analyse de spectre en temps r\u00e9el (RTSA). Cet analyseur de spectre est con\u00e7u pour permettre des mesures pr\u00e9cises et fiables sur un large spectre de fr\u00e9quences, ce qui en fait un outil polyvalent pour les professionnels travaillant avec des signaux micro-ondes et ondes millim\u00e9triques.<\/p>","protected":false},"excerpt":{"rendered":"<p>Ultraportable Spectrum Analyser 145GHz<\/p>","protected":false},"featured_media":10235,"comment_status":"closed","ping_status":"closed","template":"","meta":{"_acf_changed":false,"slim_seo":{"title":"MS2760A-0145 - YOTAVIS AG","description":"Ultraportable Spectrum Analyser 145GHz"}},"product_brand":[758],"product_cat":[523,524],"product_tag":[],"class_list":{"0":"post-9905","1":"product","2":"type-product","3":"status-publish","4":"has-post-thumbnail","6":"product_brand-anritsu","7":"product_cat-analyser","8":"product_cat-signal-spectrum-analyser","9":"pa_analysis-bandwidth-mhz-191","10":"pa_danl-dbm-hz-797","11":"pa_frequency-max-mhz-796","12":"pa_frequency-min-hz-177","13":"pa_handheld-no","14":"pa_rtsa-no","16":"first","17":"instock","18":"taxable","19":"shipping-taxable","20":"product-type-simple"},"acf":[],"_links":{"self":[{"href":"https:\/\/yotavis.ch\/fr\/wp-json\/wp\/v2\/product\/9905","targetHints":{"allow":["GET"]}}],"collection":[{"href":"https:\/\/yotavis.ch\/fr\/wp-json\/wp\/v2\/product"}],"about":[{"href":"https:\/\/yotavis.ch\/fr\/wp-json\/wp\/v2\/types\/product"}],"replies":[{"embeddable":true,"href":"https:\/\/yotavis.ch\/fr\/wp-json\/wp\/v2\/comments?post=9905"}],"wp:featuredmedia":[{"embeddable":true,"href":"https:\/\/yotavis.ch\/fr\/wp-json\/wp\/v2\/media\/10235"}],"wp:attachment":[{"href":"https:\/\/yotavis.ch\/fr\/wp-json\/wp\/v2\/media?parent=9905"}],"wp:term":[{"taxonomy":"product_brand","embeddable":true,"href":"https:\/\/yotavis.ch\/fr\/wp-json\/wp\/v2\/product_brand?post=9905"},{"taxonomy":"product_cat","embeddable":true,"href":"https:\/\/yotavis.ch\/fr\/wp-json\/wp\/v2\/product_cat?post=9905"},{"taxonomy":"product_tag","embeddable":true,"href":"https:\/\/yotavis.ch\/fr\/wp-json\/wp\/v2\/product_tag?post=9905"}],"curies":[{"name":"wp","href":"https:\/\/api.w.org\/{rel}","templated":true}]}}