{"id":9906,"date":"2025-10-09T00:00:00","date_gmt":"2025-10-08T22:00:00","guid":{"rendered":"https:\/\/yotavis.ch\/product\/ms2760a-0170\/"},"modified":"2026-04-24T13:37:49","modified_gmt":"2026-04-24T11:37:49","slug":"ms2760a-0170","status":"publish","type":"product","link":"https:\/\/yotavis.ch\/fr\/produit\/ms2760a-0170\/","title":{"rendered":"MS2760A-0170"},"content":{"rendered":"<p>L'analyseur de spectre ultraportable MS2760A-0170 d'Anritsu fonctionne sur une gamme de fr\u00e9quences allant de 9 kHz \u00e0 170 GHz, offrant une couverture \u00e9tendue pour diverses applications d'analyse de signaux. Il pr\u00e9sente une sp\u00e9cification de bruit de phase de -110 dBc\/Hz, ce qui est essentiel pour \u00e9valuer la puret\u00e9 et la stabilit\u00e9 du signal. L'appareil offre une largeur de bande d'analyse de 3 MHz, ce qui permet un examen d\u00e9taill\u00e9 des composantes du signal dans cette plage. Le niveau de bruit moyen affich\u00e9 (DANL) est de -107 dBm\/Hz, ce qui indique la sensibilit\u00e9 de l'instrument pour la d\u00e9tection des signaux de faible niveau. Bien qu'il ne soit pas portable, l'analyseur est con\u00e7u pour \u00eatre transportable, ce qui permet de l'utiliser dans diff\u00e9rents environnements. Le MS2760A-0170 ne comprend pas de fonctions d'analyse de spectre en temps r\u00e9el (RTSA). Ce mod\u00e8le est con\u00e7u pour permettre des mesures pr\u00e9cises et fiables sur un large spectre de fr\u00e9quences, afin de r\u00e9pondre aux besoins de tests et de diagnostics avanc\u00e9s.<\/p>","protected":false},"excerpt":{"rendered":"<p>Ultraportable Spectrum Analyser 170 GHz<\/p>","protected":false},"featured_media":10235,"comment_status":"closed","ping_status":"closed","template":"","meta":{"_acf_changed":false,"slim_seo":{"title":"MS2760A-0170 - YOTAVIS AG","description":"Ultraportable Spectrum Analyser 170 GHz"}},"product_brand":[758],"product_cat":[523,524],"product_tag":[],"class_list":{"0":"post-9906","1":"product","2":"type-product","3":"status-publish","4":"has-post-thumbnail","6":"product_brand-anritsu","7":"product_cat-analyser","8":"product_cat-signal-spectrum-analyser","9":"pa_analysis-bandwidth-mhz-191","10":"pa_danl-dbm-hz-799","11":"pa_frequency-max-mhz-798","12":"pa_frequency-min-hz-177","13":"pa_handheld-no","14":"pa_rtsa-no","16":"first","17":"instock","18":"taxable","19":"shipping-taxable","20":"product-type-simple"},"acf":[],"_links":{"self":[{"href":"https:\/\/yotavis.ch\/fr\/wp-json\/wp\/v2\/product\/9906","targetHints":{"allow":["GET"]}}],"collection":[{"href":"https:\/\/yotavis.ch\/fr\/wp-json\/wp\/v2\/product"}],"about":[{"href":"https:\/\/yotavis.ch\/fr\/wp-json\/wp\/v2\/types\/product"}],"replies":[{"embeddable":true,"href":"https:\/\/yotavis.ch\/fr\/wp-json\/wp\/v2\/comments?post=9906"}],"wp:featuredmedia":[{"embeddable":true,"href":"https:\/\/yotavis.ch\/fr\/wp-json\/wp\/v2\/media\/10235"}],"wp:attachment":[{"href":"https:\/\/yotavis.ch\/fr\/wp-json\/wp\/v2\/media?parent=9906"}],"wp:term":[{"taxonomy":"product_brand","embeddable":true,"href":"https:\/\/yotavis.ch\/fr\/wp-json\/wp\/v2\/product_brand?post=9906"},{"taxonomy":"product_cat","embeddable":true,"href":"https:\/\/yotavis.ch\/fr\/wp-json\/wp\/v2\/product_cat?post=9906"},{"taxonomy":"product_tag","embeddable":true,"href":"https:\/\/yotavis.ch\/fr\/wp-json\/wp\/v2\/product_tag?post=9906"}],"curies":[{"name":"wp","href":"https:\/\/api.w.org\/{rel}","templated":true}]}}