{"id":9907,"date":"2025-10-09T00:00:00","date_gmt":"2025-10-08T22:00:00","guid":{"rendered":"https:\/\/yotavis.ch\/product\/ms2762a-0032\/"},"modified":"2026-04-24T13:37:49","modified_gmt":"2026-04-24T11:37:49","slug":"ms2762a-0032","status":"publish","type":"product","link":"https:\/\/yotavis.ch\/fr\/produit\/ms2762a-0032\/","title":{"rendered":"MS2762A-0032"},"content":{"rendered":"<p>L'Anritsu MS2762A-0032 est un analyseur de spectre ultraportable con\u00e7u pour fonctionner dans une gamme de fr\u00e9quences de 6 GHz \u00e0 32 GHz. Il pr\u00e9sente un bruit de phase de -93 dBc\/Hz, garantissant une analyse pr\u00e9cise du signal. L'appareil offre une largeur de bande d'analyse de 3 MHz, ce qui permet un examen d\u00e9taill\u00e9 des caract\u00e9ristiques du signal dans cette plage. Son niveau de bruit moyen affich\u00e9 (DANL) est de -135 dBm\/Hz, ce qui contribue \u00e0 sa sensibilit\u00e9 dans la d\u00e9tection des signaux de faible niveau. Cet analyseur de spectre n'est pas portable et ne prend pas en charge l'analyse de spectre en temps r\u00e9el (RTSA). La capacit\u00e9 de fr\u00e9quence maximale s'\u00e9tend jusqu'\u00e0 32 000 MHz, ce qui le rend adapt\u00e9 \u00e0 une large gamme d'applications \u00e0 haute fr\u00e9quence. Le MS2762A-0032 est con\u00e7u sans caract\u00e9ristiques suppl\u00e9mentaires telles que la t\u00e9l\u00e9commande, l'\u00e9cran tactile ou les canaux num\u00e9riques, se concentrant sur les fonctions principales d'analyse de spectre.<\/p>","protected":false},"excerpt":{"rendered":"<p>Analyseur de spectre ultraportable 32GHz<\/p>","protected":false},"featured_media":10238,"comment_status":"closed","ping_status":"closed","template":"","meta":{"_acf_changed":false,"slim_seo":{"title":"MS2762A-0032 - YOTAVIS AG","description":"Analyseur de spectre ultraportable 32GHz"}},"product_brand":[758],"product_cat":[523,524],"product_tag":[],"class_list":{"0":"post-9907","1":"product","2":"type-product","3":"status-publish","4":"has-post-thumbnail","6":"product_brand-anritsu","7":"product_cat-analyser","8":"product_cat-signal-spectrum-analyser","9":"pa_analysis-bandwidth-mhz-191","10":"pa_danl-dbm-hz-801","11":"pa_frequency-max-mhz-759","12":"pa_frequency-min-hz-800","13":"pa_handheld-no","14":"pa_rtsa-no","16":"first","17":"instock","18":"taxable","19":"shipping-taxable","20":"product-type-simple"},"acf":[],"_links":{"self":[{"href":"https:\/\/yotavis.ch\/fr\/wp-json\/wp\/v2\/product\/9907","targetHints":{"allow":["GET"]}}],"collection":[{"href":"https:\/\/yotavis.ch\/fr\/wp-json\/wp\/v2\/product"}],"about":[{"href":"https:\/\/yotavis.ch\/fr\/wp-json\/wp\/v2\/types\/product"}],"replies":[{"embeddable":true,"href":"https:\/\/yotavis.ch\/fr\/wp-json\/wp\/v2\/comments?post=9907"}],"wp:featuredmedia":[{"embeddable":true,"href":"https:\/\/yotavis.ch\/fr\/wp-json\/wp\/v2\/media\/10238"}],"wp:attachment":[{"href":"https:\/\/yotavis.ch\/fr\/wp-json\/wp\/v2\/media?parent=9907"}],"wp:term":[{"taxonomy":"product_brand","embeddable":true,"href":"https:\/\/yotavis.ch\/fr\/wp-json\/wp\/v2\/product_brand?post=9907"},{"taxonomy":"product_cat","embeddable":true,"href":"https:\/\/yotavis.ch\/fr\/wp-json\/wp\/v2\/product_cat?post=9907"},{"taxonomy":"product_tag","embeddable":true,"href":"https:\/\/yotavis.ch\/fr\/wp-json\/wp\/v2\/product_tag?post=9907"}],"curies":[{"name":"wp","href":"https:\/\/api.w.org\/{rel}","templated":true}]}}