{"id":9911,"date":"2025-10-09T00:00:00","date_gmt":"2025-10-08T22:00:00","guid":{"rendered":"https:\/\/yotavis.ch\/product\/ms2762a-0090\/"},"modified":"2026-04-24T13:37:51","modified_gmt":"2026-04-24T11:37:51","slug":"ms2762a-0090","status":"publish","type":"product","link":"https:\/\/yotavis.ch\/fr\/produit\/ms2762a-0090\/","title":{"rendered":"MS2762A-0090"},"content":{"rendered":"<p>Le MS2762A-0090 d'Anritsu est un analyseur de spectre ultraportable con\u00e7u pour fonctionner dans une gamme de fr\u00e9quences allant de 6 GHz \u00e0 90 GHz. Il pr\u00e9sente une sp\u00e9cification de bruit de phase de -93 dBc\/Hz, qui est un param\u00e8tre critique pour \u00e9valuer la puret\u00e9 et la stabilit\u00e9 du signal. L'appareil offre une largeur de bande d'analyse de 3 MHz, ce qui permet un examen d\u00e9taill\u00e9 des composantes du signal dans cette plage. En outre, son niveau de bruit moyen affich\u00e9 (DANL) est de -136 dBm\/Hz, ce qui indique sa sensibilit\u00e9 aux signaux de faible niveau. Cet analyseur de spectre n'est pas portatif, ce qui sugg\u00e8re qu'il est destin\u00e9 \u00e0 une utilisation sur table ou \u00e0 une installation fixe. Il ne comprend pas de fonctions d'analyse de spectre en temps r\u00e9el (RTSA). La combinaison de ces sp\u00e9cifications rend le MS2762A-0090 adapt\u00e9 aux applications n\u00e9cessitant une analyse haute fr\u00e9quence jusqu'\u00e0 90 GHz avec des caract\u00e9ristiques pr\u00e9cises de mesure du bruit et du signal.<\/p>","protected":false},"excerpt":{"rendered":"<p>Analyseur de spectre ultraportable 90GHz<\/p>","protected":false},"featured_media":10238,"comment_status":"closed","ping_status":"closed","template":"","meta":{"_acf_changed":false,"slim_seo":{"title":"MS2762A-0090 - YOTAVIS AG","description":"Analyseur de spectre ultraportable 90GHz"}},"product_brand":[758],"product_cat":[523,524],"product_tag":[],"class_list":{"0":"post-9911","1":"product","2":"type-product","3":"status-publish","4":"has-post-thumbnail","6":"product_brand-anritsu","7":"product_cat-analyser","8":"product_cat-signal-spectrum-analyser","9":"pa_analysis-bandwidth-mhz-191","10":"pa_danl-dbm-hz-803","11":"pa_frequency-max-mhz-792","12":"pa_frequency-min-hz-800","13":"pa_handheld-no","14":"pa_rtsa-no","16":"first","17":"instock","18":"taxable","19":"shipping-taxable","20":"product-type-simple"},"acf":[],"_links":{"self":[{"href":"https:\/\/yotavis.ch\/fr\/wp-json\/wp\/v2\/product\/9911","targetHints":{"allow":["GET"]}}],"collection":[{"href":"https:\/\/yotavis.ch\/fr\/wp-json\/wp\/v2\/product"}],"about":[{"href":"https:\/\/yotavis.ch\/fr\/wp-json\/wp\/v2\/types\/product"}],"replies":[{"embeddable":true,"href":"https:\/\/yotavis.ch\/fr\/wp-json\/wp\/v2\/comments?post=9911"}],"wp:featuredmedia":[{"embeddable":true,"href":"https:\/\/yotavis.ch\/fr\/wp-json\/wp\/v2\/media\/10238"}],"wp:attachment":[{"href":"https:\/\/yotavis.ch\/fr\/wp-json\/wp\/v2\/media?parent=9911"}],"wp:term":[{"taxonomy":"product_brand","embeddable":true,"href":"https:\/\/yotavis.ch\/fr\/wp-json\/wp\/v2\/product_brand?post=9911"},{"taxonomy":"product_cat","embeddable":true,"href":"https:\/\/yotavis.ch\/fr\/wp-json\/wp\/v2\/product_cat?post=9911"},{"taxonomy":"product_tag","embeddable":true,"href":"https:\/\/yotavis.ch\/fr\/wp-json\/wp\/v2\/product_tag?post=9911"}],"curies":[{"name":"wp","href":"https:\/\/api.w.org\/{rel}","templated":true}]}}