{"id":9914,"date":"2025-10-09T00:00:00","date_gmt":"2025-10-08T22:00:00","guid":{"rendered":"https:\/\/yotavis.ch\/product\/ms2762a-0170\/"},"modified":"2026-04-24T13:37:52","modified_gmt":"2026-04-24T11:37:52","slug":"ms2762a-0170","status":"publish","type":"product","link":"https:\/\/yotavis.ch\/fr\/produit\/ms2762a-0170\/","title":{"rendered":"MS2762A-0170"},"content":{"rendered":"<p>Le MS2762A-0170 d'Anritsu est un analyseur de spectre ultraportable con\u00e7u pour fonctionner dans une gamme de fr\u00e9quences allant de 600 MHz \u00e0 170 GHz. Il pr\u00e9sente une sp\u00e9cification de bruit de phase de -93 dBc\/Hz, ce qui indique ses performances en mati\u00e8re de puret\u00e9 du signal. L'appareil offre une largeur de bande d'analyse de 3 MHz, ce qui permet un examen d\u00e9taill\u00e9 des composantes du signal dans cette plage. En outre, il pr\u00e9sente un niveau de bruit moyen affich\u00e9 (DANL) de -114 dBm\/Hz, ce qui t\u00e9moigne de sa sensibilit\u00e9 aux signaux de faible niveau. Cet analyseur de spectre n'est pas portatif et ne comprend pas de fonctions d'analyse de spectre en temps r\u00e9el (RTSA). Sa conception permet des mesures de fr\u00e9quence pr\u00e9cises jusqu'\u00e0 170 000 MHz, ce qui le rend adapt\u00e9 aux applications \u00e0 haute fr\u00e9quence. La combinaison de ces sp\u00e9cifications fait du MS2762A-0170 un instrument sp\u00e9cialis\u00e9 pour l'analyse spectrale d\u00e9taill\u00e9e sur un large spectre de fr\u00e9quences.<\/p>","protected":false},"excerpt":{"rendered":"<p>Ultraportable Spectrum Analyser 170 GHz<\/p>","protected":false},"featured_media":10238,"comment_status":"closed","ping_status":"closed","template":"","meta":{"_acf_changed":false,"slim_seo":{"title":"MS2762A-0170 - YOTAVIS AG","description":"Ultraportable Spectrum Analyser 170 GHz"}},"product_brand":[758],"product_cat":[523,524],"product_tag":[],"class_list":{"0":"post-9914","1":"product","2":"type-product","3":"status-publish","4":"has-post-thumbnail","6":"product_brand-anritsu","7":"product_cat-analyser","8":"product_cat-signal-spectrum-analyser","9":"pa_analysis-bandwidth-mhz-191","10":"pa_danl-dbm-hz-806","11":"pa_frequency-max-mhz-798","12":"pa_frequency-min-hz-800","13":"pa_handheld-no","14":"pa_rtsa-no","16":"first","17":"instock","18":"taxable","19":"shipping-taxable","20":"product-type-simple"},"acf":[],"_links":{"self":[{"href":"https:\/\/yotavis.ch\/fr\/wp-json\/wp\/v2\/product\/9914","targetHints":{"allow":["GET"]}}],"collection":[{"href":"https:\/\/yotavis.ch\/fr\/wp-json\/wp\/v2\/product"}],"about":[{"href":"https:\/\/yotavis.ch\/fr\/wp-json\/wp\/v2\/types\/product"}],"replies":[{"embeddable":true,"href":"https:\/\/yotavis.ch\/fr\/wp-json\/wp\/v2\/comments?post=9914"}],"wp:featuredmedia":[{"embeddable":true,"href":"https:\/\/yotavis.ch\/fr\/wp-json\/wp\/v2\/media\/10238"}],"wp:attachment":[{"href":"https:\/\/yotavis.ch\/fr\/wp-json\/wp\/v2\/media?parent=9914"}],"wp:term":[{"taxonomy":"product_brand","embeddable":true,"href":"https:\/\/yotavis.ch\/fr\/wp-json\/wp\/v2\/product_brand?post=9914"},{"taxonomy":"product_cat","embeddable":true,"href":"https:\/\/yotavis.ch\/fr\/wp-json\/wp\/v2\/product_cat?post=9914"},{"taxonomy":"product_tag","embeddable":true,"href":"https:\/\/yotavis.ch\/fr\/wp-json\/wp\/v2\/product_tag?post=9914"}],"curies":[{"name":"wp","href":"https:\/\/api.w.org\/{rel}","templated":true}]}}