{"id":9915,"date":"2025-10-09T00:00:00","date_gmt":"2025-10-08T22:00:00","guid":{"rendered":"https:\/\/yotavis.ch\/product\/ms2720t-0709\/"},"modified":"2026-04-24T13:37:53","modified_gmt":"2026-04-24T11:37:53","slug":"ms2720t-0709","status":"publish","type":"product","link":"https:\/\/yotavis.ch\/fr\/produit\/ms2720t-0709\/","title":{"rendered":"MS2720T-0709"},"content":{"rendered":"<p>Le MS2720T-0709 est un analyseur de spectre portable haute performance d'Anritsu con\u00e7u pour fonctionner jusqu'\u00e0 une fr\u00e9quence maximale de 9 GHz. Il se caract\u00e9rise par un bruit de phase de -112 dBc\/Hz, garantissant une analyse pr\u00e9cise du signal. L'appareil offre une largeur de bande d'analyse de 10 MHz, ce qui permet un examen d\u00e9taill\u00e9 des caract\u00e9ristiques du signal dans cette plage. Le niveau de bruit moyen affich\u00e9 (DANL) est de -164 dBm\/Hz, ce qui permet de d\u00e9tecter des signaux de tr\u00e8s faible niveau. Cet instrument portatif est con\u00e7u pour \u00eatre portable et facile \u00e0 utiliser dans diverses applications sur le terrain. La gamme de fr\u00e9quences s'\u00e9tend de 9 kHz \u00e0 9 GHz, couvrant un large spectre pour divers besoins de test. Le MS2720T-0709 ne comprend pas de fonctions d'analyse de spectre en temps r\u00e9el (RTSA), mais conserve des performances robustes dans les limites des param\u00e8tres sp\u00e9cifi\u00e9s.<\/p>","protected":false},"excerpt":{"rendered":"<p>Analyseur de spectre portable haute performance 9GHz<\/p>","protected":false},"featured_media":10244,"comment_status":"closed","ping_status":"closed","template":"","meta":{"_acf_changed":false,"slim_seo":{"title":"MS2720T-0709 - YOTAVIS AG","description":"Analyseur de spectre portable haute performance 9GHz"}},"product_brand":[758],"product_cat":[523,524],"product_tag":[],"class_list":{"0":"post-9915","1":"product","2":"type-product","3":"status-publish","4":"has-post-thumbnail","6":"product_brand-anritsu","7":"product_cat-analyser","8":"product_cat-signal-spectrum-analyser","9":"pa_analysis-bandwidth-mhz-269","10":"pa_danl-dbm-hz-784","11":"pa_frequency-max-mhz-782","12":"pa_frequency-min-hz-177","13":"pa_handheld-yes","14":"pa_rtsa-no","16":"first","17":"instock","18":"taxable","19":"shipping-taxable","20":"product-type-simple"},"acf":[],"_links":{"self":[{"href":"https:\/\/yotavis.ch\/fr\/wp-json\/wp\/v2\/product\/9915","targetHints":{"allow":["GET"]}}],"collection":[{"href":"https:\/\/yotavis.ch\/fr\/wp-json\/wp\/v2\/product"}],"about":[{"href":"https:\/\/yotavis.ch\/fr\/wp-json\/wp\/v2\/types\/product"}],"replies":[{"embeddable":true,"href":"https:\/\/yotavis.ch\/fr\/wp-json\/wp\/v2\/comments?post=9915"}],"wp:featuredmedia":[{"embeddable":true,"href":"https:\/\/yotavis.ch\/fr\/wp-json\/wp\/v2\/media\/10244"}],"wp:attachment":[{"href":"https:\/\/yotavis.ch\/fr\/wp-json\/wp\/v2\/media?parent=9915"}],"wp:term":[{"taxonomy":"product_brand","embeddable":true,"href":"https:\/\/yotavis.ch\/fr\/wp-json\/wp\/v2\/product_brand?post=9915"},{"taxonomy":"product_cat","embeddable":true,"href":"https:\/\/yotavis.ch\/fr\/wp-json\/wp\/v2\/product_cat?post=9915"},{"taxonomy":"product_tag","embeddable":true,"href":"https:\/\/yotavis.ch\/fr\/wp-json\/wp\/v2\/product_tag?post=9915"}],"curies":[{"name":"wp","href":"https:\/\/api.w.org\/{rel}","templated":true}]}}