{"id":9917,"date":"2025-10-09T00:00:00","date_gmt":"2025-10-08T22:00:00","guid":{"rendered":"https:\/\/yotavis.ch\/product\/ms2720t-0720\/"},"modified":"2026-04-24T13:37:53","modified_gmt":"2026-04-24T11:37:53","slug":"ms2720t-0720","status":"publish","type":"product","link":"https:\/\/yotavis.ch\/fr\/produit\/ms2720t-0720\/","title":{"rendered":"MS2720T-0720"},"content":{"rendered":"<p>Le MS2720T-0720 d'Anritsu est un analyseur de spectre portable de haute performance con\u00e7u pour fonctionner dans une gamme de fr\u00e9quences de 9 kHz \u00e0 20 GHz. Il pr\u00e9sente un bruit de phase de -112 dBc\/Hz, garantissant une analyse pr\u00e9cise du signal. L'appareil offre une largeur de bande d'analyse de 10 MHz, ce qui permet un examen d\u00e9taill\u00e9 des caract\u00e9ristiques du signal. Le niveau de bruit moyen affich\u00e9 (DANL) est de -164 dBm\/Hz, ce qui permet de d\u00e9tecter des signaux de tr\u00e8s faible niveau. Cet instrument portable est adapt\u00e9 \u00e0 une utilisation sur le terrain, offrant une portabilit\u00e9 sans compromis sur les performances. La combinaison de sa large gamme de fr\u00e9quences et de son faible niveau de bruit en fait un outil polyvalent pour diverses applications d'analyse de spectre.<\/p>","protected":false},"excerpt":{"rendered":"<p>High-performance Handheld Spectrum Analyzer 20GHz<\/p>","protected":false},"featured_media":10244,"comment_status":"closed","ping_status":"closed","template":"","meta":{"_acf_changed":false,"slim_seo":{"title":"MS2720T-0720 - YOTAVIS AG","description":"High-performance Handheld Spectrum Analyzer 20GHz"}},"product_brand":[758],"product_cat":[523,524],"product_tag":[],"class_list":{"0":"post-9917","1":"product","2":"type-product","3":"status-publish","4":"has-post-thumbnail","6":"product_brand-anritsu","7":"product_cat-analyser","8":"product_cat-signal-spectrum-analyser","9":"pa_analysis-bandwidth-mhz-269","10":"pa_danl-dbm-hz-784","11":"pa_frequency-max-mhz-467","12":"pa_frequency-min-hz-177","13":"pa_handheld-yes","14":"pa_rtsa-no","16":"first","17":"instock","18":"taxable","19":"shipping-taxable","20":"product-type-simple"},"acf":[],"_links":{"self":[{"href":"https:\/\/yotavis.ch\/fr\/wp-json\/wp\/v2\/product\/9917","targetHints":{"allow":["GET"]}}],"collection":[{"href":"https:\/\/yotavis.ch\/fr\/wp-json\/wp\/v2\/product"}],"about":[{"href":"https:\/\/yotavis.ch\/fr\/wp-json\/wp\/v2\/types\/product"}],"replies":[{"embeddable":true,"href":"https:\/\/yotavis.ch\/fr\/wp-json\/wp\/v2\/comments?post=9917"}],"wp:featuredmedia":[{"embeddable":true,"href":"https:\/\/yotavis.ch\/fr\/wp-json\/wp\/v2\/media\/10244"}],"wp:attachment":[{"href":"https:\/\/yotavis.ch\/fr\/wp-json\/wp\/v2\/media?parent=9917"}],"wp:term":[{"taxonomy":"product_brand","embeddable":true,"href":"https:\/\/yotavis.ch\/fr\/wp-json\/wp\/v2\/product_brand?post=9917"},{"taxonomy":"product_cat","embeddable":true,"href":"https:\/\/yotavis.ch\/fr\/wp-json\/wp\/v2\/product_cat?post=9917"},{"taxonomy":"product_tag","embeddable":true,"href":"https:\/\/yotavis.ch\/fr\/wp-json\/wp\/v2\/product_tag?post=9917"}],"curies":[{"name":"wp","href":"https:\/\/api.w.org\/{rel}","templated":true}]}}