{"id":9918,"date":"2025-10-09T00:00:00","date_gmt":"2025-10-08T22:00:00","guid":{"rendered":"https:\/\/yotavis.ch\/product\/ms4642b\/"},"modified":"2026-04-24T13:37:54","modified_gmt":"2026-04-24T11:37:54","slug":"ms4642b","status":"publish","type":"product","link":"https:\/\/yotavis.ch\/fr\/produit\/ms4642b\/","title":{"rendered":"MS4642B"},"content":{"rendered":"<p>Le VNA Anritsu MS4642B VectorStar\u2122 Microwave fonctionne avec une gamme de fr\u00e9quences allant de 70 kHz \u00e0 20 GHz, offrant une couverture \u00e9tendue pour les mesures hyperfr\u00e9quences. Il est dot\u00e9 de deux ports, ce qui permet des configurations de test polyvalentes. L'appareil offre une plage dynamique de 116 dB, qui prend en charge l'analyse pr\u00e9cise des signaux sur l'ensemble de ses fr\u00e9quences de fonctionnement. Con\u00e7u comme un instrument de table, il n'est pas portatif, ce qui indique qu'il convient aux environnements de laboratoire ou de production. Le MS4642B fait partie de la s\u00e9rie VectorStar\u2122, connue pour ses capacit\u00e9s d'analyse de r\u00e9seaux vectoriels hyperfr\u00e9quences. Ce mod\u00e8le prend en charge une large plage de fr\u00e9quences, ce qui le rend applicable \u00e0 diverses caract\u00e9risations de composants et de syst\u00e8mes hyperfr\u00e9quences. Ses sp\u00e9cifications se concentrent sur la fourniture de mesures pr\u00e9cises et fiables dans les param\u00e8tres de fr\u00e9quence et de plage dynamique sp\u00e9cifi\u00e9s.<\/p>","protected":false},"excerpt":{"rendered":"<p>VectorStar\u2122 VNA micro-ondes 20 GHz<\/p>","protected":false},"featured_media":10250,"comment_status":"closed","ping_status":"closed","template":"","meta":{"_acf_changed":false,"slim_seo":{"title":"MS4642B - YOTAVIS AG","description":"VectorStar\u2122 VNA micro-ondes 20 GHz"}},"product_brand":[758],"product_cat":[523,525],"product_tag":[],"class_list":{"0":"post-9918","1":"product","2":"type-product","3":"status-publish","4":"has-post-thumbnail","6":"product_brand-anritsu","7":"product_cat-analyser","8":"product_cat-vna","9":"pa_dynamic-range-db-809","10":"pa_frequency-max-mhz-467","11":"pa_frequency-min-hz-808","12":"pa_handheld-no","13":"pa_ports-188","15":"first","16":"instock","17":"taxable","18":"shipping-taxable","19":"product-type-simple"},"acf":[],"_links":{"self":[{"href":"https:\/\/yotavis.ch\/fr\/wp-json\/wp\/v2\/product\/9918","targetHints":{"allow":["GET"]}}],"collection":[{"href":"https:\/\/yotavis.ch\/fr\/wp-json\/wp\/v2\/product"}],"about":[{"href":"https:\/\/yotavis.ch\/fr\/wp-json\/wp\/v2\/types\/product"}],"replies":[{"embeddable":true,"href":"https:\/\/yotavis.ch\/fr\/wp-json\/wp\/v2\/comments?post=9918"}],"wp:featuredmedia":[{"embeddable":true,"href":"https:\/\/yotavis.ch\/fr\/wp-json\/wp\/v2\/media\/10250"}],"wp:attachment":[{"href":"https:\/\/yotavis.ch\/fr\/wp-json\/wp\/v2\/media?parent=9918"}],"wp:term":[{"taxonomy":"product_brand","embeddable":true,"href":"https:\/\/yotavis.ch\/fr\/wp-json\/wp\/v2\/product_brand?post=9918"},{"taxonomy":"product_cat","embeddable":true,"href":"https:\/\/yotavis.ch\/fr\/wp-json\/wp\/v2\/product_cat?post=9918"},{"taxonomy":"product_tag","embeddable":true,"href":"https:\/\/yotavis.ch\/fr\/wp-json\/wp\/v2\/product_tag?post=9918"}],"curies":[{"name":"wp","href":"https:\/\/api.w.org\/{rel}","templated":true}]}}