{"id":9921,"date":"2025-10-09T00:00:00","date_gmt":"2025-10-08T22:00:00","guid":{"rendered":"https:\/\/yotavis.ch\/product\/ms46121b\/"},"modified":"2026-04-24T13:37:55","modified_gmt":"2026-04-24T11:37:55","slug":"ms46121b","status":"publish","type":"product","link":"https:\/\/yotavis.ch\/fr\/produit\/ms46121b\/","title":{"rendered":"MS46121B"},"content":{"rendered":"<p>Le MS46121B ShockLine\u2122 1-Port VNA 6GHz d'Anritsu fonctionne dans une gamme de fr\u00e9quences allant de 150 000 Hz \u00e0 6 000 MHz, offrant une plage dynamique de 80 dB. Cet appareil pr\u00e9sente une configuration \u00e0 port unique, con\u00e7ue pour une analyse pr\u00e9cise des r\u00e9seaux vectoriels. Il n'est pas portatif, ce qui signifie qu'il est destin\u00e9 \u00e0 \u00eatre utilis\u00e9 sur un banc ou une installation fixe. L'instrument prend en charge des mesures sur un large spectre, ce qui le rend adapt\u00e9 \u00e0 divers sc\u00e9narios de test dans ses limites de fr\u00e9quence. La plage dynamique de 80 dB permet une d\u00e9tection et une analyse pr\u00e9cises des niveaux de signal. Le produit fait partie de la s\u00e9rie ShockLine\u2122, connue pour ses capacit\u00e9s sp\u00e9cialis\u00e9es dans l'analyse des r\u00e9seaux. Sa conception et ses sp\u00e9cifications s'adressent aux utilisateurs qui ont besoin de mesures d\u00e9taill\u00e9es de la r\u00e9ponse en fr\u00e9quence jusqu'\u00e0 6 GHz.<\/p>","protected":false},"excerpt":{"rendered":"<p>ShockLine\u2122 1-Port VNA 6GHz<\/p>","protected":false},"featured_media":10255,"comment_status":"closed","ping_status":"closed","template":"","meta":{"_acf_changed":false,"slim_seo":{"title":"MS46121B - YOTAVIS AG","description":"ShockLine\u2122 1-Port VNA 6GHz"}},"product_brand":[758],"product_cat":[523,525],"product_tag":[],"class_list":{"0":"post-9921","1":"product","2":"type-product","3":"status-publish","4":"has-post-thumbnail","6":"product_brand-anritsu","7":"product_cat-analyser","8":"product_cat-vna","9":"pa_dynamic-range-db-300","10":"pa_frequency-max-mhz-647","11":"pa_frequency-min-hz-779","12":"pa_handheld-no","13":"pa_ports-812","15":"first","16":"instock","17":"taxable","18":"shipping-taxable","19":"product-type-simple"},"acf":[],"_links":{"self":[{"href":"https:\/\/yotavis.ch\/fr\/wp-json\/wp\/v2\/product\/9921","targetHints":{"allow":["GET"]}}],"collection":[{"href":"https:\/\/yotavis.ch\/fr\/wp-json\/wp\/v2\/product"}],"about":[{"href":"https:\/\/yotavis.ch\/fr\/wp-json\/wp\/v2\/types\/product"}],"replies":[{"embeddable":true,"href":"https:\/\/yotavis.ch\/fr\/wp-json\/wp\/v2\/comments?post=9921"}],"wp:featuredmedia":[{"embeddable":true,"href":"https:\/\/yotavis.ch\/fr\/wp-json\/wp\/v2\/media\/10255"}],"wp:attachment":[{"href":"https:\/\/yotavis.ch\/fr\/wp-json\/wp\/v2\/media?parent=9921"}],"wp:term":[{"taxonomy":"product_brand","embeddable":true,"href":"https:\/\/yotavis.ch\/fr\/wp-json\/wp\/v2\/product_brand?post=9921"},{"taxonomy":"product_cat","embeddable":true,"href":"https:\/\/yotavis.ch\/fr\/wp-json\/wp\/v2\/product_cat?post=9921"},{"taxonomy":"product_tag","embeddable":true,"href":"https:\/\/yotavis.ch\/fr\/wp-json\/wp\/v2\/product_tag?post=9921"}],"curies":[{"name":"wp","href":"https:\/\/api.w.org\/{rel}","templated":true}]}}