{"id":9922,"date":"2025-10-09T00:00:00","date_gmt":"2025-10-08T22:00:00","guid":{"rendered":"https:\/\/yotavis.ch\/product\/ms46131a-010\/"},"modified":"2026-04-24T13:37:55","modified_gmt":"2026-04-24T11:37:55","slug":"ms46131a-010","status":"publish","type":"product","link":"https:\/\/yotavis.ch\/fr\/produit\/ms46131a-010\/","title":{"rendered":"MS46131A-010"},"content":{"rendered":"<p>Le MS46131A-010 ShockLine\u2122 Modular 1-Port VNA 8GHz d'Anritsu fonctionne avec une gamme de fr\u00e9quences commen\u00e7ant \u00e0 1 MHz et s'\u00e9tendant jusqu'\u00e0 8 GHz. Il pr\u00e9sente une configuration \u00e0 port unique et offre une plage dynamique de 102 dB. Cet appareil est de conception modulaire, ce qui permet de l'int\u00e9grer de mani\u00e8re flexible dans diverses configurations de test. Il n'est pas portatif, ce qui signifie qu'il est destin\u00e9 \u00e0 une utilisation sur table ou en rack. Le produit est con\u00e7u pour permettre une analyse pr\u00e9cise des r\u00e9seaux vectoriels dans la gamme de fr\u00e9quences sp\u00e9cifi\u00e9e. Sa modularit\u00e9 et ses capacit\u00e9s de fr\u00e9quence le rendent adapt\u00e9 \u00e0 la caract\u00e9risation d\u00e9taill\u00e9e des signaux et aux t\u00e2ches de mesure en laboratoire ou dans des environnements de production.<\/p>","protected":false},"excerpt":{"rendered":"<p>ShockLine\u2122 VNA modulaire \u00e0 1 port 8GHz<\/p>","protected":false},"featured_media":10260,"comment_status":"closed","ping_status":"closed","template":"","meta":{"_acf_changed":false,"slim_seo":{"title":"MS46131A-010 - YOTAVIS AG","description":"ShockLine\u2122 VNA modulaire \u00e0 1 port 8GHz"}},"product_brand":[758],"product_cat":[523,525],"product_tag":[],"class_list":{"0":"post-9922","1":"product","2":"type-product","3":"status-publish","4":"has-post-thumbnail","6":"product_brand-anritsu","7":"product_cat-analyser","8":"product_cat-vna","9":"pa_dynamic-range-db-813","10":"pa_frequency-max-mhz-766","11":"pa_frequency-min-hz-767","12":"pa_handheld-no","13":"pa_ports-812","15":"first","16":"instock","17":"taxable","18":"shipping-taxable","19":"product-type-simple"},"acf":[],"_links":{"self":[{"href":"https:\/\/yotavis.ch\/fr\/wp-json\/wp\/v2\/product\/9922","targetHints":{"allow":["GET"]}}],"collection":[{"href":"https:\/\/yotavis.ch\/fr\/wp-json\/wp\/v2\/product"}],"about":[{"href":"https:\/\/yotavis.ch\/fr\/wp-json\/wp\/v2\/types\/product"}],"replies":[{"embeddable":true,"href":"https:\/\/yotavis.ch\/fr\/wp-json\/wp\/v2\/comments?post=9922"}],"wp:featuredmedia":[{"embeddable":true,"href":"https:\/\/yotavis.ch\/fr\/wp-json\/wp\/v2\/media\/10260"}],"wp:attachment":[{"href":"https:\/\/yotavis.ch\/fr\/wp-json\/wp\/v2\/media?parent=9922"}],"wp:term":[{"taxonomy":"product_brand","embeddable":true,"href":"https:\/\/yotavis.ch\/fr\/wp-json\/wp\/v2\/product_brand?post=9922"},{"taxonomy":"product_cat","embeddable":true,"href":"https:\/\/yotavis.ch\/fr\/wp-json\/wp\/v2\/product_cat?post=9922"},{"taxonomy":"product_tag","embeddable":true,"href":"https:\/\/yotavis.ch\/fr\/wp-json\/wp\/v2\/product_tag?post=9922"}],"curies":[{"name":"wp","href":"https:\/\/api.w.org\/{rel}","templated":true}]}}