{"id":9924,"date":"2025-10-09T00:00:00","date_gmt":"2025-10-08T22:00:00","guid":{"rendered":"https:\/\/yotavis.ch\/product\/ms46131a-043\/"},"modified":"2026-04-24T13:37:56","modified_gmt":"2026-04-24T11:37:56","slug":"ms46131a-043","status":"publish","type":"product","link":"https:\/\/yotavis.ch\/fr\/produit\/ms46131a-043\/","title":{"rendered":"MS46131A-043"},"content":{"rendered":"<p>Le VNA MS46131A-043 ShockLine\u2122 Modular 1-Port fonctionne avec une fr\u00e9quence maximale de 43,5 GHz et une fr\u00e9quence minimale de 1 MHz. Il pr\u00e9sente une configuration \u00e0 port unique et offre une plage dynamique de 102 dB. Cet appareil est de conception modulaire, ce qui permet une int\u00e9gration flexible dans diverses configurations de test. Il n'est pas portatif, ce qui signifie qu'il est destin\u00e9 \u00e0 une utilisation sur table ou en rack. Le produit est fabriqu\u00e9 par Anritsu, une soci\u00e9t\u00e9 connue pour ses instruments de mesure \u00e9lectroniques. La combinaison de sa gamme de fr\u00e9quences et de sa gamme dynamique le rend adapt\u00e9 aux applications d'analyse de r\u00e9seaux vectoriels \u00e0 haute fr\u00e9quence.<\/p>","protected":false},"excerpt":{"rendered":"<p>ShockLine\u2122 Modular 1-Port VNA 43,5 GHz<\/p>","protected":false},"featured_media":10260,"comment_status":"closed","ping_status":"closed","template":"","meta":{"_acf_changed":false,"slim_seo":{"title":"MS46131A-043 - YOTAVIS AG","description":"ShockLine\u2122 Modular 1-Port VNA 43,5 GHz"}},"product_brand":[758],"product_cat":[523,525],"product_tag":[],"class_list":{"0":"post-9924","1":"product","2":"type-product","3":"status-publish","4":"has-post-thumbnail","6":"product_brand-anritsu","7":"product_cat-analyser","8":"product_cat-vna","9":"pa_dynamic-range-db-813","10":"pa_frequency-max-mhz-785","11":"pa_frequency-min-hz-767","12":"pa_handheld-no","13":"pa_ports-812","15":"first","16":"instock","17":"taxable","18":"shipping-taxable","19":"product-type-simple"},"acf":[],"_links":{"self":[{"href":"https:\/\/yotavis.ch\/fr\/wp-json\/wp\/v2\/product\/9924","targetHints":{"allow":["GET"]}}],"collection":[{"href":"https:\/\/yotavis.ch\/fr\/wp-json\/wp\/v2\/product"}],"about":[{"href":"https:\/\/yotavis.ch\/fr\/wp-json\/wp\/v2\/types\/product"}],"replies":[{"embeddable":true,"href":"https:\/\/yotavis.ch\/fr\/wp-json\/wp\/v2\/comments?post=9924"}],"wp:featuredmedia":[{"embeddable":true,"href":"https:\/\/yotavis.ch\/fr\/wp-json\/wp\/v2\/media\/10260"}],"wp:attachment":[{"href":"https:\/\/yotavis.ch\/fr\/wp-json\/wp\/v2\/media?parent=9924"}],"wp:term":[{"taxonomy":"product_brand","embeddable":true,"href":"https:\/\/yotavis.ch\/fr\/wp-json\/wp\/v2\/product_brand?post=9924"},{"taxonomy":"product_cat","embeddable":true,"href":"https:\/\/yotavis.ch\/fr\/wp-json\/wp\/v2\/product_cat?post=9924"},{"taxonomy":"product_tag","embeddable":true,"href":"https:\/\/yotavis.ch\/fr\/wp-json\/wp\/v2\/product_tag?post=9924"}],"curies":[{"name":"wp","href":"https:\/\/api.w.org\/{rel}","templated":true}]}}