{"id":9926,"date":"2025-10-09T00:00:00","date_gmt":"2025-10-08T22:00:00","guid":{"rendered":"https:\/\/yotavis.ch\/product\/ms46122b-020\/"},"modified":"2026-04-24T13:37:59","modified_gmt":"2026-04-24T11:37:59","slug":"ms46122b-020","status":"publish","type":"product","link":"https:\/\/yotavis.ch\/fr\/produit\/ms46122b-020\/","title":{"rendered":"MS46122B-020"},"content":{"rendered":"<p>Le VNA Anritsu MS46122B-020 ShockLine\u2122 Compact fonctionne avec une fr\u00e9quence maximale de 20 GHz et une fr\u00e9quence minimale de 1 MHz, offrant une plage dynamique de 100 dB. Cet appareil comporte deux ports et est con\u00e7u comme un instrument de table plut\u00f4t que comme une unit\u00e9 portable. Sa gamme de fr\u00e9quences et sa gamme dynamique en font un instrument adapt\u00e9 \u00e0 une grande vari\u00e9t\u00e9 d'applications de mesure \u00e0 haute fr\u00e9quence. La conception compacte du VNA ShockLine permet de l'int\u00e9grer dans diff\u00e9rents environnements de test o\u00f9 l'espace et la pr\u00e9cision sont importants. Les capacit\u00e9s de l'instrument permettent une analyse d\u00e9taill\u00e9e sur un large spectre, garantissant une analyse pr\u00e9cise et fiable des r\u00e9seaux vectoriels. Le MS46122B-020 fait partie de la gamme de produits Anritsu r\u00e9put\u00e9s pour leur pr\u00e9cision et leur performance dans les tests RF et micro-ondes.<\/p>","protected":false},"excerpt":{"rendered":"<p>ShockLine\u2122 Compact VNA 20GHz<\/p>","protected":false},"featured_media":10265,"comment_status":"closed","ping_status":"closed","template":"","meta":{"_acf_changed":false,"slim_seo":{"title":"MS46122B-020 - YOTAVIS AG","description":"ShockLine\u2122 Compact VNA 20GHz"}},"product_brand":[758],"product_cat":[523,525],"product_tag":[],"class_list":{"0":"post-9926","1":"product","2":"type-product","3":"status-publish","4":"has-post-thumbnail","6":"product_brand-anritsu","7":"product_cat-analyser","8":"product_cat-vna","9":"pa_dynamic-range-db-253","10":"pa_frequency-max-mhz-467","11":"pa_frequency-min-hz-767","12":"pa_handheld-no","13":"pa_ports-188","15":"first","16":"instock","17":"taxable","18":"shipping-taxable","19":"product-type-simple"},"acf":[],"_links":{"self":[{"href":"https:\/\/yotavis.ch\/fr\/wp-json\/wp\/v2\/product\/9926","targetHints":{"allow":["GET"]}}],"collection":[{"href":"https:\/\/yotavis.ch\/fr\/wp-json\/wp\/v2\/product"}],"about":[{"href":"https:\/\/yotavis.ch\/fr\/wp-json\/wp\/v2\/types\/product"}],"replies":[{"embeddable":true,"href":"https:\/\/yotavis.ch\/fr\/wp-json\/wp\/v2\/comments?post=9926"}],"wp:featuredmedia":[{"embeddable":true,"href":"https:\/\/yotavis.ch\/fr\/wp-json\/wp\/v2\/media\/10265"}],"wp:attachment":[{"href":"https:\/\/yotavis.ch\/fr\/wp-json\/wp\/v2\/media?parent=9926"}],"wp:term":[{"taxonomy":"product_brand","embeddable":true,"href":"https:\/\/yotavis.ch\/fr\/wp-json\/wp\/v2\/product_brand?post=9926"},{"taxonomy":"product_cat","embeddable":true,"href":"https:\/\/yotavis.ch\/fr\/wp-json\/wp\/v2\/product_cat?post=9926"},{"taxonomy":"product_tag","embeddable":true,"href":"https:\/\/yotavis.ch\/fr\/wp-json\/wp\/v2\/product_tag?post=9926"}],"curies":[{"name":"wp","href":"https:\/\/api.w.org\/{rel}","templated":true}]}}