{"id":9927,"date":"2025-10-09T00:00:00","date_gmt":"2025-10-08T22:00:00","guid":{"rendered":"https:\/\/yotavis.ch\/product\/ms46122b-043\/"},"modified":"2026-04-24T13:37:59","modified_gmt":"2026-04-24T11:37:59","slug":"ms46122b-043","status":"publish","type":"product","link":"https:\/\/yotavis.ch\/fr\/produit\/ms46122b-043\/","title":{"rendered":"MS46122B-043"},"content":{"rendered":"<p>Le MS46122B-043 ShockLine\u2122 Compact VNA 43,5 GHz d'Anritsu fonctionne sur une plage de fr\u00e9quences commen\u00e7ant \u00e0 1 MHz et s'\u00e9tendant jusqu'\u00e0 43,5 GHz. Il dispose d'une plage dynamique de 100 dB, permettant une mesure pr\u00e9cise des signaux sur l'ensemble de son spectre de fonctionnement. Cet appareil est \u00e9quip\u00e9 de deux ports, ce qui facilite les configurations de test polyvalentes. Con\u00e7u comme un instrument de table, il n'est pas portatif, ce qui indique qu'il convient aux environnements de laboratoire ou d'installation fixe. La conception compacte de la s\u00e9rie ShockLine int\u00e8gre des capacit\u00e9s avanc\u00e9es d'analyse de r\u00e9seaux vectoriels dans un facteur de forme rationalis\u00e9. Sa gamme de fr\u00e9quences et sa gamme dynamique en font un outil id\u00e9al pour les applications \u00e0 haute fr\u00e9quence n\u00e9cessitant une caract\u00e9risation d\u00e9taill\u00e9e des signaux. Le MS46122B-043 prend en charge une large gamme de t\u00e2ches de mesure dans ses limites de fr\u00e9quence sp\u00e9cifi\u00e9es.<\/p>","protected":false},"excerpt":{"rendered":"<p>ShockLine\u2122 Compact VNA 43,5 GHz<\/p>","protected":false},"featured_media":10265,"comment_status":"closed","ping_status":"closed","template":"","meta":{"_acf_changed":false,"slim_seo":{"title":"MS46122B-043 - YOTAVIS AG","description":"ShockLine\u2122 Compact VNA 43,5 GHz"}},"product_brand":[758],"product_cat":[523,525],"product_tag":[],"class_list":{"0":"post-9927","1":"product","2":"type-product","3":"status-publish","4":"has-post-thumbnail","6":"product_brand-anritsu","7":"product_cat-analyser","8":"product_cat-vna","9":"pa_dynamic-range-db-253","10":"pa_frequency-max-mhz-785","11":"pa_frequency-min-hz-767","12":"pa_handheld-no","13":"pa_ports-188","15":"first","16":"instock","17":"taxable","18":"shipping-taxable","19":"product-type-simple"},"acf":[],"_links":{"self":[{"href":"https:\/\/yotavis.ch\/fr\/wp-json\/wp\/v2\/product\/9927","targetHints":{"allow":["GET"]}}],"collection":[{"href":"https:\/\/yotavis.ch\/fr\/wp-json\/wp\/v2\/product"}],"about":[{"href":"https:\/\/yotavis.ch\/fr\/wp-json\/wp\/v2\/types\/product"}],"replies":[{"embeddable":true,"href":"https:\/\/yotavis.ch\/fr\/wp-json\/wp\/v2\/comments?post=9927"}],"wp:featuredmedia":[{"embeddable":true,"href":"https:\/\/yotavis.ch\/fr\/wp-json\/wp\/v2\/media\/10265"}],"wp:attachment":[{"href":"https:\/\/yotavis.ch\/fr\/wp-json\/wp\/v2\/media?parent=9927"}],"wp:term":[{"taxonomy":"product_brand","embeddable":true,"href":"https:\/\/yotavis.ch\/fr\/wp-json\/wp\/v2\/product_brand?post=9927"},{"taxonomy":"product_cat","embeddable":true,"href":"https:\/\/yotavis.ch\/fr\/wp-json\/wp\/v2\/product_cat?post=9927"},{"taxonomy":"product_tag","embeddable":true,"href":"https:\/\/yotavis.ch\/fr\/wp-json\/wp\/v2\/product_tag?post=9927"}],"curies":[{"name":"wp","href":"https:\/\/api.w.org\/{rel}","templated":true}]}}