{"id":9928,"date":"2025-10-09T00:00:00","date_gmt":"2025-10-08T22:00:00","guid":{"rendered":"https:\/\/yotavis.ch\/product\/ms46322b-010\/"},"modified":"2026-04-24T13:38:00","modified_gmt":"2026-04-24T11:38:00","slug":"ms46322b-010","status":"publish","type":"product","link":"https:\/\/yotavis.ch\/fr\/produit\/ms46322b-010\/","title":{"rendered":"MS46322B-010"},"content":{"rendered":"<p>Le VNA MS46322B-010 ShockLine\u2122 Economy d'Anritsu fonctionne avec une fr\u00e9quence maximale de 8 GHz et une fr\u00e9quence minimale de 1 MHz. Il pr\u00e9sente une plage dynamique de 100 dB, permettant une mesure pr\u00e9cise des signaux sur toute sa plage de fr\u00e9quences. L'appareil est \u00e9quip\u00e9 de deux ports, ce qui facilite les diff\u00e9rentes configurations de test. Con\u00e7u comme un instrument de table, il n'est pas portatif, ce qui indique qu'il convient aux environnements de laboratoire ou de production. Le VNA prend en charge une large gamme de fr\u00e9quences, ce qui le rend polyvalent pour diff\u00e9rentes applications dans ses limites op\u00e9rationnelles. Sa construction et ses sp\u00e9cifications sont ax\u00e9es sur la fourniture de performances fiables dans les limites des param\u00e8tres de fr\u00e9quence et de dynamique sp\u00e9cifi\u00e9s.<\/p>","protected":false},"excerpt":{"rendered":"<p>ShockLine\u2122 Economy VNA 8GHz<\/p>","protected":false},"featured_media":10268,"comment_status":"closed","ping_status":"closed","template":"","meta":{"_acf_changed":false,"slim_seo":{"title":"MS46322B-010 - YOTAVIS AG","description":"ShockLine\u2122 Economy VNA 8GHz"}},"product_brand":[758],"product_cat":[523,525],"product_tag":[],"class_list":{"0":"post-9928","1":"product","2":"type-product","3":"status-publish","4":"has-post-thumbnail","6":"product_brand-anritsu","7":"product_cat-analyser","8":"product_cat-vna","9":"pa_dynamic-range-db-253","10":"pa_frequency-max-mhz-766","11":"pa_frequency-min-hz-767","12":"pa_handheld-no","13":"pa_ports-188","15":"first","16":"instock","17":"taxable","18":"shipping-taxable","19":"product-type-simple"},"acf":[],"_links":{"self":[{"href":"https:\/\/yotavis.ch\/fr\/wp-json\/wp\/v2\/product\/9928","targetHints":{"allow":["GET"]}}],"collection":[{"href":"https:\/\/yotavis.ch\/fr\/wp-json\/wp\/v2\/product"}],"about":[{"href":"https:\/\/yotavis.ch\/fr\/wp-json\/wp\/v2\/types\/product"}],"replies":[{"embeddable":true,"href":"https:\/\/yotavis.ch\/fr\/wp-json\/wp\/v2\/comments?post=9928"}],"wp:featuredmedia":[{"embeddable":true,"href":"https:\/\/yotavis.ch\/fr\/wp-json\/wp\/v2\/media\/10268"}],"wp:attachment":[{"href":"https:\/\/yotavis.ch\/fr\/wp-json\/wp\/v2\/media?parent=9928"}],"wp:term":[{"taxonomy":"product_brand","embeddable":true,"href":"https:\/\/yotavis.ch\/fr\/wp-json\/wp\/v2\/product_brand?post=9928"},{"taxonomy":"product_cat","embeddable":true,"href":"https:\/\/yotavis.ch\/fr\/wp-json\/wp\/v2\/product_cat?post=9928"},{"taxonomy":"product_tag","embeddable":true,"href":"https:\/\/yotavis.ch\/fr\/wp-json\/wp\/v2\/product_tag?post=9928"}],"curies":[{"name":"wp","href":"https:\/\/api.w.org\/{rel}","templated":true}]}}