{"id":9929,"date":"2025-10-09T00:00:00","date_gmt":"2025-10-08T22:00:00","guid":{"rendered":"https:\/\/yotavis.ch\/product\/ms46322b-020\/"},"modified":"2026-04-24T13:38:00","modified_gmt":"2026-04-24T11:38:00","slug":"ms46322b-020","status":"publish","type":"product","link":"https:\/\/yotavis.ch\/fr\/produit\/ms46322b-020\/","title":{"rendered":"MS46322B-020"},"content":{"rendered":"<p>Le VNA Anritsu MS46322B-020 ShockLine\u2122 Economy fonctionne avec une fr\u00e9quence maximale de 20 000 MHz et une fr\u00e9quence minimale de 1 000 000 Hz. Il est dot\u00e9 d'une plage dynamique de 100 dB, ce qui permet une mesure pr\u00e9cise des signaux sur un large spectre. Cet appareil est \u00e9quip\u00e9 de deux ports, ce qui facilite les diff\u00e9rentes configurations de test. Con\u00e7u comme un instrument de table, il n'est pas portatif, ce qui indique qu'il convient aux environnements de laboratoire ou de production. Le VNA prend en charge une gamme de fr\u00e9quences allant de 1 MHz \u00e0 20 GHz, ce qui le rend polyvalent pour de multiples applications. Sa conception met l'accent sur l'\u00e9conomie tout en conservant des fonctionnalit\u00e9s essentielles pour l'analyse des r\u00e9seaux vectoriels. Le MS46322B-020 fait partie de la s\u00e9rie ShockLine\u2122 d'Anritsu, connue pour ses performances fiables dans les tests RF et micro-ondes.<\/p>","protected":false},"excerpt":{"rendered":"<p>ShockLine\u2122 Economy VNA 20GHz<\/p>","protected":false},"featured_media":10268,"comment_status":"closed","ping_status":"closed","template":"","meta":{"_acf_changed":false,"slim_seo":{"title":"MS46322B-020 - YOTAVIS AG","description":"ShockLine\u2122 Economy VNA 20GHz"}},"product_brand":[758],"product_cat":[523,525],"product_tag":[],"class_list":{"0":"post-9929","1":"product","2":"type-product","3":"status-publish","4":"has-post-thumbnail","6":"product_brand-anritsu","7":"product_cat-analyser","8":"product_cat-vna","9":"pa_dynamic-range-db-253","10":"pa_frequency-max-mhz-467","11":"pa_frequency-min-hz-767","12":"pa_handheld-no","13":"pa_ports-188","15":"first","16":"instock","17":"taxable","18":"shipping-taxable","19":"product-type-simple"},"acf":[],"_links":{"self":[{"href":"https:\/\/yotavis.ch\/fr\/wp-json\/wp\/v2\/product\/9929","targetHints":{"allow":["GET"]}}],"collection":[{"href":"https:\/\/yotavis.ch\/fr\/wp-json\/wp\/v2\/product"}],"about":[{"href":"https:\/\/yotavis.ch\/fr\/wp-json\/wp\/v2\/types\/product"}],"replies":[{"embeddable":true,"href":"https:\/\/yotavis.ch\/fr\/wp-json\/wp\/v2\/comments?post=9929"}],"wp:featuredmedia":[{"embeddable":true,"href":"https:\/\/yotavis.ch\/fr\/wp-json\/wp\/v2\/media\/10268"}],"wp:attachment":[{"href":"https:\/\/yotavis.ch\/fr\/wp-json\/wp\/v2\/media?parent=9929"}],"wp:term":[{"taxonomy":"product_brand","embeddable":true,"href":"https:\/\/yotavis.ch\/fr\/wp-json\/wp\/v2\/product_brand?post=9929"},{"taxonomy":"product_cat","embeddable":true,"href":"https:\/\/yotavis.ch\/fr\/wp-json\/wp\/v2\/product_cat?post=9929"},{"taxonomy":"product_tag","embeddable":true,"href":"https:\/\/yotavis.ch\/fr\/wp-json\/wp\/v2\/product_tag?post=9929"}],"curies":[{"name":"wp","href":"https:\/\/api.w.org\/{rel}","templated":true}]}}