{"id":9930,"date":"2025-10-09T00:00:00","date_gmt":"2025-10-08T22:00:00","guid":{"rendered":"https:\/\/yotavis.ch\/product\/ms46322b-043\/"},"modified":"2026-04-24T13:38:01","modified_gmt":"2026-04-24T11:38:01","slug":"ms46322b-043","status":"publish","type":"product","link":"https:\/\/yotavis.ch\/fr\/produit\/ms46322b-043\/","title":{"rendered":"MS46322B-043"},"content":{"rendered":"<p>Le VNA MS46322B-043 ShockLine\u2122 Economy d'Anritsu fonctionne avec une fr\u00e9quence maximale de 43,5 GHz et une fr\u00e9quence minimale de 1 MHz. Il pr\u00e9sente une plage dynamique de 100 dB, permettant une mesure pr\u00e9cise des signaux sur toute sa plage de fr\u00e9quences. L'appareil est \u00e9quip\u00e9 de deux ports, ce qui facilite les diff\u00e9rentes configurations de test. Con\u00e7u comme un instrument de table, il n'est pas portatif, ce qui indique qu'il convient aux environnements de laboratoire ou de production. Les sp\u00e9cifications de la gamme de fr\u00e9quences et de la gamme dynamique le rendent adapt\u00e9 \u00e0 une large gamme d'applications d'analyse de r\u00e9seaux vectoriels. Ce mod\u00e8le fait partie de la s\u00e9rie ShockLine\u2122 d'Anritsu, connue pour son souci d'\u00e9conomie et de performance dans le cadre de ses capacit\u00e9s de fr\u00e9quence.<\/p>","protected":false},"excerpt":{"rendered":"<p>ShockLine\u2122 Economy VNA 43,5GHz<\/p>","protected":false},"featured_media":10268,"comment_status":"closed","ping_status":"closed","template":"","meta":{"_acf_changed":false,"slim_seo":{"title":"MS46322B-043 - YOTAVIS AG","description":"ShockLine\u2122 Economy VNA 43,5GHz"}},"product_brand":[758],"product_cat":[523,525],"product_tag":[],"class_list":{"0":"post-9930","1":"product","2":"type-product","3":"status-publish","4":"has-post-thumbnail","6":"product_brand-anritsu","7":"product_cat-analyser","8":"product_cat-vna","9":"pa_dynamic-range-db-253","10":"pa_frequency-max-mhz-785","11":"pa_frequency-min-hz-767","12":"pa_handheld-no","13":"pa_ports-188","15":"first","16":"instock","17":"taxable","18":"shipping-taxable","19":"product-type-simple"},"acf":[],"_links":{"self":[{"href":"https:\/\/yotavis.ch\/fr\/wp-json\/wp\/v2\/product\/9930","targetHints":{"allow":["GET"]}}],"collection":[{"href":"https:\/\/yotavis.ch\/fr\/wp-json\/wp\/v2\/product"}],"about":[{"href":"https:\/\/yotavis.ch\/fr\/wp-json\/wp\/v2\/types\/product"}],"replies":[{"embeddable":true,"href":"https:\/\/yotavis.ch\/fr\/wp-json\/wp\/v2\/comments?post=9930"}],"wp:featuredmedia":[{"embeddable":true,"href":"https:\/\/yotavis.ch\/fr\/wp-json\/wp\/v2\/media\/10268"}],"wp:attachment":[{"href":"https:\/\/yotavis.ch\/fr\/wp-json\/wp\/v2\/media?parent=9930"}],"wp:term":[{"taxonomy":"product_brand","embeddable":true,"href":"https:\/\/yotavis.ch\/fr\/wp-json\/wp\/v2\/product_brand?post=9930"},{"taxonomy":"product_cat","embeddable":true,"href":"https:\/\/yotavis.ch\/fr\/wp-json\/wp\/v2\/product_cat?post=9930"},{"taxonomy":"product_tag","embeddable":true,"href":"https:\/\/yotavis.ch\/fr\/wp-json\/wp\/v2\/product_tag?post=9930"}],"curies":[{"name":"wp","href":"https:\/\/api.w.org\/{rel}","templated":true}]}}