{"id":9931,"date":"2025-10-09T00:00:00","date_gmt":"2025-10-08T22:00:00","guid":{"rendered":"https:\/\/yotavis.ch\/product\/ms46522b-010\/"},"modified":"2026-04-24T13:38:01","modified_gmt":"2026-04-24T11:38:01","slug":"ms46522b-010","status":"publish","type":"product","link":"https:\/\/yotavis.ch\/fr\/produit\/ms46522b-010\/","title":{"rendered":"MS46522B-010"},"content":{"rendered":"<p>Le VNA MS46522B-010 ShockLine\u2122 2-Port d'Anritsu fonctionne avec une fr\u00e9quence maximale de 8,5 GHz et une fr\u00e9quence minimale de 50 kHz, offrant une plage dynamique de 140 dB. Cet analyseur de r\u00e9seau vectoriel est dot\u00e9 de deux ports, ce qui permet des capacit\u00e9s de test et de mesure compl\u00e8tes. Il est con\u00e7u comme un instrument de table plut\u00f4t que comme un appareil portable. L'appareil prend en charge une large gamme de fr\u00e9quences convenant \u00e0 diverses applications n\u00e9cessitant une analyse pr\u00e9cise du r\u00e9seau. Sa plage dynamique de 140 dB permet de mesurer avec pr\u00e9cision l'intensit\u00e9 et la qualit\u00e9 du signal sur l'ensemble du spectre de fr\u00e9quences sp\u00e9cifi\u00e9. La s\u00e9rie ShockLine\u2122 est connue pour sa fiabilit\u00e9 et sa pr\u00e9cision dans les t\u00e2ches d'analyse de r\u00e9seau. Ce mod\u00e8le fait partie de la gamme d'\u00e9quipements de test avanc\u00e9s d'Anritsu adapt\u00e9s aux environnements de test RF et micro-ondes.<\/p>","protected":false},"excerpt":{"rendered":"<p>ShockLine\u2122 2-Port VNA 8,5GHz<\/p>","protected":false},"featured_media":10273,"comment_status":"closed","ping_status":"closed","template":"","meta":{"_acf_changed":false,"slim_seo":{"title":"MS46522B-010 - YOTAVIS AG","description":"ShockLine\u2122 2-Port VNA 8,5GHz"}},"product_brand":[758],"product_cat":[523,525],"product_tag":[],"class_list":{"0":"post-9931","1":"product","2":"type-product","3":"status-publish","4":"has-post-thumbnail","6":"product_brand-anritsu","7":"product_cat-analyser","8":"product_cat-vna","9":"pa_dynamic-range-db-815","10":"pa_frequency-max-mhz-463","11":"pa_frequency-min-hz-814","12":"pa_handheld-no","13":"pa_ports-188","15":"first","16":"instock","17":"taxable","18":"shipping-taxable","19":"product-type-simple"},"acf":[],"_links":{"self":[{"href":"https:\/\/yotavis.ch\/fr\/wp-json\/wp\/v2\/product\/9931","targetHints":{"allow":["GET"]}}],"collection":[{"href":"https:\/\/yotavis.ch\/fr\/wp-json\/wp\/v2\/product"}],"about":[{"href":"https:\/\/yotavis.ch\/fr\/wp-json\/wp\/v2\/types\/product"}],"replies":[{"embeddable":true,"href":"https:\/\/yotavis.ch\/fr\/wp-json\/wp\/v2\/comments?post=9931"}],"wp:featuredmedia":[{"embeddable":true,"href":"https:\/\/yotavis.ch\/fr\/wp-json\/wp\/v2\/media\/10273"}],"wp:attachment":[{"href":"https:\/\/yotavis.ch\/fr\/wp-json\/wp\/v2\/media?parent=9931"}],"wp:term":[{"taxonomy":"product_brand","embeddable":true,"href":"https:\/\/yotavis.ch\/fr\/wp-json\/wp\/v2\/product_brand?post=9931"},{"taxonomy":"product_cat","embeddable":true,"href":"https:\/\/yotavis.ch\/fr\/wp-json\/wp\/v2\/product_cat?post=9931"},{"taxonomy":"product_tag","embeddable":true,"href":"https:\/\/yotavis.ch\/fr\/wp-json\/wp\/v2\/product_tag?post=9931"}],"curies":[{"name":"wp","href":"https:\/\/api.w.org\/{rel}","templated":true}]}}