{"id":9932,"date":"2025-10-09T00:00:00","date_gmt":"2025-10-08T22:00:00","guid":{"rendered":"https:\/\/yotavis.ch\/product\/ms46522b-020\/"},"modified":"2026-04-24T13:38:01","modified_gmt":"2026-04-24T11:38:01","slug":"ms46522b-020","status":"publish","type":"product","link":"https:\/\/yotavis.ch\/fr\/produit\/ms46522b-020\/","title":{"rendered":"MS46522B-020"},"content":{"rendered":"<p>Le MS46522B-020 ShockLine\u2122 2-Port VNA 20GHz d'Anritsu fonctionne dans une gamme de fr\u00e9quences allant de 50 000 Hz \u00e0 20 000 MHz. Il est dot\u00e9 de deux ports et offre une plage dynamique de 140 dB. Cet appareil n'est pas portatif, ce qui indique qu'il est con\u00e7u pour une utilisation sur table ou dans une installation fixe. Le mod\u00e8le fait partie de la s\u00e9rie ShockLine\u2122, connue pour ses capacit\u00e9s d'analyse de r\u00e9seaux vectoriels. Les sp\u00e9cifications de fr\u00e9quence soulignent son ad\u00e9quation aux applications de test \u00e0 haute fr\u00e9quence jusqu'\u00e0 20 GHz. La plage dynamique de 140 dB permet de mesurer avec pr\u00e9cision l'intensit\u00e9 du signal sur un large spectre. La configuration \u00e0 deux ports prend en charge une vari\u00e9t\u00e9 de t\u00e2ches d'analyse de r\u00e9seau, ce qui en fait un instrument polyvalent pour les environnements de test RF et micro-ondes.<\/p>","protected":false},"excerpt":{"rendered":"<p>ShockLine\u2122 2-Port VNA 20GHz<\/p>","protected":false},"featured_media":10273,"comment_status":"closed","ping_status":"closed","template":"","meta":{"_acf_changed":false,"slim_seo":{"title":"MS46522B-020 - YOTAVIS AG","description":"ShockLine\u2122 2-Port VNA 20GHz"}},"product_brand":[758],"product_cat":[523,525],"product_tag":[],"class_list":{"0":"post-9932","1":"product","2":"type-product","3":"status-publish","4":"has-post-thumbnail","6":"product_brand-anritsu","7":"product_cat-analyser","8":"product_cat-vna","9":"pa_dynamic-range-db-815","10":"pa_frequency-max-mhz-467","11":"pa_frequency-min-hz-814","12":"pa_handheld-no","13":"pa_ports-188","15":"first","16":"instock","17":"taxable","18":"shipping-taxable","19":"product-type-simple"},"acf":[],"_links":{"self":[{"href":"https:\/\/yotavis.ch\/fr\/wp-json\/wp\/v2\/product\/9932","targetHints":{"allow":["GET"]}}],"collection":[{"href":"https:\/\/yotavis.ch\/fr\/wp-json\/wp\/v2\/product"}],"about":[{"href":"https:\/\/yotavis.ch\/fr\/wp-json\/wp\/v2\/types\/product"}],"replies":[{"embeddable":true,"href":"https:\/\/yotavis.ch\/fr\/wp-json\/wp\/v2\/comments?post=9932"}],"wp:featuredmedia":[{"embeddable":true,"href":"https:\/\/yotavis.ch\/fr\/wp-json\/wp\/v2\/media\/10273"}],"wp:attachment":[{"href":"https:\/\/yotavis.ch\/fr\/wp-json\/wp\/v2\/media?parent=9932"}],"wp:term":[{"taxonomy":"product_brand","embeddable":true,"href":"https:\/\/yotavis.ch\/fr\/wp-json\/wp\/v2\/product_brand?post=9932"},{"taxonomy":"product_cat","embeddable":true,"href":"https:\/\/yotavis.ch\/fr\/wp-json\/wp\/v2\/product_cat?post=9932"},{"taxonomy":"product_tag","embeddable":true,"href":"https:\/\/yotavis.ch\/fr\/wp-json\/wp\/v2\/product_tag?post=9932"}],"curies":[{"name":"wp","href":"https:\/\/api.w.org\/{rel}","templated":true}]}}