{"id":9934,"date":"2025-10-09T00:00:00","date_gmt":"2025-10-08T22:00:00","guid":{"rendered":"https:\/\/yotavis.ch\/product\/ms46522b-082\/"},"modified":"2026-04-24T13:38:02","modified_gmt":"2026-04-24T11:38:02","slug":"ms46522b-082","status":"publish","type":"product","link":"https:\/\/yotavis.ch\/fr\/produit\/ms46522b-082\/","title":{"rendered":"MS46522B-082"},"content":{"rendered":"<p>Le VNA MS46522B-082 ShockLine\u2122 2-Port dispose d'une gamme de fr\u00e9quences allant de 55 GHz \u00e0 92 GHz, permettant des mesures \u00e0 haute fr\u00e9quence dans ce spectre. Il est \u00e9quip\u00e9 de deux ports, ce qui permet des configurations de test polyvalentes. Ce mod\u00e8le est con\u00e7u sans capacit\u00e9 portative, ce qui indique qu'il est destin\u00e9 \u00e0 une utilisation stationnaire. L'appareil fait partie de la gamme de marques Anritsu, connue pour ses instruments de mesure de pr\u00e9cision. Les c\u00e2bles d'un m\u00e8tre fournis avec le VNA facilitent la connectivit\u00e9 et la flexibilit\u00e9 de la configuration. La s\u00e9rie ShockLine\u2122 est adapt\u00e9e aux applications d'analyse de r\u00e9seaux vectoriels, prenant en charge la caract\u00e9risation d\u00e9taill\u00e9e des signaux aux fr\u00e9quences d'ondes millim\u00e9triques. Ce produit convient aux environnements n\u00e9cessitant une analyse pr\u00e9cise et fiable des r\u00e9seaux \u00e0 haute fr\u00e9quence.<\/p>","protected":false},"excerpt":{"rendered":"<p>ShockLine\u2122 2-Port VNA 92GHz one meter tethers<\/p>","protected":false},"featured_media":10273,"comment_status":"closed","ping_status":"closed","template":"","meta":{"_acf_changed":false,"slim_seo":{"title":"MS46522B-082 - YOTAVIS AG","description":"ShockLine\u2122 2-Port VNA 92GHz one meter tethers"}},"product_brand":[758],"product_cat":[523,525],"product_tag":[],"class_list":{"0":"post-9934","1":"product","2":"type-product","3":"status-publish","4":"has-post-thumbnail","6":"product_brand-anritsu","7":"product_cat-analyser","8":"product_cat-vna","9":"pa_frequency-max-mhz-816","10":"pa_frequency-min-hz-817","11":"pa_handheld-no","12":"pa_ports-188","14":"first","15":"instock","16":"taxable","17":"shipping-taxable","18":"product-type-simple"},"acf":[],"_links":{"self":[{"href":"https:\/\/yotavis.ch\/fr\/wp-json\/wp\/v2\/product\/9934","targetHints":{"allow":["GET"]}}],"collection":[{"href":"https:\/\/yotavis.ch\/fr\/wp-json\/wp\/v2\/product"}],"about":[{"href":"https:\/\/yotavis.ch\/fr\/wp-json\/wp\/v2\/types\/product"}],"replies":[{"embeddable":true,"href":"https:\/\/yotavis.ch\/fr\/wp-json\/wp\/v2\/comments?post=9934"}],"wp:featuredmedia":[{"embeddable":true,"href":"https:\/\/yotavis.ch\/fr\/wp-json\/wp\/v2\/media\/10273"}],"wp:attachment":[{"href":"https:\/\/yotavis.ch\/fr\/wp-json\/wp\/v2\/media?parent=9934"}],"wp:term":[{"taxonomy":"product_brand","embeddable":true,"href":"https:\/\/yotavis.ch\/fr\/wp-json\/wp\/v2\/product_brand?post=9934"},{"taxonomy":"product_cat","embeddable":true,"href":"https:\/\/yotavis.ch\/fr\/wp-json\/wp\/v2\/product_cat?post=9934"},{"taxonomy":"product_tag","embeddable":true,"href":"https:\/\/yotavis.ch\/fr\/wp-json\/wp\/v2\/product_tag?post=9934"}],"curies":[{"name":"wp","href":"https:\/\/api.w.org\/{rel}","templated":true}]}}