{"id":9936,"date":"2025-10-09T00:00:00","date_gmt":"2025-10-08T22:00:00","guid":{"rendered":"https:\/\/yotavis.ch\/product\/ms46524b-010\/"},"modified":"2026-04-24T13:38:03","modified_gmt":"2026-04-24T11:38:03","slug":"ms46524b-010","status":"publish","type":"product","link":"https:\/\/yotavis.ch\/fr\/produit\/ms46524b-010\/","title":{"rendered":"MS46524B-010"},"content":{"rendered":"<p>Le VNA MS46524B-010 ShockLine\u2122 4-Port d'Anritsu fonctionne avec une fr\u00e9quence maximale de 8,5 GHz et une fr\u00e9quence minimale de 50 kHz. Il est dot\u00e9 de quatre ports, ce qui permet des configurations de mesure polyvalentes. L'appareil offre une plage dynamique de 140 dB, prenant en charge l'analyse pr\u00e9cise des signaux sur toute sa plage de fr\u00e9quences. Con\u00e7u comme un instrument de table, il n'est pas portatif, ce qui indique qu'il convient aux environnements de laboratoire ou de production. Le VNA fait partie de la s\u00e9rie ShockLine\u2122, connue pour ses performances robustes en mati\u00e8re d'analyse de r\u00e9seaux vectoriels. Sa gamme de fr\u00e9quences et son nombre de ports le rendent applicable \u00e0 une vari\u00e9t\u00e9 de sc\u00e9narios de tests RF et micro-ondes. Le num\u00e9ro de mod\u00e8le MS46524B-010 identifie cette configuration sp\u00e9cifique au sein de la gamme de produits Anritsu.<\/p>","protected":false},"excerpt":{"rendered":"<p>ShockLine\u2122 4-Port VNA 8,5GHz<\/p>","protected":false},"featured_media":10276,"comment_status":"closed","ping_status":"closed","template":"","meta":{"_acf_changed":false,"slim_seo":{"title":"MS46524B-010 - YOTAVIS AG","description":"ShockLine\u2122 4-Port VNA 8,5GHz"}},"product_brand":[758],"product_cat":[523,525],"product_tag":[],"class_list":{"0":"post-9936","1":"product","2":"type-product","3":"status-publish","4":"has-post-thumbnail","6":"product_brand-anritsu","7":"product_cat-analyser","8":"product_cat-vna","9":"pa_dynamic-range-db-815","10":"pa_frequency-max-mhz-463","11":"pa_frequency-min-hz-814","12":"pa_handheld-no","13":"pa_ports-249","15":"first","16":"instock","17":"taxable","18":"shipping-taxable","19":"product-type-simple"},"acf":[],"_links":{"self":[{"href":"https:\/\/yotavis.ch\/fr\/wp-json\/wp\/v2\/product\/9936","targetHints":{"allow":["GET"]}}],"collection":[{"href":"https:\/\/yotavis.ch\/fr\/wp-json\/wp\/v2\/product"}],"about":[{"href":"https:\/\/yotavis.ch\/fr\/wp-json\/wp\/v2\/types\/product"}],"replies":[{"embeddable":true,"href":"https:\/\/yotavis.ch\/fr\/wp-json\/wp\/v2\/comments?post=9936"}],"wp:featuredmedia":[{"embeddable":true,"href":"https:\/\/yotavis.ch\/fr\/wp-json\/wp\/v2\/media\/10276"}],"wp:attachment":[{"href":"https:\/\/yotavis.ch\/fr\/wp-json\/wp\/v2\/media?parent=9936"}],"wp:term":[{"taxonomy":"product_brand","embeddable":true,"href":"https:\/\/yotavis.ch\/fr\/wp-json\/wp\/v2\/product_brand?post=9936"},{"taxonomy":"product_cat","embeddable":true,"href":"https:\/\/yotavis.ch\/fr\/wp-json\/wp\/v2\/product_cat?post=9936"},{"taxonomy":"product_tag","embeddable":true,"href":"https:\/\/yotavis.ch\/fr\/wp-json\/wp\/v2\/product_tag?post=9936"}],"curies":[{"name":"wp","href":"https:\/\/api.w.org\/{rel}","templated":true}]}}