{"id":9937,"date":"2025-10-09T00:00:00","date_gmt":"2025-10-08T22:00:00","guid":{"rendered":"https:\/\/yotavis.ch\/product\/ms46524b-020\/"},"modified":"2026-04-24T13:38:03","modified_gmt":"2026-04-24T11:38:03","slug":"ms46524b-020","status":"publish","type":"product","link":"https:\/\/yotavis.ch\/fr\/produit\/ms46524b-020\/","title":{"rendered":"MS46524B-020"},"content":{"rendered":"<p>Le VNA Anritsu MS46524B-020 ShockLine\u2122 4-Port fonctionne avec une gamme de fr\u00e9quences allant de 50 kHz \u00e0 20 GHz, offrant une plage dynamique de 140 dB. Cet analyseur de r\u00e9seau vectoriel est dot\u00e9 de quatre ports, ce qui permet d'effectuer des mesures multiport compl\u00e8tes. Con\u00e7u pour une utilisation sur table, il n'est pas portable. L'appareil prend en charge les tests haute fr\u00e9quence jusqu'\u00e0 20 GHz, ce qui le rend adapt\u00e9 \u00e0 une vari\u00e9t\u00e9 d'applications RF et micro-ondes. Sa large gamme dynamique permet une analyse pr\u00e9cise des signaux sur un large spectre. La s\u00e9rie ShockLine est connue pour ses performances robustes dans les t\u00e2ches d'analyse de r\u00e9seau. Ce mod\u00e8le fait partie de la gamme d'\u00e9quipements de test avanc\u00e9s d'Anritsu destin\u00e9s \u00e0 la caract\u00e9risation d\u00e9taill\u00e9e des signaux.<\/p>","protected":false},"excerpt":{"rendered":"<p>ShockLine\u2122 4-Port VNA 20GHz<\/p>","protected":false},"featured_media":10276,"comment_status":"closed","ping_status":"closed","template":"","meta":{"_acf_changed":false,"slim_seo":{"title":"MS46524B-020 - YOTAVIS AG","description":"ShockLine\u2122 4-Port VNA 20GHz"}},"product_brand":[758],"product_cat":[523,525],"product_tag":[],"class_list":{"0":"post-9937","1":"product","2":"type-product","3":"status-publish","4":"has-post-thumbnail","6":"product_brand-anritsu","7":"product_cat-analyser","8":"product_cat-vna","9":"pa_dynamic-range-db-815","10":"pa_frequency-max-mhz-467","11":"pa_frequency-min-hz-814","12":"pa_handheld-no","13":"pa_ports-249","15":"first","16":"instock","17":"taxable","18":"shipping-taxable","19":"product-type-simple"},"acf":[],"_links":{"self":[{"href":"https:\/\/yotavis.ch\/fr\/wp-json\/wp\/v2\/product\/9937","targetHints":{"allow":["GET"]}}],"collection":[{"href":"https:\/\/yotavis.ch\/fr\/wp-json\/wp\/v2\/product"}],"about":[{"href":"https:\/\/yotavis.ch\/fr\/wp-json\/wp\/v2\/types\/product"}],"replies":[{"embeddable":true,"href":"https:\/\/yotavis.ch\/fr\/wp-json\/wp\/v2\/comments?post=9937"}],"wp:featuredmedia":[{"embeddable":true,"href":"https:\/\/yotavis.ch\/fr\/wp-json\/wp\/v2\/media\/10276"}],"wp:attachment":[{"href":"https:\/\/yotavis.ch\/fr\/wp-json\/wp\/v2\/media?parent=9937"}],"wp:term":[{"taxonomy":"product_brand","embeddable":true,"href":"https:\/\/yotavis.ch\/fr\/wp-json\/wp\/v2\/product_brand?post=9937"},{"taxonomy":"product_cat","embeddable":true,"href":"https:\/\/yotavis.ch\/fr\/wp-json\/wp\/v2\/product_cat?post=9937"},{"taxonomy":"product_tag","embeddable":true,"href":"https:\/\/yotavis.ch\/fr\/wp-json\/wp\/v2\/product_tag?post=9937"}],"curies":[{"name":"wp","href":"https:\/\/api.w.org\/{rel}","templated":true}]}}