{"id":9939,"date":"2025-10-09T00:00:00","date_gmt":"2025-10-08T22:00:00","guid":{"rendered":"https:\/\/yotavis.ch\/product\/ms2024b\/"},"modified":"2026-04-24T13:38:04","modified_gmt":"2026-04-24T11:38:04","slug":"ms2024b","status":"publish","type":"product","link":"https:\/\/yotavis.ch\/fr\/produit\/ms2024b\/","title":{"rendered":"MS2024B"},"content":{"rendered":"<p>L'Anritsu MS2024B est un analyseur de r\u00e9seau vectoriel portable avec une fr\u00e9quence maximale de 4 GHz, con\u00e7u pour une utilisation portable. Il est dot\u00e9 de deux ports et offre une plage dynamique de 100 dB, permettant une analyse d\u00e9taill\u00e9e des signaux dans sa gamme de fr\u00e9quences de 500 kHz \u00e0 4 GHz. Cet appareil est compact et convient aux applications sur le terrain o\u00f9 la portabilit\u00e9 est essentielle. Sa conception permet d'effectuer des mesures efficaces sans n\u00e9cessiter d'installation ou d'\u00e9quipement suppl\u00e9mentaire. Le MS2024B est con\u00e7u pour fournir des performances fiables dans divers environnements de test, ce qui en fait un outil pratique pour les professionnels n\u00e9cessitant une analyse de fr\u00e9quence jusqu'\u00e0 4 GHz. Son format portable am\u00e9liore la facilit\u00e9 d'utilisation dans divers sc\u00e9narios, permettant un fonctionnement pratique en d\u00e9placement.<\/p>","protected":false},"excerpt":{"rendered":"<p>VNA 4GHz abordable et portable<\/p>","protected":false},"featured_media":10281,"comment_status":"closed","ping_status":"closed","template":"","meta":{"_acf_changed":false,"slim_seo":{"title":"MS2024B - YOTAVIS AG","description":"VNA 4GHz abordable et portable"}},"product_brand":[758],"product_cat":[523,525],"product_tag":[],"class_list":{"0":"post-9939","1":"product","2":"type-product","3":"status-publish","4":"has-post-thumbnail","6":"product_brand-anritsu","7":"product_cat-analyser","8":"product_cat-vna","9":"pa_dynamic-range-db-253","10":"pa_frequency-max-mhz-773","11":"pa_frequency-min-hz-818","12":"pa_handheld-yes","13":"pa_ports-188","15":"first","16":"instock","17":"taxable","18":"shipping-taxable","19":"product-type-simple"},"acf":[],"_links":{"self":[{"href":"https:\/\/yotavis.ch\/fr\/wp-json\/wp\/v2\/product\/9939","targetHints":{"allow":["GET"]}}],"collection":[{"href":"https:\/\/yotavis.ch\/fr\/wp-json\/wp\/v2\/product"}],"about":[{"href":"https:\/\/yotavis.ch\/fr\/wp-json\/wp\/v2\/types\/product"}],"replies":[{"embeddable":true,"href":"https:\/\/yotavis.ch\/fr\/wp-json\/wp\/v2\/comments?post=9939"}],"wp:featuredmedia":[{"embeddable":true,"href":"https:\/\/yotavis.ch\/fr\/wp-json\/wp\/v2\/media\/10281"}],"wp:attachment":[{"href":"https:\/\/yotavis.ch\/fr\/wp-json\/wp\/v2\/media?parent=9939"}],"wp:term":[{"taxonomy":"product_brand","embeddable":true,"href":"https:\/\/yotavis.ch\/fr\/wp-json\/wp\/v2\/product_brand?post=9939"},{"taxonomy":"product_cat","embeddable":true,"href":"https:\/\/yotavis.ch\/fr\/wp-json\/wp\/v2\/product_cat?post=9939"},{"taxonomy":"product_tag","embeddable":true,"href":"https:\/\/yotavis.ch\/fr\/wp-json\/wp\/v2\/product_tag?post=9939"}],"curies":[{"name":"wp","href":"https:\/\/api.w.org\/{rel}","templated":true}]}}