{"id":9940,"date":"2025-10-09T00:00:00","date_gmt":"2025-10-08T22:00:00","guid":{"rendered":"https:\/\/yotavis.ch\/product\/ms2025b\/"},"modified":"2026-04-24T13:38:04","modified_gmt":"2026-04-24T11:38:04","slug":"ms2025b","status":"publish","type":"product","link":"https:\/\/yotavis.ch\/fr\/produit\/ms2025b\/","title":{"rendered":"MS2025B"},"content":{"rendered":"<p>L'Anritsu MS2025B est un analyseur de r\u00e9seau vectoriel portatif con\u00e7u pour \u00eatre portable et abordable, fonctionnant jusqu'\u00e0 une fr\u00e9quence maximale de 6 GHz. Il couvre une gamme de fr\u00e9quences \u00e0 partir de 500 kHz, ce qui le rend adapt\u00e9 \u00e0 une vari\u00e9t\u00e9 d'applications de mesure dans ce spectre. L'appareil est dot\u00e9 de deux ports, ce qui permet des configurations de test polyvalentes. Il offre une plage dynamique de 100 dB, ce qui permet une analyse pr\u00e9cise des signaux sur l'ensemble de ses fr\u00e9quences de fonctionnement. La conception compacte et portable du MS2025B le rend pratique pour l'utilisation sur le terrain et les tests sur site. Son format portable assure une facilit\u00e9 d'utilisation dans divers environnements o\u00f9 l'espace et la mobilit\u00e9 sont importants. Ce mod\u00e8le fait partie de la gamme de produits Anritsu, r\u00e9put\u00e9e pour la pr\u00e9cision et la fiabilit\u00e9 de ses instruments de mesure \u00e9lectroniques.<\/p>","protected":false},"excerpt":{"rendered":"<p>VNA abordable et portable 6GHz<\/p>","protected":false},"featured_media":10287,"comment_status":"closed","ping_status":"closed","template":"","meta":{"_acf_changed":false,"slim_seo":{"title":"MS2025B - YOTAVIS AG","description":"VNA abordable et portable 6GHz"}},"product_brand":[758],"product_cat":[523,525],"product_tag":[],"class_list":{"0":"post-9940","1":"product","2":"type-product","3":"status-publish","4":"has-post-thumbnail","6":"product_brand-anritsu","7":"product_cat-analyser","8":"product_cat-vna","9":"pa_dynamic-range-db-253","10":"pa_frequency-max-mhz-647","11":"pa_frequency-min-hz-818","12":"pa_handheld-yes","13":"pa_ports-188","15":"first","16":"instock","17":"taxable","18":"shipping-taxable","19":"product-type-simple"},"acf":[],"_links":{"self":[{"href":"https:\/\/yotavis.ch\/fr\/wp-json\/wp\/v2\/product\/9940","targetHints":{"allow":["GET"]}}],"collection":[{"href":"https:\/\/yotavis.ch\/fr\/wp-json\/wp\/v2\/product"}],"about":[{"href":"https:\/\/yotavis.ch\/fr\/wp-json\/wp\/v2\/types\/product"}],"replies":[{"embeddable":true,"href":"https:\/\/yotavis.ch\/fr\/wp-json\/wp\/v2\/comments?post=9940"}],"wp:featuredmedia":[{"embeddable":true,"href":"https:\/\/yotavis.ch\/fr\/wp-json\/wp\/v2\/media\/10287"}],"wp:attachment":[{"href":"https:\/\/yotavis.ch\/fr\/wp-json\/wp\/v2\/media?parent=9940"}],"wp:term":[{"taxonomy":"product_brand","embeddable":true,"href":"https:\/\/yotavis.ch\/fr\/wp-json\/wp\/v2\/product_brand?post=9940"},{"taxonomy":"product_cat","embeddable":true,"href":"https:\/\/yotavis.ch\/fr\/wp-json\/wp\/v2\/product_cat?post=9940"},{"taxonomy":"product_tag","embeddable":true,"href":"https:\/\/yotavis.ch\/fr\/wp-json\/wp\/v2\/product_tag?post=9940"}],"curies":[{"name":"wp","href":"https:\/\/api.w.org\/{rel}","templated":true}]}}